{"id":16520,"date":"2022-07-13T11:02:56","date_gmt":"2022-07-13T03:02:56","guid":{"rendered":"https:\/\/www.ybj-printing.com\/?post_type=product&#038;p=16520"},"modified":"2022-07-13T11:04:25","modified_gmt":"2022-07-13T03:04:25","slug":"cuaderno-de-practicas-de-magia-para-ninos","status":"publish","type":"product","link":"https:\/\/www.ybj-printing.com\/es\/impresion\/cuaderno-de-practicas-de-magia-para-ninos\/","title":{"rendered":"Cuaderno de pr\u00e1cticas de magia para ni\u00f1os que se limpia con un pa\u00f1o"},"content":{"rendered":"","protected":false},"excerpt":{"rendered":"<p>\u00bfA tus hijos les encanta practicar la escritura? Con nuestros cuadernos reutilizables para trazar n\u00fameros y letras, \u00a1podr\u00e1n practicar siempre que quieran! Cada p\u00e1gina tiene ranuras para guiarles con los trazos adecuados de letras y n\u00fameros. Pueden explorar los n\u00fameros, las letras, las habilidades matem\u00e1ticas e incluso el dibujo libre. Es una forma divertida de aprender y una manera estupenda de desarrollar su motricidad fina. Y no te preocupes si se acaban las p\u00e1ginas: la tinta desaparece gradualmente para que puedan utilizar cada libro una y otra vez. \u00a1Que empiece la diversi\u00f3n!<\/p>\n<p>Lo m\u00e1s destacado:<br \/>\nAyude a su hijo a reconocer los n\u00fameros y las letras y a mejorar su motricidad fina.<br \/>\nUna divertida herramienta de aprendizaje que los ni\u00f1os est\u00e1n deseando utilizar.\t<\/p>","protected":false},"featured_media":16521,"template":"","meta":{"_acf_changed":false},"product_brand":[],"product_cat":[92],"product_tag":[],"class_list":{"0":"post-16520","1":"product","2":"type-product","3":"status-publish","4":"has-post-thumbnail","6":"product_cat-childrens-book-printing","7":"sales-flash-overlay","8":"woocommerce-text-align-center","9":"woocommerce-image-align-center","10":"do-quantity-buttons","11":"wc-has-gallery","13":"first","14":"instock","15":"shipping-taxable","16":"product-type-simple"},"acf":[],"yoast_head":"<!-- This site is optimized with the Yoast SEO plugin v25.8 - https:\/\/yoast.com\/wordpress\/plugins\/seo\/ -->\n<title>Wipe-clean Magic Practice Copybook for Kids - YBJ Book Printing<\/title>\n<meta name=\"robots\" content=\"index, follow, max-snippet:-1, max-image-preview:large, max-video-preview:-1\" \/>\n<link rel=\"canonical\" href=\"https:\/\/www.ybj-printing.com\/es\/impresion\/cuaderno-de-practicas-de-magia-para-ninos\/\" \/>\n<meta property=\"og:locale\" content=\"es_ES\" \/>\n<meta property=\"og:type\" content=\"article\" \/>\n<meta property=\"og:title\" content=\"Wipe-clean Magic Practice Copybook for Kids - YBJ Book Printing\" \/>\n<meta property=\"og:description\" content=\"Do your kids love practicing their handwriting? With our reusable number and letter tracing books, they can practice anytime they want! Each page has grooves to help guide them with the proper letter and number strokes. They can explore numbers, letters, math skills, and even free-drawing. It is a fun way to learn and a great way to develop their fine motor skills. And don&#039;t worry about running out of pages - the ink gradually disappears so they can use each book again and again. So bring on the learning fun!  Highlights: Help your child recognize numbers and letters and improve their fine motor skills. A fun learning tool that kids can&#039;t wait to use!\" \/>\n<meta property=\"og:url\" content=\"https:\/\/www.ybj-printing.com\/es\/impresion\/cuaderno-de-practicas-de-magia-para-ninos\/\" \/>\n<meta property=\"og:site_name\" content=\"YBJ Book Printing\" \/>\n<meta property=\"article:publisher\" content=\"https:\/\/www.facebook.com\/YBJPrinting\/\" \/>\n<meta property=\"article:modified_time\" content=\"2022-07-13T03:04:25+00:00\" \/>\n<meta property=\"og:image\" content=\"https:\/\/www.ybj-printing.com\/wp-content\/uploads\/Wipe-clean-Magic-Practice-Copybook-for-Kids-1.jpg\" \/>\n\t<meta property=\"og:image:width\" content=\"1000\" \/>\n\t<meta property=\"og:image:height\" content=\"1000\" \/>\n\t<meta property=\"og:image:type\" content=\"image\/jpeg\" \/>\n<meta name=\"twitter:card\" content=\"summary_large_image\" \/>\n<script type=\"application\/ld+json\" class=\"yoast-schema-graph\">{\"@context\":\"https:\/\/schema.org\",\"@graph\":[{\"@type\":\"WebPage\",\"@id\":\"https:\/\/www.ybj-printing.com\/printing\/wipe-clean-magic-practice-copybook-for-kids\/\",\"url\":\"https:\/\/www.ybj-printing.com\/printing\/wipe-clean-magic-practice-copybook-for-kids\/\",\"name\":\"Wipe-clean Magic Practice Copybook for Kids - YBJ Book Printing\",\"isPartOf\":{\"@id\":\"https:\/\/www.ybj-printing.com\/#website\"},\"primaryImageOfPage\":{\"@id\":\"https:\/\/www.ybj-printing.com\/printing\/wipe-clean-magic-practice-copybook-for-kids\/#primaryimage\"},\"image\":{\"@id\":\"https:\/\/www.ybj-printing.com\/printing\/wipe-clean-magic-practice-copybook-for-kids\/#primaryimage\"},\"thumbnailUrl\":\"https:\/\/www.ybj-printing.com\/wp-content\/uploads\/Wipe-clean-Magic-Practice-Copybook-for-Kids-1.jpg\",\"datePublished\":\"2022-07-13T03:02:56+00:00\",\"dateModified\":\"2022-07-13T03:04:25+00:00\",\"breadcrumb\":{\"@id\":\"https:\/\/www.ybj-printing.com\/printing\/wipe-clean-magic-practice-copybook-for-kids\/#breadcrumb\"},\"inLanguage\":\"es-ES\",\"potentialAction\":[{\"@type\":\"ReadAction\",\"target\":[\"https:\/\/www.ybj-printing.com\/printing\/wipe-clean-magic-practice-copybook-for-kids\/\"]}]},{\"@type\":\"ImageObject\",\"inLanguage\":\"es-ES\",\"@id\":\"https:\/\/www.ybj-printing.com\/printing\/wipe-clean-magic-practice-copybook-for-kids\/#primaryimage\",\"url\":\"https:\/\/www.ybj-printing.com\/wp-content\/uploads\/Wipe-clean-Magic-Practice-Copybook-for-Kids-1.jpg\",\"contentUrl\":\"https:\/\/www.ybj-printing.com\/wp-content\/uploads\/Wipe-clean-Magic-Practice-Copybook-for-Kids-1.jpg\",\"width\":1000,\"height\":1000},{\"@type\":\"BreadcrumbList\",\"@id\":\"https:\/\/www.ybj-printing.com\/printing\/wipe-clean-magic-practice-copybook-for-kids\/#breadcrumb\",\"itemListElement\":[{\"@type\":\"ListItem\",\"position\":1,\"name\":\"Home\",\"item\":\"https:\/\/www.ybj-printing.com\/\"},{\"@type\":\"ListItem\",\"position\":2,\"name\":\"Products\",\"item\":\"https:\/\/www.ybj-printing.com\/shop\/\"},{\"@type\":\"ListItem\",\"position\":3,\"name\":\"Wipe-clean Magic Practice Copybook for Kids\"}]},{\"@type\":\"WebSite\",\"@id\":\"https:\/\/www.ybj-printing.com\/#website\",\"url\":\"https:\/\/www.ybj-printing.com\/\",\"name\":\"YBJ Book Printing\",\"description\":\"China Book Printing Factory\",\"publisher\":{\"@id\":\"https:\/\/www.ybj-printing.com\/#organization\"},\"alternateName\":\"YBJ Printing\",\"potentialAction\":[{\"@type\":\"SearchAction\",\"target\":{\"@type\":\"EntryPoint\",\"urlTemplate\":\"https:\/\/www.ybj-printing.com\/?s={search_term_string}\"},\"query-input\":{\"@type\":\"PropertyValueSpecification\",\"valueRequired\":true,\"valueName\":\"search_term_string\"}}],\"inLanguage\":\"es-ES\"},{\"@type\":\"Organization\",\"@id\":\"https:\/\/www.ybj-printing.com\/#organization\",\"name\":\"YBJ Book Printing\",\"alternateName\":\"YBJ Printing\",\"url\":\"https:\/\/www.ybj-printing.com\/\",\"logo\":{\"@type\":\"ImageObject\",\"inLanguage\":\"es-ES\",\"@id\":\"https:\/\/www.ybj-printing.com\/#\/schema\/logo\/image\/\",\"url\":\"https:\/\/www.ybj-printing.com\/wp-content\/uploads\/2023\/11\/ybj-logo-old.png\",\"contentUrl\":\"https:\/\/www.ybj-printing.com\/wp-content\/uploads\/2023\/11\/ybj-logo-old.png\",\"width\":504,\"height\":279,\"caption\":\"YBJ Book Printing\"},\"image\":{\"@id\":\"https:\/\/www.ybj-printing.com\/#\/schema\/logo\/image\/\"},\"sameAs\":[\"https:\/\/www.facebook.com\/YBJPrinting\/\",\"https:\/\/www.youtube.com\/channel\/UClmcORiaLAYlsSEdkNZfCMA\/\"]}]}<\/script>\n<!-- \/ Yoast SEO plugin. -->","yoast_head_json":{"title":"Wipe-clean Magic Practice Copybook for Kids - YBJ Book Printing","robots":{"index":"index","follow":"follow","max-snippet":"max-snippet:-1","max-image-preview":"max-image-preview:large","max-video-preview":"max-video-preview:-1"},"canonical":"https:\/\/www.ybj-printing.com\/es\/impresion\/cuaderno-de-practicas-de-magia-para-ninos\/","og_locale":"es_ES","og_type":"article","og_title":"Wipe-clean Magic Practice Copybook for Kids - YBJ Book Printing","og_description":"Do your kids love practicing their handwriting? With our reusable number and letter tracing books, they can practice anytime they want! Each page has grooves to help guide them with the proper letter and number strokes. They can explore numbers, letters, math skills, and even free-drawing. It is a fun way to learn and a great way to develop their fine motor skills. And don't worry about running out of pages - the ink gradually disappears so they can use each book again and again. So bring on the learning fun!  Highlights: Help your child recognize numbers and letters and improve their fine motor skills. A fun learning tool that kids can't wait to use!","og_url":"https:\/\/www.ybj-printing.com\/es\/impresion\/cuaderno-de-practicas-de-magia-para-ninos\/","og_site_name":"YBJ Book Printing","article_publisher":"https:\/\/www.facebook.com\/YBJPrinting\/","article_modified_time":"2022-07-13T03:04:25+00:00","og_image":[{"width":1000,"height":1000,"url":"https:\/\/www.ybj-printing.com\/wp-content\/uploads\/Wipe-clean-Magic-Practice-Copybook-for-Kids-1.jpg","type":"image\/jpeg"}],"twitter_card":"summary_large_image","schema":{"@context":"https:\/\/schema.org","@graph":[{"@type":"WebPage","@id":"https:\/\/www.ybj-printing.com\/printing\/wipe-clean-magic-practice-copybook-for-kids\/","url":"https:\/\/www.ybj-printing.com\/printing\/wipe-clean-magic-practice-copybook-for-kids\/","name":"Wipe-clean Magic Practice Copybook for Kids - YBJ Book Printing","isPartOf":{"@id":"https:\/\/www.ybj-printing.com\/#website"},"primaryImageOfPage":{"@id":"https:\/\/www.ybj-printing.com\/printing\/wipe-clean-magic-practice-copybook-for-kids\/#primaryimage"},"image":{"@id":"https:\/\/www.ybj-printing.com\/printing\/wipe-clean-magic-practice-copybook-for-kids\/#primaryimage"},"thumbnailUrl":"https:\/\/www.ybj-printing.com\/wp-content\/uploads\/Wipe-clean-Magic-Practice-Copybook-for-Kids-1.jpg","datePublished":"2022-07-13T03:02:56+00:00","dateModified":"2022-07-13T03:04:25+00:00","breadcrumb":{"@id":"https:\/\/www.ybj-printing.com\/printing\/wipe-clean-magic-practice-copybook-for-kids\/#breadcrumb"},"inLanguage":"es-ES","potentialAction":[{"@type":"ReadAction","target":["https:\/\/www.ybj-printing.com\/printing\/wipe-clean-magic-practice-copybook-for-kids\/"]}]},{"@type":"ImageObject","inLanguage":"es-ES","@id":"https:\/\/www.ybj-printing.com\/printing\/wipe-clean-magic-practice-copybook-for-kids\/#primaryimage","url":"https:\/\/www.ybj-printing.com\/wp-content\/uploads\/Wipe-clean-Magic-Practice-Copybook-for-Kids-1.jpg","contentUrl":"https:\/\/www.ybj-printing.com\/wp-content\/uploads\/Wipe-clean-Magic-Practice-Copybook-for-Kids-1.jpg","width":1000,"height":1000},{"@type":"BreadcrumbList","@id":"https:\/\/www.ybj-printing.com\/printing\/wipe-clean-magic-practice-copybook-for-kids\/#breadcrumb","itemListElement":[{"@type":"ListItem","position":1,"name":"Home","item":"https:\/\/www.ybj-printing.com\/"},{"@type":"ListItem","position":2,"name":"Products","item":"https:\/\/www.ybj-printing.com\/shop\/"},{"@type":"ListItem","position":3,"name":"Wipe-clean Magic Practice Copybook for Kids"}]},{"@type":"WebSite","@id":"https:\/\/www.ybj-printing.com\/#website","url":"https:\/\/www.ybj-printing.com\/","name":"YBJ Book Printing","description":"China Book Printing Factory","publisher":{"@id":"https:\/\/www.ybj-printing.com\/#organization"},"alternateName":"YBJ Printing","potentialAction":[{"@type":"SearchAction","target":{"@type":"EntryPoint","urlTemplate":"https:\/\/www.ybj-printing.com\/?s={search_term_string}"},"query-input":{"@type":"PropertyValueSpecification","valueRequired":true,"valueName":"search_term_string"}}],"inLanguage":"es-ES"},{"@type":"Organization","@id":"https:\/\/www.ybj-printing.com\/#organization","name":"YBJ Book Printing","alternateName":"YBJ Printing","url":"https:\/\/www.ybj-printing.com\/","logo":{"@type":"ImageObject","inLanguage":"es-ES","@id":"https:\/\/www.ybj-printing.com\/#\/schema\/logo\/image\/","url":"https:\/\/www.ybj-printing.com\/wp-content\/uploads\/2023\/11\/ybj-logo-old.png","contentUrl":"https:\/\/www.ybj-printing.com\/wp-content\/uploads\/2023\/11\/ybj-logo-old.png","width":504,"height":279,"caption":"YBJ Book Printing"},"image":{"@id":"https:\/\/www.ybj-printing.com\/#\/schema\/logo\/image\/"},"sameAs":["https:\/\/www.facebook.com\/YBJPrinting\/","https:\/\/www.youtube.com\/channel\/UClmcORiaLAYlsSEdkNZfCMA\/"]}]}},"_links":{"self":[{"href":"https:\/\/www.ybj-printing.com\/es\/wp-json\/wp\/v2\/product\/16520","targetHints":{"allow":["GET"]}}],"collection":[{"href":"https:\/\/www.ybj-printing.com\/es\/wp-json\/wp\/v2\/product"}],"about":[{"href":"https:\/\/www.ybj-printing.com\/es\/wp-json\/wp\/v2\/types\/product"}],"wp:featuredmedia":[{"embeddable":true,"href":"https:\/\/www.ybj-printing.com\/es\/wp-json\/wp\/v2\/media\/16521"}],"wp:attachment":[{"href":"https:\/\/www.ybj-printing.com\/es\/wp-json\/wp\/v2\/media?parent=16520"}],"wp:term":[{"taxonomy":"product_brand","embeddable":true,"href":"https:\/\/www.ybj-printing.com\/es\/wp-json\/wp\/v2\/product_brand?post=16520"},{"taxonomy":"product_cat","embeddable":true,"href":"https:\/\/www.ybj-printing.com\/es\/wp-json\/wp\/v2\/product_cat?post=16520"},{"taxonomy":"product_tag","embeddable":true,"href":"https:\/\/www.ybj-printing.com\/es\/wp-json\/wp\/v2\/product_tag?post=16520"}],"curies":[{"name":"wp","href":"https:\/\/api.w.org\/{rel}","templated":true}]}}