{"id":32910,"date":"2026-01-16T11:59:41","date_gmt":"2026-01-16T03:59:41","guid":{"rendered":"https:\/\/www.ybj-printing.com\/?post_type=product&#038;p=32910"},"modified":"2026-01-16T11:59:48","modified_gmt":"2026-01-16T03:59:48","slug":"diario-de-tapas-duras-de-imitacion-de-cuero-con-estampado-dorado","status":"publish","type":"product","link":"https:\/\/www.ybj-printing.com\/es\/impresion\/diario-de-tapas-duras-de-imitacion-de-cuero-con-estampado-dorado\/","title":{"rendered":"Cuaderno de tapa dura de piel sint\u00e9tica con estampado en oro"},"content":{"rendered":"<h2>Fabricaci\u00f3n de cuadernos personalizados de alta calidad<\/h2>\n<p>Mejore su l\u00ednea de papeler\u00eda con nuestro Cuaderno de tapa dura de piel sint\u00e9tica. Fabricado por YBJ Book Printing, este cuaderno combina durabilidad y atractivo est\u00e9tico, por lo que es una opci\u00f3n ideal para agendas personalizadas, diarios y cuadernos corporativos de primera calidad. La construcci\u00f3n se centra en la longevidad y la experiencia del usuario, garantizando un producto que destaca en el competitivo mercado de la papeler\u00eda.<\/p>\n<h3>Exquisito acabado de la cubierta<\/h3>\n<p>El exterior presenta una cubierta dura y duradera envuelta en piel sint\u00e9tica (PU) de primera calidad, que ofrece el aspecto y el tacto sofisticados de la piel aut\u00e9ntica, pero sin crueldad. La cubierta est\u00e1 acabada con un estampado dorado de precisi\u00f3n que proporciona un contraste met\u00e1lico n\u00edtido con la textura mate de la piel. Esta opci\u00f3n de personalizaci\u00f3n permite a\u00f1adir marcas, logotipos o motivos decorativos que captan la luz y transmiten calidad.<\/p>\n<h3>Optimizado para Bullet Journaling<\/h3>\n<p>Inside, the notebook is fitted with 120gsm off-white paper. This paper weight is specifically chosen for bullet journaling enthusiasts who use fountain pens, markers, and heavy inks. The high opacity ensures minimal ghosting and zero bleed-through. The pages feature a subtle 5mm dot grid pattern, providing guidance for drawing charts and layouts without overpowering the user&#039;s content.<\/p>\n<h3>Encuadernaci\u00f3n y montaje profesionales<\/h3>\n<p>La funcionalidad es clave para el uso diario. Nuestros cuadernos utilizan encuadernaci\u00f3n cosida por secciones (cosido Smyth), lo que permite que el libro quede completamente plano cuando est\u00e1 abierto. Esta caracter\u00edstica es esencial para artistas y planificadores que trabajan a doble p\u00e1gina. Otras caracter\u00edsticas est\u00e1ndar disponibles para pedidos personalizados son:<\/p>\n<ul>\n<li>Cinta el\u00e1stica de cierre a juego con el color de la funda.<\/li>\n<li>Marcador de cinta para facilitar la navegaci\u00f3n por las p\u00e1ginas.<\/li>\n<li>Bolsillo trasero expandible para guardar notas sueltas y pegatinas.<\/li>\n<li>Esquinas redondeadas para evitar el desgaste durante el transporte.<\/li>\n<\/ul>\n<h3>Especificaciones del producto<\/h3>\n<ul>\n<li><strong>Tama\u00f1o:<\/strong> A5 (148 mm x 210 mm) o tama\u00f1os personalizados disponibles.<\/li>\n<li><strong>Tapa:<\/strong> Tapa dura, cuero PU con cart\u00f3n gris de 2 mm.<\/li>\n<li><strong>Gramaje del papel:<\/strong> Papel no estucado sin madera de 120 g\/m\u00b2.<\/li>\n<li><strong>N\u00famero de p\u00e1ginas:<\/strong> Est\u00e1ndar de 160 p\u00e1ginas (80 hojas) o personalizable.<\/li>\n<li><strong>Imprimiendo:<\/strong> 1C\/1C (cuadr\u00edcula de puntos) o todo color personalizado.<\/li>\n<li><strong>Acabado superficial:<\/strong> Estampaci\u00f3n en oro\/plata\/oro rosa, gofrado disponible.<\/li>\n<\/ul>","protected":false},"excerpt":{"rendered":"<p>Cree una experiencia de escritura de primera calidad con este diario de tapa dura de imitaci\u00f3n de cuero, dise\u00f1ado para marcas de papeler\u00eda y regalos de empresa. Este cuaderno presenta una cubierta de piel de PU t\u00e1ctil realzada con un elegante estampado dorado.<\/p>\n<ul>\n<li><strong>Material de la cubierta:<\/strong> Piel sint\u00e9tica vegana (PU) de alta calidad con tablero de tapa dura.<\/li>\n<li><strong>Calidad del papel:<\/strong> El papel sin madera de 120 g\/m\u00b2 evita que la tinta se corra y que se formen fantasmas.<\/li>\n<li><strong>Disposici\u00f3n:<\/strong> Cuadr\u00edcula de puntos est\u00e1ndar de 5 mm perfecta para el bullet journaling y la planificaci\u00f3n.<\/li>\n<li><strong>Encuadernaci\u00f3n:<\/strong> Encuadernaci\u00f3n plana cosida con hilo para escribir c\u00f3modamente a lo largo de los pliegos.<\/li>\n<\/ul>","protected":false},"featured_media":32899,"template":"","meta":{"_acf_changed":false},"product_brand":[],"product_cat":[118],"product_tag":[367,371,370,368,369,373,372],"class_list":{"0":"post-32910","1":"product","2":"type-product","3":"status-publish","4":"has-post-thumbnail","6":"product_cat-leather-notebook-printing","7":"product_tag-bullet-journal","8":"product_tag-custom-planner","9":"product_tag-dot-grid","10":"product_tag-faux-leather-notebook","11":"product_tag-gold-foil-stamping","12":"product_tag-hardcover-diary","13":"product_tag-stationery-printing","14":"sales-flash-overlay","15":"woocommerce-text-align-center","16":"woocommerce-image-align-center","17":"do-quantity-buttons","18":"wc-has-gallery","20":"first","21":"instock","22":"shipping-taxable","23":"product-type-simple"},"acf":[],"yoast_head":"<!-- This site is optimized with the Yoast SEO plugin v25.8 - https:\/\/yoast.com\/wordpress\/plugins\/seo\/ -->\n<title>Hardcover Faux Leather Bullet Journal | Custom Gold Foil Notebook<\/title>\n<meta name=\"description\" content=\"Premium faux leather bullet journal printing with gold foil stamping. 120gsm dot grid paper, lay-flat binding. Custom notebook manufacturing by YBJ.\" \/>\n<meta name=\"robots\" content=\"index, follow, max-snippet:-1, max-image-preview:large, max-video-preview:-1\" \/>\n<link rel=\"canonical\" href=\"https:\/\/www.ybj-printing.com\/es\/impresion\/diario-de-tapas-duras-de-imitacion-de-cuero-con-estampado-dorado\/\" \/>\n<meta property=\"og:locale\" content=\"es_ES\" \/>\n<meta property=\"og:type\" content=\"article\" \/>\n<meta property=\"og:title\" content=\"Custom Hardcover Faux Leather Bullet Journal with Gold Foil Stamping\" \/>\n<meta property=\"og:description\" content=\"High-quality custom printed bullet journals featuring 120gsm no-bleed paper, vegan leather covers, and gold foil detailing. Perfect for bulk stationery orders.\" \/>\n<meta property=\"og:url\" content=\"https:\/\/www.ybj-printing.com\/es\/impresion\/diario-de-tapas-duras-de-imitacion-de-cuero-con-estampado-dorado\/\" \/>\n<meta property=\"og:site_name\" content=\"YBJ Book Printing\" \/>\n<meta property=\"article:publisher\" content=\"https:\/\/www.facebook.com\/YBJPrinting\/\" \/>\n<meta property=\"article:modified_time\" content=\"2026-01-16T03:59:48+00:00\" \/>\n<meta property=\"og:image\" content=\"https:\/\/www.ybj-printing.com\/wp-content\/uploads\/2026\/01\/yapg-hardcover-faux-leather-bullet-journal-with-gold-foil-stamping-20260116-034947.png\" \/>\n\t<meta property=\"og:image:width\" content=\"1024\" \/>\n\t<meta property=\"og:image:height\" content=\"1024\" \/>\n\t<meta property=\"og:image:type\" content=\"image\/png\" \/>\n<meta name=\"twitter:card\" content=\"summary_large_image\" \/>\n<meta name=\"twitter:label1\" content=\"Est. reading time\" \/>\n\t<meta name=\"twitter:data1\" content=\"2 minutes\" \/>\n<script type=\"application\/ld+json\" class=\"yoast-schema-graph\">{\"@context\":\"https:\/\/schema.org\",\"@graph\":[{\"@type\":\"WebPage\",\"@id\":\"https:\/\/www.ybj-printing.com\/printing\/hardcover-faux-leather-bullet-journal-gold-foil\/\",\"url\":\"https:\/\/www.ybj-printing.com\/printing\/hardcover-faux-leather-bullet-journal-gold-foil\/\",\"name\":\"Hardcover Faux Leather Bullet Journal | Custom Gold Foil Notebook\",\"isPartOf\":{\"@id\":\"https:\/\/www.ybj-printing.com\/#website\"},\"primaryImageOfPage\":{\"@id\":\"https:\/\/www.ybj-printing.com\/printing\/hardcover-faux-leather-bullet-journal-gold-foil\/#primaryimage\"},\"image\":{\"@id\":\"https:\/\/www.ybj-printing.com\/printing\/hardcover-faux-leather-bullet-journal-gold-foil\/#primaryimage\"},\"thumbnailUrl\":\"https:\/\/www.ybj-printing.com\/wp-content\/uploads\/2026\/01\/yapg-hardcover-faux-leather-bullet-journal-with-gold-foil-stamping-20260116-034947.png\",\"datePublished\":\"2026-01-16T03:59:41+00:00\",\"dateModified\":\"2026-01-16T03:59:48+00:00\",\"description\":\"Premium faux leather bullet journal printing with gold foil stamping. 120gsm dot grid paper, lay-flat binding. Custom notebook manufacturing by YBJ.\",\"breadcrumb\":{\"@id\":\"https:\/\/www.ybj-printing.com\/printing\/hardcover-faux-leather-bullet-journal-gold-foil\/#breadcrumb\"},\"inLanguage\":\"es-ES\",\"potentialAction\":[{\"@type\":\"ReadAction\",\"target\":[\"https:\/\/www.ybj-printing.com\/printing\/hardcover-faux-leather-bullet-journal-gold-foil\/\"]}]},{\"@type\":\"ImageObject\",\"inLanguage\":\"es-ES\",\"@id\":\"https:\/\/www.ybj-printing.com\/printing\/hardcover-faux-leather-bullet-journal-gold-foil\/#primaryimage\",\"url\":\"https:\/\/www.ybj-printing.com\/wp-content\/uploads\/2026\/01\/yapg-hardcover-faux-leather-bullet-journal-with-gold-foil-stamping-20260116-034947.png\",\"contentUrl\":\"https:\/\/www.ybj-printing.com\/wp-content\/uploads\/2026\/01\/yapg-hardcover-faux-leather-bullet-journal-with-gold-foil-stamping-20260116-034947.png\",\"width\":1024,\"height\":1024,\"caption\":\"Hardcover Faux Leather Bullet Journal with Gold Foil Stamping\"},{\"@type\":\"BreadcrumbList\",\"@id\":\"https:\/\/www.ybj-printing.com\/printing\/hardcover-faux-leather-bullet-journal-gold-foil\/#breadcrumb\",\"itemListElement\":[{\"@type\":\"ListItem\",\"position\":1,\"name\":\"Home\",\"item\":\"https:\/\/www.ybj-printing.com\/\"},{\"@type\":\"ListItem\",\"position\":2,\"name\":\"Products\",\"item\":\"https:\/\/www.ybj-printing.com\/shop\/\"},{\"@type\":\"ListItem\",\"position\":3,\"name\":\"Custom Hardcover Faux Leather Bullet Journal with Gold Foil Stamping\"}]},{\"@type\":\"WebSite\",\"@id\":\"https:\/\/www.ybj-printing.com\/#website\",\"url\":\"https:\/\/www.ybj-printing.com\/\",\"name\":\"YBJ Book Printing\",\"description\":\"China Book Printing Factory\",\"publisher\":{\"@id\":\"https:\/\/www.ybj-printing.com\/#organization\"},\"alternateName\":\"YBJ Printing\",\"potentialAction\":[{\"@type\":\"SearchAction\",\"target\":{\"@type\":\"EntryPoint\",\"urlTemplate\":\"https:\/\/www.ybj-printing.com\/?s={search_term_string}\"},\"query-input\":{\"@type\":\"PropertyValueSpecification\",\"valueRequired\":true,\"valueName\":\"search_term_string\"}}],\"inLanguage\":\"es-ES\"},{\"@type\":\"Organization\",\"@id\":\"https:\/\/www.ybj-printing.com\/#organization\",\"name\":\"YBJ Book Printing\",\"alternateName\":\"YBJ Printing\",\"url\":\"https:\/\/www.ybj-printing.com\/\",\"logo\":{\"@type\":\"ImageObject\",\"inLanguage\":\"es-ES\",\"@id\":\"https:\/\/www.ybj-printing.com\/#\/schema\/logo\/image\/\",\"url\":\"https:\/\/www.ybj-printing.com\/wp-content\/uploads\/2023\/11\/ybj-logo-old.png\",\"contentUrl\":\"https:\/\/www.ybj-printing.com\/wp-content\/uploads\/2023\/11\/ybj-logo-old.png\",\"width\":504,\"height\":279,\"caption\":\"YBJ Book Printing\"},\"image\":{\"@id\":\"https:\/\/www.ybj-printing.com\/#\/schema\/logo\/image\/\"},\"sameAs\":[\"https:\/\/www.facebook.com\/YBJPrinting\/\",\"https:\/\/www.youtube.com\/channel\/UClmcORiaLAYlsSEdkNZfCMA\/\"]}]}<\/script>\n<!-- \/ Yoast SEO plugin. -->","yoast_head_json":{"title":"Hardcover Faux Leather Bullet Journal | Custom Gold Foil Notebook","description":"Premium faux leather bullet journal printing with gold foil stamping. 120gsm dot grid paper, lay-flat binding. Custom notebook manufacturing by YBJ.","robots":{"index":"index","follow":"follow","max-snippet":"max-snippet:-1","max-image-preview":"max-image-preview:large","max-video-preview":"max-video-preview:-1"},"canonical":"https:\/\/www.ybj-printing.com\/es\/impresion\/diario-de-tapas-duras-de-imitacion-de-cuero-con-estampado-dorado\/","og_locale":"es_ES","og_type":"article","og_title":"Custom Hardcover Faux Leather Bullet Journal with Gold Foil Stamping","og_description":"High-quality custom printed bullet journals featuring 120gsm no-bleed paper, vegan leather covers, and gold foil detailing. Perfect for bulk stationery orders.","og_url":"https:\/\/www.ybj-printing.com\/es\/impresion\/diario-de-tapas-duras-de-imitacion-de-cuero-con-estampado-dorado\/","og_site_name":"YBJ Book Printing","article_publisher":"https:\/\/www.facebook.com\/YBJPrinting\/","article_modified_time":"2026-01-16T03:59:48+00:00","og_image":[{"width":1024,"height":1024,"url":"https:\/\/www.ybj-printing.com\/wp-content\/uploads\/2026\/01\/yapg-hardcover-faux-leather-bullet-journal-with-gold-foil-stamping-20260116-034947.png","type":"image\/png"}],"twitter_card":"summary_large_image","twitter_misc":{"Est. reading time":"2 minutes"},"schema":{"@context":"https:\/\/schema.org","@graph":[{"@type":"WebPage","@id":"https:\/\/www.ybj-printing.com\/printing\/hardcover-faux-leather-bullet-journal-gold-foil\/","url":"https:\/\/www.ybj-printing.com\/printing\/hardcover-faux-leather-bullet-journal-gold-foil\/","name":"Hardcover Faux Leather Bullet Journal | Custom Gold Foil Notebook","isPartOf":{"@id":"https:\/\/www.ybj-printing.com\/#website"},"primaryImageOfPage":{"@id":"https:\/\/www.ybj-printing.com\/printing\/hardcover-faux-leather-bullet-journal-gold-foil\/#primaryimage"},"image":{"@id":"https:\/\/www.ybj-printing.com\/printing\/hardcover-faux-leather-bullet-journal-gold-foil\/#primaryimage"},"thumbnailUrl":"https:\/\/www.ybj-printing.com\/wp-content\/uploads\/2026\/01\/yapg-hardcover-faux-leather-bullet-journal-with-gold-foil-stamping-20260116-034947.png","datePublished":"2026-01-16T03:59:41+00:00","dateModified":"2026-01-16T03:59:48+00:00","description":"Premium faux leather bullet journal printing with gold foil stamping. 120gsm dot grid paper, lay-flat binding. Custom notebook manufacturing by YBJ.","breadcrumb":{"@id":"https:\/\/www.ybj-printing.com\/printing\/hardcover-faux-leather-bullet-journal-gold-foil\/#breadcrumb"},"inLanguage":"es-ES","potentialAction":[{"@type":"ReadAction","target":["https:\/\/www.ybj-printing.com\/printing\/hardcover-faux-leather-bullet-journal-gold-foil\/"]}]},{"@type":"ImageObject","inLanguage":"es-ES","@id":"https:\/\/www.ybj-printing.com\/printing\/hardcover-faux-leather-bullet-journal-gold-foil\/#primaryimage","url":"https:\/\/www.ybj-printing.com\/wp-content\/uploads\/2026\/01\/yapg-hardcover-faux-leather-bullet-journal-with-gold-foil-stamping-20260116-034947.png","contentUrl":"https:\/\/www.ybj-printing.com\/wp-content\/uploads\/2026\/01\/yapg-hardcover-faux-leather-bullet-journal-with-gold-foil-stamping-20260116-034947.png","width":1024,"height":1024,"caption":"Hardcover Faux Leather Bullet Journal with Gold Foil Stamping"},{"@type":"BreadcrumbList","@id":"https:\/\/www.ybj-printing.com\/printing\/hardcover-faux-leather-bullet-journal-gold-foil\/#breadcrumb","itemListElement":[{"@type":"ListItem","position":1,"name":"Home","item":"https:\/\/www.ybj-printing.com\/"},{"@type":"ListItem","position":2,"name":"Products","item":"https:\/\/www.ybj-printing.com\/shop\/"},{"@type":"ListItem","position":3,"name":"Custom Hardcover Faux Leather Bullet Journal with Gold Foil Stamping"}]},{"@type":"WebSite","@id":"https:\/\/www.ybj-printing.com\/#website","url":"https:\/\/www.ybj-printing.com\/","name":"YBJ Book Printing","description":"China Book Printing Factory","publisher":{"@id":"https:\/\/www.ybj-printing.com\/#organization"},"alternateName":"YBJ Printing","potentialAction":[{"@type":"SearchAction","target":{"@type":"EntryPoint","urlTemplate":"https:\/\/www.ybj-printing.com\/?s={search_term_string}"},"query-input":{"@type":"PropertyValueSpecification","valueRequired":true,"valueName":"search_term_string"}}],"inLanguage":"es-ES"},{"@type":"Organization","@id":"https:\/\/www.ybj-printing.com\/#organization","name":"YBJ Book Printing","alternateName":"YBJ Printing","url":"https:\/\/www.ybj-printing.com\/","logo":{"@type":"ImageObject","inLanguage":"es-ES","@id":"https:\/\/www.ybj-printing.com\/#\/schema\/logo\/image\/","url":"https:\/\/www.ybj-printing.com\/wp-content\/uploads\/2023\/11\/ybj-logo-old.png","contentUrl":"https:\/\/www.ybj-printing.com\/wp-content\/uploads\/2023\/11\/ybj-logo-old.png","width":504,"height":279,"caption":"YBJ Book Printing"},"image":{"@id":"https:\/\/www.ybj-printing.com\/#\/schema\/logo\/image\/"},"sameAs":["https:\/\/www.facebook.com\/YBJPrinting\/","https:\/\/www.youtube.com\/channel\/UClmcORiaLAYlsSEdkNZfCMA\/"]}]}},"_links":{"self":[{"href":"https:\/\/www.ybj-printing.com\/es\/wp-json\/wp\/v2\/product\/32910","targetHints":{"allow":["GET"]}}],"collection":[{"href":"https:\/\/www.ybj-printing.com\/es\/wp-json\/wp\/v2\/product"}],"about":[{"href":"https:\/\/www.ybj-printing.com\/es\/wp-json\/wp\/v2\/types\/product"}],"wp:featuredmedia":[{"embeddable":true,"href":"https:\/\/www.ybj-printing.com\/es\/wp-json\/wp\/v2\/media\/32899"}],"wp:attachment":[{"href":"https:\/\/www.ybj-printing.com\/es\/wp-json\/wp\/v2\/media?parent=32910"}],"wp:term":[{"taxonomy":"product_brand","embeddable":true,"href":"https:\/\/www.ybj-printing.com\/es\/wp-json\/wp\/v2\/product_brand?post=32910"},{"taxonomy":"product_cat","embeddable":true,"href":"https:\/\/www.ybj-printing.com\/es\/wp-json\/wp\/v2\/product_cat?post=32910"},{"taxonomy":"product_tag","embeddable":true,"href":"https:\/\/www.ybj-printing.com\/es\/wp-json\/wp\/v2\/product_tag?post=32910"}],"curies":[{"name":"wp","href":"https:\/\/api.w.org\/{rel}","templated":true}]}}