{"id":32914,"date":"2026-01-16T12:00:48","date_gmt":"2026-01-16T04:00:48","guid":{"rendered":"https:\/\/www.ybj-printing.com\/?post_type=product&#038;p=32914"},"modified":"2026-01-16T12:00:48","modified_gmt":"2026-01-16T04:00:48","slug":"cuaderno-corporativo-de-piel-de-pu-gofrada-personalizada","status":"publish","type":"product","link":"https:\/\/www.ybj-printing.com\/es\/impresion\/cuaderno-corporativo-de-piel-de-pu-gofrada-personalizada\/","title":{"rendered":"Cuaderno de notas de cuero PU gofrado personalizado - A5 Corporate Meeting Journal"},"content":{"rendered":"<h2>Soluciones profesionales de papeler\u00eda corporativa<\/h2>\n<p>Cause una impresi\u00f3n duradera en su pr\u00f3xima conferencia o reuni\u00f3n de la junta directiva con nuestros cuadernos de piel de PU con gofrado personalizado. Fabricados por YBJ Book Printing, estos cuadernos est\u00e1n dise\u00f1ados para servir como herramientas pr\u00e1cticas de oficina y como eficaces activos de marca. La sensaci\u00f3n t\u00e1ctil de la cubierta de cuero PU ofrece la sofisticaci\u00f3n del cuero genuino sin dejar de ser rentable para los pedidos corporativos a granel.<\/p>\n<h2>Personalizaci\u00f3n y marca premium<\/h2>\n<p>Your brand identity is central to this product&#8217;s design. We specialize in <strong>gofrado ciego<\/strong>Una t\u00e9cnica que presiona su logotipo en el material de la cubierta para crear una impresi\u00f3n hundida permanente. El resultado es un acabado sutil de alta calidad que no se desvanece con el tiempo. El estampado tambi\u00e9n est\u00e1 disponible para logotipos que requieran un toque met\u00e1lico.<\/p>\n<h3>Dise\u00f1o funcional para empresas<\/h3>\n<p>Dise\u00f1ado para el profesional ocupado, este cuaderno de reuniones incluye funciones esenciales para mantener las notas organizadas:<\/p>\n<ul>\n<li><strong>Cierre el\u00e1stico seguro:<\/strong> Mantiene el cuaderno cerrado y las p\u00e1ginas protegidas durante los desplazamientos o viajes.<\/li>\n<li><strong>Pen Loop:<\/strong> Permite tener siempre a mano un instrumento de escritura.<\/li>\n<li><strong>Marcador de cinta:<\/strong> Permite a los usuarios encontrar r\u00e1pidamente su lugar en el diario.<\/li>\n<li><strong>Encuadernaci\u00f3n Lay-Flat:<\/strong> La encuadernaci\u00f3n cosida con hilo permite que el libro quede plano sobre el escritorio para escribir c\u00f3modamente.<\/li>\n<\/ul>\n<h2>Especificaciones del producto<\/h2>\n<table style=\"width:100%\">\n<tbody>\n<tr>\n<td><strong>Material de cubierta<\/strong><\/td>\n<td>Cuero PU (poliuretano) de primera calidad<\/td>\n<\/tr>\n<tr>\n<td><strong>Tama\u00f1o est\u00e1ndar<\/strong><\/td>\n<td>A5 (148 x 210 mm)<\/td>\n<\/tr>\n<tr>\n<td><strong>Calidad del papel<\/strong><\/td>\n<td>80gsm &#8211; 100gsm Wood-free paper (Cream or White)<\/td>\n<\/tr>\n<tr>\n<td><strong>P\u00e1ginas interiores<\/strong><\/td>\n<td>Rayado, punteado, cuadr\u00edcula o en blanco (marca de agua personalizada disponible)<\/td>\n<\/tr>\n<tr>\n<td><strong>Encuadernaci\u00f3n<\/strong><\/td>\n<td>Cosido con hilo \/ Encuadernado perfecto<\/td>\n<\/tr>\n<tr>\n<td><strong>MOQ<\/strong><\/td>\n<td>P\u00f3ngase en contacto con nosotros para conocer los m\u00ednimos de impresi\u00f3n<\/td>\n<\/tr>\n<\/tbody>\n<\/table>\n<p>Ya se utilicen para notas internas del personal o como obsequio en ferias comerciales, estos cuadernos ofrecen una superficie de escritura fiable y una presentaci\u00f3n profesional de la imagen de su empresa.<\/p>","protected":false},"excerpt":{"rendered":"<p>Aumente la visibilidad de su marca con este cuaderno profesional de piel de PU con gofrado personalizado. Dise\u00f1ado para entornos corporativos, este diario A5 combina durabilidad con una est\u00e9tica premium.<\/p>\n<ul>\n<li><strong>Material de la cubierta:<\/strong> Piel de PU de alta calidad con posibilidad de gofrado personalizado.<\/li>\n<li><strong>Caracter\u00edsticas:<\/strong> Bucle para bol\u00edgrafo integrado, marcap\u00e1ginas de cinta y banda de cierre el\u00e1stica.<\/li>\n<li><strong>Tama\u00f1o:<\/strong> Dimensiones est\u00e1ndar A5 (148 mm x 210 mm) o personalizadas.<\/li>\n<li><strong>Uso:<\/strong> Ideal para conferencias, kits de incorporaci\u00f3n de empleados y regalos para clientes.<\/li>\n<\/ul>","protected":false},"featured_media":32897,"template":"","meta":{"_acf_changed":false},"product_brand":[],"product_cat":[118],"product_tag":[378,376,374,377,379,310,375],"class_list":{"0":"post-32914","1":"product","2":"type-product","3":"status-publish","4":"has-post-thumbnail","6":"product_cat-leather-notebook-printing","7":"product_tag-a5-notebook","8":"product_tag-business-notebook","9":"product_tag-corporate-stationery","10":"product_tag-custom-debossing","11":"product_tag-meeting-journal","12":"product_tag-office-supplies","13":"product_tag-pu-leather-journal","14":"sales-flash-overlay","15":"woocommerce-text-align-center","16":"woocommerce-image-align-center","17":"do-quantity-buttons","18":"wc-has-gallery","20":"first","21":"instock","22":"shipping-taxable","23":"product-type-simple"},"acf":[],"yoast_head":"<!-- This site is optimized with the Yoast SEO plugin v25.8 - https:\/\/yoast.com\/wordpress\/plugins\/seo\/ -->\n<title>Custom Debossed PU Leather Notebook | Corporate Meeting Journals<\/title>\n<meta name=\"description\" content=\"Elevate your brand with custom debossed PU leather notebooks. Features A5 size, pen loop, and elastic closure. Ideal for corporate meetings and gifts.\" \/>\n<meta name=\"robots\" content=\"index, follow, max-snippet:-1, max-image-preview:large, max-video-preview:-1\" \/>\n<link rel=\"canonical\" href=\"https:\/\/www.ybj-printing.com\/es\/impresion\/cuaderno-corporativo-de-piel-de-pu-gofrada-personalizada\/\" \/>\n<meta property=\"og:locale\" content=\"es_ES\" \/>\n<meta property=\"og:type\" content=\"article\" \/>\n<meta property=\"og:title\" content=\"Custom Debossed PU Leather Notebook \u2013 Corporate Edition\" \/>\n<meta property=\"og:description\" content=\"High-quality A5 business journals with logo debossing, pen loop, and elastic band. Perfect for corporate gifting.\" \/>\n<meta property=\"og:url\" content=\"https:\/\/www.ybj-printing.com\/es\/impresion\/cuaderno-corporativo-de-piel-de-pu-gofrada-personalizada\/\" \/>\n<meta property=\"og:site_name\" content=\"YBJ Book Printing\" \/>\n<meta property=\"article:publisher\" content=\"https:\/\/www.facebook.com\/YBJPrinting\/\" \/>\n<meta property=\"og:image\" content=\"https:\/\/www.ybj-printing.com\/wp-content\/uploads\/2026\/01\/yapg-custom-debossed-pu-leather-corporate-meeting-notebook-20260116-034908.png\" \/>\n\t<meta property=\"og:image:width\" content=\"1024\" \/>\n\t<meta property=\"og:image:height\" content=\"1024\" \/>\n\t<meta property=\"og:image:type\" content=\"image\/png\" \/>\n<meta name=\"twitter:card\" content=\"summary_large_image\" \/>\n<meta name=\"twitter:label1\" content=\"Est. reading time\" \/>\n\t<meta name=\"twitter:data1\" content=\"1 minute\" \/>\n<script type=\"application\/ld+json\" class=\"yoast-schema-graph\">{\"@context\":\"https:\/\/schema.org\",\"@graph\":[{\"@type\":\"WebPage\",\"@id\":\"https:\/\/www.ybj-printing.com\/printing\/custom-debossed-pu-leather-corporate-notebook\/\",\"url\":\"https:\/\/www.ybj-printing.com\/printing\/custom-debossed-pu-leather-corporate-notebook\/\",\"name\":\"Custom Debossed PU Leather Notebook | Corporate Meeting Journals\",\"isPartOf\":{\"@id\":\"https:\/\/www.ybj-printing.com\/#website\"},\"primaryImageOfPage\":{\"@id\":\"https:\/\/www.ybj-printing.com\/printing\/custom-debossed-pu-leather-corporate-notebook\/#primaryimage\"},\"image\":{\"@id\":\"https:\/\/www.ybj-printing.com\/printing\/custom-debossed-pu-leather-corporate-notebook\/#primaryimage\"},\"thumbnailUrl\":\"https:\/\/www.ybj-printing.com\/wp-content\/uploads\/2026\/01\/yapg-custom-debossed-pu-leather-corporate-meeting-notebook-20260116-034908.png\",\"datePublished\":\"2026-01-16T04:00:48+00:00\",\"description\":\"Elevate your brand with custom debossed PU leather notebooks. Features A5 size, pen loop, and elastic closure. Ideal for corporate meetings and gifts.\",\"breadcrumb\":{\"@id\":\"https:\/\/www.ybj-printing.com\/printing\/custom-debossed-pu-leather-corporate-notebook\/#breadcrumb\"},\"inLanguage\":\"es-ES\",\"potentialAction\":[{\"@type\":\"ReadAction\",\"target\":[\"https:\/\/www.ybj-printing.com\/printing\/custom-debossed-pu-leather-corporate-notebook\/\"]}]},{\"@type\":\"ImageObject\",\"inLanguage\":\"es-ES\",\"@id\":\"https:\/\/www.ybj-printing.com\/printing\/custom-debossed-pu-leather-corporate-notebook\/#primaryimage\",\"url\":\"https:\/\/www.ybj-printing.com\/wp-content\/uploads\/2026\/01\/yapg-custom-debossed-pu-leather-corporate-meeting-notebook-20260116-034908.png\",\"contentUrl\":\"https:\/\/www.ybj-printing.com\/wp-content\/uploads\/2026\/01\/yapg-custom-debossed-pu-leather-corporate-meeting-notebook-20260116-034908.png\",\"width\":1024,\"height\":1024,\"caption\":\"Custom Debossed PU Leather Corporate Meeting Notebook\"},{\"@type\":\"BreadcrumbList\",\"@id\":\"https:\/\/www.ybj-printing.com\/printing\/custom-debossed-pu-leather-corporate-notebook\/#breadcrumb\",\"itemListElement\":[{\"@type\":\"ListItem\",\"position\":1,\"name\":\"Home\",\"item\":\"https:\/\/www.ybj-printing.com\/\"},{\"@type\":\"ListItem\",\"position\":2,\"name\":\"Products\",\"item\":\"https:\/\/www.ybj-printing.com\/shop\/\"},{\"@type\":\"ListItem\",\"position\":3,\"name\":\"Custom Debossed PU Leather Notebook \u2013 A5 Corporate Meeting Journal\"}]},{\"@type\":\"WebSite\",\"@id\":\"https:\/\/www.ybj-printing.com\/#website\",\"url\":\"https:\/\/www.ybj-printing.com\/\",\"name\":\"YBJ Book Printing\",\"description\":\"China Book Printing Factory\",\"publisher\":{\"@id\":\"https:\/\/www.ybj-printing.com\/#organization\"},\"alternateName\":\"YBJ Printing\",\"potentialAction\":[{\"@type\":\"SearchAction\",\"target\":{\"@type\":\"EntryPoint\",\"urlTemplate\":\"https:\/\/www.ybj-printing.com\/?s={search_term_string}\"},\"query-input\":{\"@type\":\"PropertyValueSpecification\",\"valueRequired\":true,\"valueName\":\"search_term_string\"}}],\"inLanguage\":\"es-ES\"},{\"@type\":\"Organization\",\"@id\":\"https:\/\/www.ybj-printing.com\/#organization\",\"name\":\"YBJ Book Printing\",\"alternateName\":\"YBJ Printing\",\"url\":\"https:\/\/www.ybj-printing.com\/\",\"logo\":{\"@type\":\"ImageObject\",\"inLanguage\":\"es-ES\",\"@id\":\"https:\/\/www.ybj-printing.com\/#\/schema\/logo\/image\/\",\"url\":\"https:\/\/www.ybj-printing.com\/wp-content\/uploads\/2023\/11\/ybj-logo-old.png\",\"contentUrl\":\"https:\/\/www.ybj-printing.com\/wp-content\/uploads\/2023\/11\/ybj-logo-old.png\",\"width\":504,\"height\":279,\"caption\":\"YBJ Book Printing\"},\"image\":{\"@id\":\"https:\/\/www.ybj-printing.com\/#\/schema\/logo\/image\/\"},\"sameAs\":[\"https:\/\/www.facebook.com\/YBJPrinting\/\",\"https:\/\/www.youtube.com\/channel\/UClmcORiaLAYlsSEdkNZfCMA\/\"]}]}<\/script>\n<!-- \/ Yoast SEO plugin. -->","yoast_head_json":{"title":"Custom Debossed PU Leather Notebook | Corporate Meeting Journals","description":"Elevate your brand with custom debossed PU leather notebooks. Features A5 size, pen loop, and elastic closure. Ideal for corporate meetings and gifts.","robots":{"index":"index","follow":"follow","max-snippet":"max-snippet:-1","max-image-preview":"max-image-preview:large","max-video-preview":"max-video-preview:-1"},"canonical":"https:\/\/www.ybj-printing.com\/es\/impresion\/cuaderno-corporativo-de-piel-de-pu-gofrada-personalizada\/","og_locale":"es_ES","og_type":"article","og_title":"Custom Debossed PU Leather Notebook \u2013 Corporate Edition","og_description":"High-quality A5 business journals with logo debossing, pen loop, and elastic band. Perfect for corporate gifting.","og_url":"https:\/\/www.ybj-printing.com\/es\/impresion\/cuaderno-corporativo-de-piel-de-pu-gofrada-personalizada\/","og_site_name":"YBJ Book Printing","article_publisher":"https:\/\/www.facebook.com\/YBJPrinting\/","og_image":[{"width":1024,"height":1024,"url":"https:\/\/www.ybj-printing.com\/wp-content\/uploads\/2026\/01\/yapg-custom-debossed-pu-leather-corporate-meeting-notebook-20260116-034908.png","type":"image\/png"}],"twitter_card":"summary_large_image","twitter_misc":{"Est. reading time":"1 minute"},"schema":{"@context":"https:\/\/schema.org","@graph":[{"@type":"WebPage","@id":"https:\/\/www.ybj-printing.com\/printing\/custom-debossed-pu-leather-corporate-notebook\/","url":"https:\/\/www.ybj-printing.com\/printing\/custom-debossed-pu-leather-corporate-notebook\/","name":"Custom Debossed PU Leather Notebook | Corporate Meeting Journals","isPartOf":{"@id":"https:\/\/www.ybj-printing.com\/#website"},"primaryImageOfPage":{"@id":"https:\/\/www.ybj-printing.com\/printing\/custom-debossed-pu-leather-corporate-notebook\/#primaryimage"},"image":{"@id":"https:\/\/www.ybj-printing.com\/printing\/custom-debossed-pu-leather-corporate-notebook\/#primaryimage"},"thumbnailUrl":"https:\/\/www.ybj-printing.com\/wp-content\/uploads\/2026\/01\/yapg-custom-debossed-pu-leather-corporate-meeting-notebook-20260116-034908.png","datePublished":"2026-01-16T04:00:48+00:00","description":"Elevate your brand with custom debossed PU leather notebooks. Features A5 size, pen loop, and elastic closure. Ideal for corporate meetings and gifts.","breadcrumb":{"@id":"https:\/\/www.ybj-printing.com\/printing\/custom-debossed-pu-leather-corporate-notebook\/#breadcrumb"},"inLanguage":"es-ES","potentialAction":[{"@type":"ReadAction","target":["https:\/\/www.ybj-printing.com\/printing\/custom-debossed-pu-leather-corporate-notebook\/"]}]},{"@type":"ImageObject","inLanguage":"es-ES","@id":"https:\/\/www.ybj-printing.com\/printing\/custom-debossed-pu-leather-corporate-notebook\/#primaryimage","url":"https:\/\/www.ybj-printing.com\/wp-content\/uploads\/2026\/01\/yapg-custom-debossed-pu-leather-corporate-meeting-notebook-20260116-034908.png","contentUrl":"https:\/\/www.ybj-printing.com\/wp-content\/uploads\/2026\/01\/yapg-custom-debossed-pu-leather-corporate-meeting-notebook-20260116-034908.png","width":1024,"height":1024,"caption":"Custom Debossed PU Leather Corporate Meeting Notebook"},{"@type":"BreadcrumbList","@id":"https:\/\/www.ybj-printing.com\/printing\/custom-debossed-pu-leather-corporate-notebook\/#breadcrumb","itemListElement":[{"@type":"ListItem","position":1,"name":"Home","item":"https:\/\/www.ybj-printing.com\/"},{"@type":"ListItem","position":2,"name":"Products","item":"https:\/\/www.ybj-printing.com\/shop\/"},{"@type":"ListItem","position":3,"name":"Custom Debossed PU Leather Notebook \u2013 A5 Corporate Meeting Journal"}]},{"@type":"WebSite","@id":"https:\/\/www.ybj-printing.com\/#website","url":"https:\/\/www.ybj-printing.com\/","name":"YBJ Book Printing","description":"China Book Printing Factory","publisher":{"@id":"https:\/\/www.ybj-printing.com\/#organization"},"alternateName":"YBJ Printing","potentialAction":[{"@type":"SearchAction","target":{"@type":"EntryPoint","urlTemplate":"https:\/\/www.ybj-printing.com\/?s={search_term_string}"},"query-input":{"@type":"PropertyValueSpecification","valueRequired":true,"valueName":"search_term_string"}}],"inLanguage":"es-ES"},{"@type":"Organization","@id":"https:\/\/www.ybj-printing.com\/#organization","name":"YBJ Book Printing","alternateName":"YBJ Printing","url":"https:\/\/www.ybj-printing.com\/","logo":{"@type":"ImageObject","inLanguage":"es-ES","@id":"https:\/\/www.ybj-printing.com\/#\/schema\/logo\/image\/","url":"https:\/\/www.ybj-printing.com\/wp-content\/uploads\/2023\/11\/ybj-logo-old.png","contentUrl":"https:\/\/www.ybj-printing.com\/wp-content\/uploads\/2023\/11\/ybj-logo-old.png","width":504,"height":279,"caption":"YBJ Book Printing"},"image":{"@id":"https:\/\/www.ybj-printing.com\/#\/schema\/logo\/image\/"},"sameAs":["https:\/\/www.facebook.com\/YBJPrinting\/","https:\/\/www.youtube.com\/channel\/UClmcORiaLAYlsSEdkNZfCMA\/"]}]}},"_links":{"self":[{"href":"https:\/\/www.ybj-printing.com\/es\/wp-json\/wp\/v2\/product\/32914","targetHints":{"allow":["GET"]}}],"collection":[{"href":"https:\/\/www.ybj-printing.com\/es\/wp-json\/wp\/v2\/product"}],"about":[{"href":"https:\/\/www.ybj-printing.com\/es\/wp-json\/wp\/v2\/types\/product"}],"wp:featuredmedia":[{"embeddable":true,"href":"https:\/\/www.ybj-printing.com\/es\/wp-json\/wp\/v2\/media\/32897"}],"wp:attachment":[{"href":"https:\/\/www.ybj-printing.com\/es\/wp-json\/wp\/v2\/media?parent=32914"}],"wp:term":[{"taxonomy":"product_brand","embeddable":true,"href":"https:\/\/www.ybj-printing.com\/es\/wp-json\/wp\/v2\/product_brand?post=32914"},{"taxonomy":"product_cat","embeddable":true,"href":"https:\/\/www.ybj-printing.com\/es\/wp-json\/wp\/v2\/product_cat?post=32914"},{"taxonomy":"product_tag","embeddable":true,"href":"https:\/\/www.ybj-printing.com\/es\/wp-json\/wp\/v2\/product_tag?post=32914"}],"curies":[{"name":"wp","href":"https:\/\/api.w.org\/{rel}","templated":true}]}}