{"id":32980,"date":"2026-01-17T11:59:34","date_gmt":"2026-01-17T03:59:34","guid":{"rendered":"https:\/\/www.ybj-printing.com\/?post_type=product&#038;p=32980"},"modified":"2026-01-17T11:59:34","modified_gmt":"2026-01-17T03:59:34","slug":"lomo-visto-smyth-sketchbook-cosido-impresion","status":"publish","type":"product","link":"https:\/\/www.ybj-printing.com\/es\/impresion\/lomo-visto-smyth-sketchbook-cosido-impresion\/","title":{"rendered":"Impresi\u00f3n de cuadernos de bocetos Smyth cosidos con lomo expuesto a medida"},"content":{"rendered":"<h2>Encuadernaci\u00f3n con lomo a la vista para arte y dise\u00f1o<\/h2>\n<p>El cuaderno de bocetos con lomo visto (tambi\u00e9n conocido como lomo abierto o lomo visto cosido Smyth) es la opci\u00f3n preferida de artistas, arquitectos y dise\u00f1adores debido a su capacidad superior de maquetaci\u00f3n. A diferencia de los libros perfectamente encuadernados que utilizan cola, este m\u00e9todo deja al descubierto las costuras estructurales del bloque del libro, convirtiendo la mec\u00e1nica de la encuadernaci\u00f3n en un elemento central del dise\u00f1o.<\/p>\n<h3>Funcionalidad plana completa<\/h3>\n<p>La principal ventaja de la encuadernaci\u00f3n con lomo descubierto es la eliminaci\u00f3n de la canaleta. Como las signaturas est\u00e1n cosidas y el lomo queda al descubierto (a menudo sin adhesivo o ligeramente encolado para mayor estabilidad sin tapa), el libro se abre completamente plano. Esto permite a los artistas utilizar toda la anchura del pliego para bocetos panor\u00e1micos o esbozos arquitect\u00f3nicos sin tener que luchar contra la tensi\u00f3n de la encuadernaci\u00f3n.<\/p>\n<h3>Opciones de personalizaci\u00f3n<\/h3>\n<p>Como fabricante de impresi\u00f3n de libros a medida, YBJ ofrece una amplia personalizaci\u00f3n para este formato:<\/p>\n<ul>\n<li><strong>Colores de hilo:<\/strong> Seleccione colores de hilo que combinen o contrasten con el dise\u00f1o de su cubierta. Hay disponibles secuencias de cosido multicolor.<\/li>\n<li><strong>Estilos de portada:<\/strong> Choose between a standard exposed board or a &#8220;Swiss Binding&#8221; style, where the cover is attached only to the back block, leaving the spine fully visible.<\/li>\n<li><strong>Existencias de papel:<\/strong> Suministramos papel no estucado de alta calidad y papeles art\u00edsticos texturados adecuados para aplicaciones de grafito, tinta y carboncillo.<\/li>\n<\/ul>\n<h3>Especificaciones t\u00e9cnicas<\/h3>\n<ul>\n<li><strong>M\u00e9todo de encuadernaci\u00f3n:<\/strong> Smyth Sewn (cosido con hilo) con lomo expuesto.<\/li>\n<li><strong>Material de la cubierta:<\/strong> Greyboard (1mm &#8211; 3mm), Kraft paper, or heavy cardstock.<\/li>\n<li><strong>Papel interior:<\/strong> Papel art\u00edstico no estucado (de 80 a 160 g\/m\u00b2 recomendado para esbozos).<\/li>\n<li><strong>Tama\u00f1o:<\/strong> Totalmente personalizable (formatos est\u00e1ndar A4, A5 y cuadrado personalizado disponibles).<\/li>\n<li><strong>Acabado:<\/strong> Gofrado, estampado o serigraf\u00eda en las cubiertas.<\/li>\n<\/ul>","protected":false},"excerpt":{"rendered":"<p>Experimente la est\u00e9tica distintiva y la funcionalidad pr\u00e1ctica de la encuadernaci\u00f3n con lomo descubierto. Este cuaderno de bocetos cosido de Smyth presenta una construcci\u00f3n de lomo abierto que permite que el libro quede completamente plano a 180 grados, lo que lo hace ideal para artistas que trabajan en pliegos de dos p\u00e1ginas. Este estilo de encuadernaci\u00f3n, que se puede personalizar con hilos de distintos colores y papeles art\u00edsticos no estucados, combina la durabilidad industrial con una elegancia artesanal.<\/p>","protected":false},"featured_media":32971,"template":"","meta":{"_acf_changed":false},"product_brand":[],"product_cat":[107],"product_tag":[328,398,403,400,399,401,402],"class_list":{"0":"post-32980","1":"product","2":"type-product","3":"status-publish","4":"has-post-thumbnail","6":"product_cat-art-book-printing","7":"product_tag-art-book-printing","8":"product_tag-exposed-spine-binding","9":"product_tag-open-spine","10":"product_tag-sketchbook","11":"product_tag-smyth-sewn","12":"product_tag-swiss-binding","13":"product_tag-uncoated-paper","14":"sales-flash-overlay","15":"woocommerce-text-align-center","16":"woocommerce-image-align-center","17":"do-quantity-buttons","18":"wc-has-gallery","20":"first","21":"instock","22":"shipping-taxable","23":"product-type-simple"},"acf":[],"yoast_head":"<!-- This site is optimized with the Yoast SEO plugin v25.8 - https:\/\/yoast.com\/wordpress\/plugins\/seo\/ -->\n<title>Exposed Spine Sketchbook Printing | Custom Open Binding | YBJ<\/title>\n<meta name=\"description\" content=\"High-quality exposed spine sketchbook printing. Features lay-flat Smyth sewn binding, custom colored threads, and premium uncoated art paper.\" \/>\n<meta name=\"robots\" content=\"index, follow, max-snippet:-1, max-image-preview:large, max-video-preview:-1\" \/>\n<link rel=\"canonical\" href=\"https:\/\/www.ybj-printing.com\/es\/impresion\/lomo-visto-smyth-sketchbook-cosido-impresion\/\" \/>\n<meta property=\"og:locale\" content=\"es_ES\" \/>\n<meta property=\"og:type\" content=\"article\" \/>\n<meta property=\"og:title\" content=\"Custom Exposed Spine Smyth Sewn Sketchbook Printing\" \/>\n<meta property=\"og:description\" content=\"Create custom sketchbooks with open spine binding. 180-degree lay-flat design with customizable thread colors and paper stocks.\" \/>\n<meta property=\"og:url\" content=\"https:\/\/www.ybj-printing.com\/es\/impresion\/lomo-visto-smyth-sketchbook-cosido-impresion\/\" \/>\n<meta property=\"og:site_name\" content=\"YBJ Book Printing\" \/>\n<meta property=\"article:publisher\" content=\"https:\/\/www.facebook.com\/YBJPrinting\/\" \/>\n<meta property=\"og:image\" content=\"https:\/\/www.ybj-printing.com\/wp-content\/uploads\/2026\/01\/yapg-exposed-spine-smyth-sewn-artist-sketchbook-replica-20260117-020007.png\" \/>\n\t<meta property=\"og:image:width\" content=\"1024\" \/>\n\t<meta property=\"og:image:height\" content=\"1024\" \/>\n\t<meta property=\"og:image:type\" content=\"image\/png\" \/>\n<meta name=\"twitter:card\" content=\"summary_large_image\" \/>\n<meta name=\"twitter:label1\" content=\"Est. reading time\" \/>\n\t<meta name=\"twitter:data1\" content=\"2 minutes\" \/>\n<script type=\"application\/ld+json\" class=\"yoast-schema-graph\">{\"@context\":\"https:\/\/schema.org\",\"@graph\":[{\"@type\":\"WebPage\",\"@id\":\"https:\/\/www.ybj-printing.com\/printing\/exposed-spine-smyth-sewn-sketchbook-printing\/\",\"url\":\"https:\/\/www.ybj-printing.com\/printing\/exposed-spine-smyth-sewn-sketchbook-printing\/\",\"name\":\"Exposed Spine Sketchbook Printing | Custom Open Binding | YBJ\",\"isPartOf\":{\"@id\":\"https:\/\/www.ybj-printing.com\/#website\"},\"primaryImageOfPage\":{\"@id\":\"https:\/\/www.ybj-printing.com\/printing\/exposed-spine-smyth-sewn-sketchbook-printing\/#primaryimage\"},\"image\":{\"@id\":\"https:\/\/www.ybj-printing.com\/printing\/exposed-spine-smyth-sewn-sketchbook-printing\/#primaryimage\"},\"thumbnailUrl\":\"https:\/\/www.ybj-printing.com\/wp-content\/uploads\/2026\/01\/yapg-exposed-spine-smyth-sewn-artist-sketchbook-replica-20260117-020007.png\",\"datePublished\":\"2026-01-17T03:59:34+00:00\",\"description\":\"High-quality exposed spine sketchbook printing. Features lay-flat Smyth sewn binding, custom colored threads, and premium uncoated art paper.\",\"breadcrumb\":{\"@id\":\"https:\/\/www.ybj-printing.com\/printing\/exposed-spine-smyth-sewn-sketchbook-printing\/#breadcrumb\"},\"inLanguage\":\"es-ES\",\"potentialAction\":[{\"@type\":\"ReadAction\",\"target\":[\"https:\/\/www.ybj-printing.com\/printing\/exposed-spine-smyth-sewn-sketchbook-printing\/\"]}]},{\"@type\":\"ImageObject\",\"inLanguage\":\"es-ES\",\"@id\":\"https:\/\/www.ybj-printing.com\/printing\/exposed-spine-smyth-sewn-sketchbook-printing\/#primaryimage\",\"url\":\"https:\/\/www.ybj-printing.com\/wp-content\/uploads\/2026\/01\/yapg-exposed-spine-smyth-sewn-artist-sketchbook-replica-20260117-020007.png\",\"contentUrl\":\"https:\/\/www.ybj-printing.com\/wp-content\/uploads\/2026\/01\/yapg-exposed-spine-smyth-sewn-artist-sketchbook-replica-20260117-020007.png\",\"width\":1024,\"height\":1024,\"caption\":\"Exposed Spine Smyth Sewn Artist Sketchbook Replica\"},{\"@type\":\"BreadcrumbList\",\"@id\":\"https:\/\/www.ybj-printing.com\/printing\/exposed-spine-smyth-sewn-sketchbook-printing\/#breadcrumb\",\"itemListElement\":[{\"@type\":\"ListItem\",\"position\":1,\"name\":\"Home\",\"item\":\"https:\/\/www.ybj-printing.com\/\"},{\"@type\":\"ListItem\",\"position\":2,\"name\":\"Products\",\"item\":\"https:\/\/www.ybj-printing.com\/shop\/\"},{\"@type\":\"ListItem\",\"position\":3,\"name\":\"Custom Exposed Spine Smyth Sewn Sketchbook Printing\"}]},{\"@type\":\"WebSite\",\"@id\":\"https:\/\/www.ybj-printing.com\/#website\",\"url\":\"https:\/\/www.ybj-printing.com\/\",\"name\":\"YBJ Book Printing\",\"description\":\"China Book Printing Factory\",\"publisher\":{\"@id\":\"https:\/\/www.ybj-printing.com\/#organization\"},\"alternateName\":\"YBJ Printing\",\"potentialAction\":[{\"@type\":\"SearchAction\",\"target\":{\"@type\":\"EntryPoint\",\"urlTemplate\":\"https:\/\/www.ybj-printing.com\/?s={search_term_string}\"},\"query-input\":{\"@type\":\"PropertyValueSpecification\",\"valueRequired\":true,\"valueName\":\"search_term_string\"}}],\"inLanguage\":\"es-ES\"},{\"@type\":\"Organization\",\"@id\":\"https:\/\/www.ybj-printing.com\/#organization\",\"name\":\"YBJ Book Printing\",\"alternateName\":\"YBJ Printing\",\"url\":\"https:\/\/www.ybj-printing.com\/\",\"logo\":{\"@type\":\"ImageObject\",\"inLanguage\":\"es-ES\",\"@id\":\"https:\/\/www.ybj-printing.com\/#\/schema\/logo\/image\/\",\"url\":\"https:\/\/www.ybj-printing.com\/wp-content\/uploads\/2023\/11\/ybj-logo-old.png\",\"contentUrl\":\"https:\/\/www.ybj-printing.com\/wp-content\/uploads\/2023\/11\/ybj-logo-old.png\",\"width\":504,\"height\":279,\"caption\":\"YBJ Book Printing\"},\"image\":{\"@id\":\"https:\/\/www.ybj-printing.com\/#\/schema\/logo\/image\/\"},\"sameAs\":[\"https:\/\/www.facebook.com\/YBJPrinting\/\",\"https:\/\/www.youtube.com\/channel\/UClmcORiaLAYlsSEdkNZfCMA\/\"]}]}<\/script>\n<!-- \/ Yoast SEO plugin. -->","yoast_head_json":{"title":"Exposed Spine Sketchbook Printing | Custom Open Binding | YBJ","description":"High-quality exposed spine sketchbook printing. Features lay-flat Smyth sewn binding, custom colored threads, and premium uncoated art paper.","robots":{"index":"index","follow":"follow","max-snippet":"max-snippet:-1","max-image-preview":"max-image-preview:large","max-video-preview":"max-video-preview:-1"},"canonical":"https:\/\/www.ybj-printing.com\/es\/impresion\/lomo-visto-smyth-sketchbook-cosido-impresion\/","og_locale":"es_ES","og_type":"article","og_title":"Custom Exposed Spine Smyth Sewn Sketchbook Printing","og_description":"Create custom sketchbooks with open spine binding. 180-degree lay-flat design with customizable thread colors and paper stocks.","og_url":"https:\/\/www.ybj-printing.com\/es\/impresion\/lomo-visto-smyth-sketchbook-cosido-impresion\/","og_site_name":"YBJ Book Printing","article_publisher":"https:\/\/www.facebook.com\/YBJPrinting\/","og_image":[{"width":1024,"height":1024,"url":"https:\/\/www.ybj-printing.com\/wp-content\/uploads\/2026\/01\/yapg-exposed-spine-smyth-sewn-artist-sketchbook-replica-20260117-020007.png","type":"image\/png"}],"twitter_card":"summary_large_image","twitter_misc":{"Est. reading time":"2 minutes"},"schema":{"@context":"https:\/\/schema.org","@graph":[{"@type":"WebPage","@id":"https:\/\/www.ybj-printing.com\/printing\/exposed-spine-smyth-sewn-sketchbook-printing\/","url":"https:\/\/www.ybj-printing.com\/printing\/exposed-spine-smyth-sewn-sketchbook-printing\/","name":"Exposed Spine Sketchbook Printing | Custom Open Binding | YBJ","isPartOf":{"@id":"https:\/\/www.ybj-printing.com\/#website"},"primaryImageOfPage":{"@id":"https:\/\/www.ybj-printing.com\/printing\/exposed-spine-smyth-sewn-sketchbook-printing\/#primaryimage"},"image":{"@id":"https:\/\/www.ybj-printing.com\/printing\/exposed-spine-smyth-sewn-sketchbook-printing\/#primaryimage"},"thumbnailUrl":"https:\/\/www.ybj-printing.com\/wp-content\/uploads\/2026\/01\/yapg-exposed-spine-smyth-sewn-artist-sketchbook-replica-20260117-020007.png","datePublished":"2026-01-17T03:59:34+00:00","description":"High-quality exposed spine sketchbook printing. Features lay-flat Smyth sewn binding, custom colored threads, and premium uncoated art paper.","breadcrumb":{"@id":"https:\/\/www.ybj-printing.com\/printing\/exposed-spine-smyth-sewn-sketchbook-printing\/#breadcrumb"},"inLanguage":"es-ES","potentialAction":[{"@type":"ReadAction","target":["https:\/\/www.ybj-printing.com\/printing\/exposed-spine-smyth-sewn-sketchbook-printing\/"]}]},{"@type":"ImageObject","inLanguage":"es-ES","@id":"https:\/\/www.ybj-printing.com\/printing\/exposed-spine-smyth-sewn-sketchbook-printing\/#primaryimage","url":"https:\/\/www.ybj-printing.com\/wp-content\/uploads\/2026\/01\/yapg-exposed-spine-smyth-sewn-artist-sketchbook-replica-20260117-020007.png","contentUrl":"https:\/\/www.ybj-printing.com\/wp-content\/uploads\/2026\/01\/yapg-exposed-spine-smyth-sewn-artist-sketchbook-replica-20260117-020007.png","width":1024,"height":1024,"caption":"Exposed Spine Smyth Sewn Artist Sketchbook Replica"},{"@type":"BreadcrumbList","@id":"https:\/\/www.ybj-printing.com\/printing\/exposed-spine-smyth-sewn-sketchbook-printing\/#breadcrumb","itemListElement":[{"@type":"ListItem","position":1,"name":"Home","item":"https:\/\/www.ybj-printing.com\/"},{"@type":"ListItem","position":2,"name":"Products","item":"https:\/\/www.ybj-printing.com\/shop\/"},{"@type":"ListItem","position":3,"name":"Custom Exposed Spine Smyth Sewn Sketchbook Printing"}]},{"@type":"WebSite","@id":"https:\/\/www.ybj-printing.com\/#website","url":"https:\/\/www.ybj-printing.com\/","name":"YBJ Book Printing","description":"China Book Printing Factory","publisher":{"@id":"https:\/\/www.ybj-printing.com\/#organization"},"alternateName":"YBJ Printing","potentialAction":[{"@type":"SearchAction","target":{"@type":"EntryPoint","urlTemplate":"https:\/\/www.ybj-printing.com\/?s={search_term_string}"},"query-input":{"@type":"PropertyValueSpecification","valueRequired":true,"valueName":"search_term_string"}}],"inLanguage":"es-ES"},{"@type":"Organization","@id":"https:\/\/www.ybj-printing.com\/#organization","name":"YBJ Book Printing","alternateName":"YBJ Printing","url":"https:\/\/www.ybj-printing.com\/","logo":{"@type":"ImageObject","inLanguage":"es-ES","@id":"https:\/\/www.ybj-printing.com\/#\/schema\/logo\/image\/","url":"https:\/\/www.ybj-printing.com\/wp-content\/uploads\/2023\/11\/ybj-logo-old.png","contentUrl":"https:\/\/www.ybj-printing.com\/wp-content\/uploads\/2023\/11\/ybj-logo-old.png","width":504,"height":279,"caption":"YBJ Book Printing"},"image":{"@id":"https:\/\/www.ybj-printing.com\/#\/schema\/logo\/image\/"},"sameAs":["https:\/\/www.facebook.com\/YBJPrinting\/","https:\/\/www.youtube.com\/channel\/UClmcORiaLAYlsSEdkNZfCMA\/"]}]}},"_links":{"self":[{"href":"https:\/\/www.ybj-printing.com\/es\/wp-json\/wp\/v2\/product\/32980","targetHints":{"allow":["GET"]}}],"collection":[{"href":"https:\/\/www.ybj-printing.com\/es\/wp-json\/wp\/v2\/product"}],"about":[{"href":"https:\/\/www.ybj-printing.com\/es\/wp-json\/wp\/v2\/types\/product"}],"wp:featuredmedia":[{"embeddable":true,"href":"https:\/\/www.ybj-printing.com\/es\/wp-json\/wp\/v2\/media\/32971"}],"wp:attachment":[{"href":"https:\/\/www.ybj-printing.com\/es\/wp-json\/wp\/v2\/media?parent=32980"}],"wp:term":[{"taxonomy":"product_brand","embeddable":true,"href":"https:\/\/www.ybj-printing.com\/es\/wp-json\/wp\/v2\/product_brand?post=32980"},{"taxonomy":"product_cat","embeddable":true,"href":"https:\/\/www.ybj-printing.com\/es\/wp-json\/wp\/v2\/product_cat?post=32980"},{"taxonomy":"product_tag","embeddable":true,"href":"https:\/\/www.ybj-printing.com\/es\/wp-json\/wp\/v2\/product_tag?post=32980"}],"curies":[{"name":"wp","href":"https:\/\/api.w.org\/{rel}","templated":true}]}}