{"id":398,"date":"2017-01-11T10:32:21","date_gmt":"2017-01-11T02:32:21","guid":{"rendered":"https:\/\/www.ybj-printing.com\/?page_id=398"},"modified":"2026-01-27T10:39:16","modified_gmt":"2026-01-27T02:39:16","slug":"evaluation-des-capacites","status":"publish","type":"page","link":"https:\/\/www.ybj-printing.com\/fr\/evaluation-des-capacites\/","title":{"rendered":"\u00c9valuation des capacit\u00e9s"},"content":{"rendered":"<div data-elementor-type=\"wp-page\" data-elementor-id=\"398\" class=\"elementor elementor-398\" data-elementor-post-type=\"page\">\n\t\t\t\t\t\t<section class=\"elementor-section elementor-top-section elementor-element elementor-element-dfa5fda elementor-section-boxed elementor-section-height-default elementor-section-height-default\" data-id=\"dfa5fda\" data-element_type=\"section\">\n\t\t\t\t\t\t<div class=\"elementor-container elementor-column-gap-default\">\n\t\t\t\t\t<div class=\"elementor-column elementor-col-100 elementor-top-column elementor-element elementor-element-889a756\" data-id=\"889a756\" data-element_type=\"column\">\n\t\t\t<div class=\"elementor-widget-wrap elementor-element-populated\">\n\t\t\t\t\t\t<div class=\"elementor-element elementor-element-b0eafb0 elementor-widget elementor-widget-heading\" data-id=\"b0eafb0\" data-element_type=\"widget\" data-widget_type=\"heading.default\">\n\t\t\t\t<div class=\"elementor-widget-container\">\n\t\t\t\t\t<h2 class=\"elementor-heading-title elementor-size-default\">Capacit\u00e9s d'impression \u00e0 l'\u00e9chelle de l'usine pour des clients mondiaux du secteur du livre et de l'emballage<\/h2>\t\t\t\t<\/div>\n\t\t\t\t<\/div>\n\t\t\t\t\t<\/div>\n\t\t<\/div>\n\t\t\t\t\t<\/div>\n\t\t<\/section>\n\t\t\t\t<section class=\"elementor-section elementor-top-section elementor-element elementor-element-13deea5b elementor-section-boxed elementor-section-height-default elementor-section-height-default\" data-id=\"13deea5b\" data-element_type=\"section\">\n\t\t\t\t\t\t<div class=\"elementor-container elementor-column-gap-default\">\n\t\t\t\t\t<div class=\"elementor-column elementor-col-100 elementor-top-column elementor-element elementor-element-415d34c6\" data-id=\"415d34c6\" data-element_type=\"column\">\n\t\t\t<div class=\"elementor-widget-wrap elementor-element-populated\">\n\t\t\t\t\t\t<div class=\"elementor-element elementor-element-c9e60a4 elementor-widget elementor-widget-text-editor\" data-id=\"c9e60a4\" data-element_type=\"widget\" data-widget_type=\"text-editor.default\">\n\t\t\t\t<div class=\"elementor-widget-container\">\n\t\t\t\t\t\t\t\t\t<p>With over 50,000 m\u00b2 of production space and a staffing team of 200+, YBJ Printing has delivered millions of printed books, catalogs and packaging solutions to more than 80 countries worldwide. Whether you are printing a children\u2019s hardboard book or a luxury coffee-table art book, our full-service factory is ready to deliver at scale with precision and speed.<\/p>\t\t\t\t\t\t\t\t<\/div>\n\t\t\t\t<\/div>\n\t\t\t\t<div class=\"elementor-element elementor-element-39aa6d3c elementor-widget elementor-widget-text-editor\" data-id=\"39aa6d3c\" data-element_type=\"widget\" data-widget_type=\"text-editor.default\">\n\t\t\t\t<div class=\"elementor-widget-container\">\n\t\t\t\t\t\t\t\t\t<table class=\"info-table\">\n  <tbody>\n    <tr>\n      <td><p>Relations avec le fournisseur d'or :<\/p><\/td>\n      <td><p>Autonome<\/p><\/td>\n    <\/tr>\n    <tr>\n      <td><p>Type d'entreprise :<\/p><\/td>\n      <td><p>Combin\u00e9<\/p><\/td>\n    <\/tr>\n    <tr>\n      <td><p>L'industrie :<\/p><\/td>\n      <td><p>Impression<\/p><\/td>\n    <\/tr>\n    <tr>\n      <td><p>Produit\/Service :<\/p><\/td>\n      <td><p>Impression de livres<\/p><\/td>\n    <\/tr>\n    <tr>\n      <td><p>Nombre d'employ\u00e9s :<\/p><\/td>\n      <td><p>200 personnes<\/p><\/td>\n    <\/tr>\n    <tr>\n      <td><p>Nombre d'agents commerciaux internationaux :<\/p><\/td>\n      <td><p>40 personnes<\/p><\/td>\n    <\/tr>\n    <tr>\n      <td><p>Taille totale du b\u00e2timent :<\/p><\/td>\n      <td><p>50,000 Square meters<\/p><\/td>\n    <\/tr>\n    <tr>\n      <td><p>Taille du bureau :<\/p><\/td>\n      <td><p>500 m\u00e8tres carr\u00e9s<\/p><\/td>\n    <\/tr>\n    <tr>\n      <td><p>Certification du produit :<\/p><\/td>\n      <td><p>CE, ISO9001<\/p><\/td>\n    <\/tr>\n    <tr>\n      <td><p>Nombre d'inspecteurs AQ\/CQ :<\/p><\/td>\n      <td><p>10 People<\/p><\/td>\n    <\/tr>\n  <\/tbody>\n<\/table>\t\t\t\t\t\t\t\t<\/div>\n\t\t\t\t<\/div>\n\t\t\t\t\t<\/div>\n\t\t<\/div>\n\t\t\t\t\t<\/div>\n\t\t<\/section>\n\t\t\t\t<section class=\"elementor-section elementor-top-section elementor-element elementor-element-f203259 elementor-section-boxed elementor-section-height-default elementor-section-height-default\" data-id=\"f203259\" data-element_type=\"section\">\n\t\t\t\t\t\t<div class=\"elementor-container elementor-column-gap-default\">\n\t\t\t\t\t<div class=\"elementor-column elementor-col-100 elementor-top-column elementor-element elementor-element-a84ba7b\" data-id=\"a84ba7b\" data-element_type=\"column\">\n\t\t\t<div class=\"elementor-widget-wrap elementor-element-populated\">\n\t\t\t\t\t\t<div class=\"elementor-element elementor-element-783ab25 elementor-widget elementor-widget-gallery\" data-id=\"783ab25\" data-element_type=\"widget\" data-settings=\"{&quot;columns&quot;:3,&quot;columns_tablet&quot;:3,&quot;columns_mobile&quot;:2,&quot;gap&quot;:{&quot;unit&quot;:&quot;px&quot;,&quot;size&quot;:35,&quot;sizes&quot;:[]},&quot;gap_tablet&quot;:{&quot;unit&quot;:&quot;px&quot;,&quot;size&quot;:21,&quot;sizes&quot;:[]},&quot;gap_mobile&quot;:{&quot;unit&quot;:&quot;px&quot;,&quot;size&quot;:14,&quot;sizes&quot;:[]},&quot;aspect_ratio&quot;:&quot;4:3&quot;,&quot;lazyload&quot;:&quot;yes&quot;,&quot;gallery_layout&quot;:&quot;grid&quot;,&quot;link_to&quot;:&quot;file&quot;,&quot;overlay_background&quot;:&quot;yes&quot;,&quot;content_hover_animation&quot;:&quot;fade-in&quot;}\" data-widget_type=\"gallery.default\">\n\t\t\t\t<div class=\"elementor-widget-container\">\n\t\t\t\t\t\t\t<div class=\"elementor-gallery__container\">\n\t\t\t\t\t\t\t<a class=\"e-gallery-item elementor-gallery-item elementor-animated-content\" href=\"https:\/\/www.ybj-printing.com\/wp-content\/uploads\/\u7c98\u76d2\u673a-scaled.jpg\" data-elementor-open-lightbox=\"yes\" data-elementor-lightbox-slideshow=\"783ab25\" data-elementor-lightbox-title=\"\u7c98\u76d2\u673a\" data-e-action-hash=\"#elementor-action%3Aaction%3Dlightbox%26settings%3DeyJpZCI6MjQ0NDMsInVybCI6Imh0dHBzOlwvXC93d3cueWJqLXByaW50aW5nLmNvbVwvd3AtY29udGVudFwvdXBsb2Fkc1wvXHU3Yzk4XHU3NmQyXHU2NzNhLXNjYWxlZC5qcGciLCJzbGlkZXNob3ciOiI3ODNhYjI1In0%3D\">\n\t\t\t\t\t<div class=\"e-gallery-image elementor-gallery-item__image\" data-thumbnail=\"https:\/\/www.ybj-printing.com\/wp-content\/uploads\/\u7c98\u76d2\u673a-scaled.jpg\" data-width=\"2560\" data-height=\"1920\" aria-label=\"\" role=\"img\" ><\/div>\n\t\t\t\t\t\t\t\t\t\t\t<div class=\"elementor-gallery-item__overlay\"><\/div>\n\t\t\t\t\t\t\t\t\t\t\t\t\t\t<\/a>\n\t\t\t\t\t\t\t<a class=\"e-gallery-item elementor-gallery-item elementor-animated-content\" href=\"https:\/\/www.ybj-printing.com\/wp-content\/uploads\/\u6fc0\u51f8\u673a-scaled.jpg\" data-elementor-open-lightbox=\"yes\" data-elementor-lightbox-slideshow=\"783ab25\" data-elementor-lightbox-title=\"\u6fc0\u51f8\u673a\" data-e-action-hash=\"#elementor-action%3Aaction%3Dlightbox%26settings%3DeyJpZCI6MjQ0NDIsInVybCI6Imh0dHBzOlwvXC93d3cueWJqLXByaW50aW5nLmNvbVwvd3AtY29udGVudFwvdXBsb2Fkc1wvXHU2ZmMwXHU1MWY4XHU2NzNhLXNjYWxlZC5qcGciLCJzbGlkZXNob3ciOiI3ODNhYjI1In0%3D\">\n\t\t\t\t\t<div class=\"e-gallery-image elementor-gallery-item__image\" data-thumbnail=\"https:\/\/www.ybj-printing.com\/wp-content\/uploads\/\u6fc0\u51f8\u673a-scaled.jpg\" data-width=\"2560\" data-height=\"1440\" aria-label=\"\" role=\"img\" ><\/div>\n\t\t\t\t\t\t\t\t\t\t\t<div class=\"elementor-gallery-item__overlay\"><\/div>\n\t\t\t\t\t\t\t\t\t\t\t\t\t\t<\/a>\n\t\t\t\t\t\t\t<a class=\"e-gallery-item elementor-gallery-item elementor-animated-content\" href=\"https:\/\/www.ybj-printing.com\/wp-content\/uploads\/14\u88c5\u8ba2-5-scaled.jpg\" data-elementor-open-lightbox=\"yes\" data-elementor-lightbox-slideshow=\"783ab25\" data-elementor-lightbox-title=\"14\u88c5\u8ba2 (5)\" data-e-action-hash=\"#elementor-action%3Aaction%3Dlightbox%26settings%3DeyJpZCI6MjQ0NDEsInVybCI6Imh0dHBzOlwvXC93d3cueWJqLXByaW50aW5nLmNvbVwvd3AtY29udGVudFwvdXBsb2Fkc1wvMTRcdTg4YzVcdThiYTItNS1zY2FsZWQuanBnIiwic2xpZGVzaG93IjoiNzgzYWIyNSJ9\">\n\t\t\t\t\t<div class=\"e-gallery-image elementor-gallery-item__image\" data-thumbnail=\"https:\/\/www.ybj-printing.com\/wp-content\/uploads\/14\u88c5\u8ba2-5-scaled.jpg\" data-width=\"2560\" data-height=\"1920\" aria-label=\"\" role=\"img\" ><\/div>\n\t\t\t\t\t\t\t\t\t\t\t<div class=\"elementor-gallery-item__overlay\"><\/div>\n\t\t\t\t\t\t\t\t\t\t\t\t\t\t<\/a>\n\t\t\t\t\t\t\t<a class=\"e-gallery-item elementor-gallery-item elementor-animated-content\" href=\"https:\/\/www.ybj-printing.com\/wp-content\/uploads\/13\u88c5\u8ba2-4-scaled.jpg\" data-elementor-open-lightbox=\"yes\" data-elementor-lightbox-slideshow=\"783ab25\" data-elementor-lightbox-title=\"cof\" data-e-action-hash=\"#elementor-action%3Aaction%3Dlightbox%26settings%3DeyJpZCI6MjQ0NDAsInVybCI6Imh0dHBzOlwvXC93d3cueWJqLXByaW50aW5nLmNvbVwvd3AtY29udGVudFwvdXBsb2Fkc1wvMTNcdTg4YzVcdThiYTItNC1zY2FsZWQuanBnIiwic2xpZGVzaG93IjoiNzgzYWIyNSJ9\">\n\t\t\t\t\t<div class=\"e-gallery-image elementor-gallery-item__image\" data-thumbnail=\"https:\/\/www.ybj-printing.com\/wp-content\/uploads\/13\u88c5\u8ba2-4-scaled.jpg\" data-width=\"2560\" data-height=\"1920\" aria-label=\"\" role=\"img\" ><\/div>\n\t\t\t\t\t\t\t\t\t\t\t<div class=\"elementor-gallery-item__overlay\"><\/div>\n\t\t\t\t\t\t\t\t\t\t\t\t\t\t<\/a>\n\t\t\t\t\t\t\t<a class=\"e-gallery-item elementor-gallery-item elementor-animated-content\" href=\"https:\/\/www.ybj-printing.com\/wp-content\/uploads\/12\u88c5\u8ba2-3-scaled.jpg\" data-elementor-open-lightbox=\"yes\" data-elementor-lightbox-slideshow=\"783ab25\" data-elementor-lightbox-title=\"cof\" data-e-action-hash=\"#elementor-action%3Aaction%3Dlightbox%26settings%3DeyJpZCI6MjQ0MzksInVybCI6Imh0dHBzOlwvXC93d3cueWJqLXByaW50aW5nLmNvbVwvd3AtY29udGVudFwvdXBsb2Fkc1wvMTJcdTg4YzVcdThiYTItMy1zY2FsZWQuanBnIiwic2xpZGVzaG93IjoiNzgzYWIyNSJ9\">\n\t\t\t\t\t<div class=\"e-gallery-image elementor-gallery-item__image\" data-thumbnail=\"https:\/\/www.ybj-printing.com\/wp-content\/uploads\/12\u88c5\u8ba2-3-scaled.jpg\" data-width=\"2560\" data-height=\"1920\" aria-label=\"\" role=\"img\" ><\/div>\n\t\t\t\t\t\t\t\t\t\t\t<div class=\"elementor-gallery-item__overlay\"><\/div>\n\t\t\t\t\t\t\t\t\t\t\t\t\t\t<\/a>\n\t\t\t\t\t\t\t<a class=\"e-gallery-item elementor-gallery-item elementor-animated-content\" href=\"https:\/\/www.ybj-printing.com\/wp-content\/uploads\/11-2\u80f6\u88c5\u9f99-scaled.jpg\" data-elementor-open-lightbox=\"yes\" data-elementor-lightbox-slideshow=\"783ab25\" data-elementor-lightbox-title=\"11-2\u80f6\u88c5\u9f99\" data-e-action-hash=\"#elementor-action%3Aaction%3Dlightbox%26settings%3DeyJpZCI6MjQ0MzgsInVybCI6Imh0dHBzOlwvXC93d3cueWJqLXByaW50aW5nLmNvbVwvd3AtY29udGVudFwvdXBsb2Fkc1wvMTEtMlx1ODBmNlx1ODhjNVx1OWY5OS1zY2FsZWQuanBnIiwic2xpZGVzaG93IjoiNzgzYWIyNSJ9\">\n\t\t\t\t\t<div class=\"e-gallery-image elementor-gallery-item__image\" data-thumbnail=\"https:\/\/www.ybj-printing.com\/wp-content\/uploads\/11-2\u80f6\u88c5\u9f99-scaled.jpg\" data-width=\"2560\" data-height=\"1920\" aria-label=\"\" role=\"img\" ><\/div>\n\t\t\t\t\t\t\t\t\t\t\t<div class=\"elementor-gallery-item__overlay\"><\/div>\n\t\t\t\t\t\t\t\t\t\t\t\t\t\t<\/a>\n\t\t\t\t\t\t\t<a class=\"e-gallery-item elementor-gallery-item elementor-animated-content\" href=\"https:\/\/www.ybj-printing.com\/wp-content\/uploads\/11.\u7cbe\u88c5\u9f99-scaled.jpg\" data-elementor-open-lightbox=\"yes\" data-elementor-lightbox-slideshow=\"783ab25\" data-elementor-lightbox-title=\"11.\u7cbe\u88c5\u9f99\" data-e-action-hash=\"#elementor-action%3Aaction%3Dlightbox%26settings%3DeyJpZCI6MjQ0MzcsInVybCI6Imh0dHBzOlwvXC93d3cueWJqLXByaW50aW5nLmNvbVwvd3AtY29udGVudFwvdXBsb2Fkc1wvMTEuXHU3Y2JlXHU4OGM1XHU5Zjk5LXNjYWxlZC5qcGciLCJzbGlkZXNob3ciOiI3ODNhYjI1In0%3D\">\n\t\t\t\t\t<div class=\"e-gallery-image elementor-gallery-item__image\" data-thumbnail=\"https:\/\/www.ybj-printing.com\/wp-content\/uploads\/11.\u7cbe\u88c5\u9f99-scaled.jpg\" data-width=\"2560\" data-height=\"1920\" aria-label=\"\" role=\"img\" ><\/div>\n\t\t\t\t\t\t\t\t\t\t\t<div class=\"elementor-gallery-item__overlay\"><\/div>\n\t\t\t\t\t\t\t\t\t\t\t\t\t\t<\/a>\n\t\t\t\t\t\t\t<a class=\"e-gallery-item elementor-gallery-item elementor-animated-content\" href=\"https:\/\/www.ybj-printing.com\/wp-content\/uploads\/10\u3001\u9a91\u9a6c\u8ba2-scaled.jpg\" data-elementor-open-lightbox=\"yes\" data-elementor-lightbox-slideshow=\"783ab25\" data-elementor-lightbox-title=\"10\u3001\u9a91\u9a6c\u8ba2\" data-e-action-hash=\"#elementor-action%3Aaction%3Dlightbox%26settings%3DeyJpZCI6MjQ0MzYsInVybCI6Imh0dHBzOlwvXC93d3cueWJqLXByaW50aW5nLmNvbVwvd3AtY29udGVudFwvdXBsb2Fkc1wvMTBcdTMwMDFcdTlhOTFcdTlhNmNcdThiYTItc2NhbGVkLmpwZyIsInNsaWRlc2hvdyI6Ijc4M2FiMjUifQ%3D%3D\">\n\t\t\t\t\t<div class=\"e-gallery-image elementor-gallery-item__image\" data-thumbnail=\"https:\/\/www.ybj-printing.com\/wp-content\/uploads\/10\u3001\u9a91\u9a6c\u8ba2-scaled.jpg\" data-width=\"2560\" data-height=\"1920\" aria-label=\"\" role=\"img\" ><\/div>\n\t\t\t\t\t\t\t\t\t\t\t<div class=\"elementor-gallery-item__overlay\"><\/div>\n\t\t\t\t\t\t\t\t\t\t\t\t\t\t<\/a>\n\t\t\t\t\t\t\t<a class=\"e-gallery-item elementor-gallery-item elementor-animated-content\" href=\"https:\/\/www.ybj-printing.com\/wp-content\/uploads\/3-\u6253\u6837\u673a-scaled.jpg\" data-elementor-open-lightbox=\"yes\" data-elementor-lightbox-slideshow=\"783ab25\" data-elementor-lightbox-title=\"cof\" data-e-action-hash=\"#elementor-action%3Aaction%3Dlightbox%26settings%3DeyJpZCI6MjQ0MzAsInVybCI6Imh0dHBzOlwvXC93d3cueWJqLXByaW50aW5nLmNvbVwvd3AtY29udGVudFwvdXBsb2Fkc1wvMy1cdTYyNTNcdTY4MzdcdTY3M2Etc2NhbGVkLmpwZyIsInNsaWRlc2hvdyI6Ijc4M2FiMjUifQ%3D%3D\">\n\t\t\t\t\t<div class=\"e-gallery-image elementor-gallery-item__image\" data-thumbnail=\"https:\/\/www.ybj-printing.com\/wp-content\/uploads\/3-\u6253\u6837\u673a-scaled.jpg\" data-width=\"2560\" data-height=\"1920\" aria-label=\"\" role=\"img\" ><\/div>\n\t\t\t\t\t\t\t\t\t\t\t<div class=\"elementor-gallery-item__overlay\"><\/div>\n\t\t\t\t\t\t\t\t\t\t\t\t\t\t<\/a>\n\t\t\t\t\t\t\t<a class=\"e-gallery-item elementor-gallery-item elementor-animated-content\" href=\"https:\/\/www.ybj-printing.com\/wp-content\/uploads\/2025\/06\/IMG_8131.jpg\" data-elementor-open-lightbox=\"yes\" data-elementor-lightbox-slideshow=\"783ab25\" data-elementor-lightbox-title=\"IMG_8131\" data-e-action-hash=\"#elementor-action%3Aaction%3Dlightbox%26settings%3DeyJpZCI6MzAzNTAsInVybCI6Imh0dHBzOlwvXC93d3cueWJqLXByaW50aW5nLmNvbVwvd3AtY29udGVudFwvdXBsb2Fkc1wvMjAyNVwvMDZcL0lNR184MTMxLmpwZyIsInNsaWRlc2hvdyI6Ijc4M2FiMjUifQ%3D%3D\">\n\t\t\t\t\t<div class=\"e-gallery-image elementor-gallery-item__image\" data-thumbnail=\"https:\/\/www.ybj-printing.com\/wp-content\/uploads\/2025\/06\/IMG_8131.jpg\" data-width=\"1200\" data-height=\"900\" aria-label=\"usine d&#039;impression de livres en chine\" role=\"img\" ><\/div>\n\t\t\t\t\t\t\t\t\t\t\t<div class=\"elementor-gallery-item__overlay\"><\/div>\n\t\t\t\t\t\t\t\t\t\t\t\t\t\t<\/a>\n\t\t\t\t\t\t\t<a class=\"e-gallery-item elementor-gallery-item elementor-animated-content\" href=\"https:\/\/www.ybj-printing.com\/wp-content\/uploads\/2025\/06\/china-book-printing-1.jpg\" data-elementor-open-lightbox=\"yes\" data-elementor-lightbox-slideshow=\"783ab25\" data-elementor-lightbox-title=\"china-book-printing-(1)\" data-elementor-lightbox-description=\"china book printing\" data-e-action-hash=\"#elementor-action%3Aaction%3Dlightbox%26settings%3DeyJpZCI6Mjk5MDcsInVybCI6Imh0dHBzOlwvXC93d3cueWJqLXByaW50aW5nLmNvbVwvd3AtY29udGVudFwvdXBsb2Fkc1wvMjAyNVwvMDZcL2NoaW5hLWJvb2stcHJpbnRpbmctMS5qcGciLCJzbGlkZXNob3ciOiI3ODNhYjI1In0%3D\">\n\t\t\t\t\t<div class=\"e-gallery-image elementor-gallery-item__image\" data-thumbnail=\"https:\/\/www.ybj-printing.com\/wp-content\/uploads\/2025\/06\/china-book-printing-1.jpg\" data-width=\"1920\" data-height=\"1440\" aria-label=\"impression de livres en chine\" role=\"img\" ><\/div>\n\t\t\t\t\t\t\t\t\t\t\t<div class=\"elementor-gallery-item__overlay\"><\/div>\n\t\t\t\t\t\t\t\t\t\t\t\t\t\t<\/a>\n\t\t\t\t\t\t\t<a class=\"e-gallery-item elementor-gallery-item elementor-animated-content\" href=\"https:\/\/www.ybj-printing.com\/wp-content\/uploads\/2025\/06\/IMG_8134.jpg\" data-elementor-open-lightbox=\"yes\" data-elementor-lightbox-slideshow=\"783ab25\" data-elementor-lightbox-title=\"China Book Printing Factory\" data-elementor-lightbox-description=\"China Book Printing Factory\" data-e-action-hash=\"#elementor-action%3Aaction%3Dlightbox%26settings%3DeyJpZCI6Mjk5ODcsInVybCI6Imh0dHBzOlwvXC93d3cueWJqLXByaW50aW5nLmNvbVwvd3AtY29udGVudFwvdXBsb2Fkc1wvMjAyNVwvMDZcL0lNR184MTM0LmpwZyIsInNsaWRlc2hvdyI6Ijc4M2FiMjUifQ%3D%3D\">\n\t\t\t\t\t<div class=\"e-gallery-image elementor-gallery-item__image\" data-thumbnail=\"https:\/\/www.ybj-printing.com\/wp-content\/uploads\/2025\/06\/IMG_8134.jpg\" data-width=\"1200\" data-height=\"800\" aria-label=\"Usine d&#039;impression de livres en Chine\" role=\"img\" ><\/div>\n\t\t\t\t\t\t\t\t\t\t\t<div class=\"elementor-gallery-item__overlay\"><\/div>\n\t\t\t\t\t\t\t\t\t\t\t\t\t\t<\/a>\n\t\t\t\t\t<\/div>\n\t\t\t\t\t<\/div>\n\t\t\t\t<\/div>\n\t\t\t\t\t<\/div>\n\t\t<\/div>\n\t\t\t\t\t<\/div>\n\t\t<\/section>\n\t\t\t\t<\/div>","protected":false},"excerpt":{"rendered":"<p>Factory-Scale Printing Capabilities for Global Book &amp; Packaging Clients With over 50,000 m\u00b2 of production space and a staffing team of 200+, YBJ Printing has delivered millions of printed books, catalogs and packaging solutions to more than 80 countries worldwide. Whether you are printing a children\u2019s hardboard book or a luxury coffee-table art book, our &#8230; <a title=\"\u00c9valuation des capacit\u00e9s\" class=\"read-more\" href=\"https:\/\/www.ybj-printing.com\/fr\/evaluation-des-capacites\/\" aria-label=\"Read more about Capability Assessment\">Lire plus<\/a><\/p>","protected":false},"author":1,"featured_media":0,"parent":0,"menu_order":0,"comment_status":"closed","ping_status":"closed","template":"elementor_header_footer","meta":{"_acf_changed":false,"footnotes":""},"class_list":["post-398","page","type-page","status-publish"],"acf":[],"yoast_head":"<!-- This site is optimized with the Yoast SEO plugin v25.8 - https:\/\/yoast.com\/wordpress\/plugins\/seo\/ -->\n<title>BOOK Company Capability Assessment YBJ Book Printing<\/title>\n<meta name=\"description\" content=\"BOOK Company Capability Assessment\" \/>\n<meta name=\"robots\" content=\"index, follow, max-snippet:-1, max-image-preview:large, max-video-preview:-1\" \/>\n<link rel=\"canonical\" href=\"https:\/\/www.ybj-printing.com\/fr\/evaluation-des-capacites\/\" \/>\n<meta property=\"og:locale\" content=\"fr_FR\" \/>\n<meta property=\"og:type\" content=\"article\" \/>\n<meta property=\"og:title\" content=\"BOOK Company Capability Assessment YBJ Book Printing\" \/>\n<meta property=\"og:description\" content=\"BOOK Company Capability Assessment\" \/>\n<meta property=\"og:url\" content=\"https:\/\/www.ybj-printing.com\/fr\/evaluation-des-capacites\/\" \/>\n<meta property=\"og:site_name\" content=\"YBJ Book Printing\" \/>\n<meta property=\"article:publisher\" content=\"https:\/\/www.facebook.com\/YBJPrinting\/\" \/>\n<meta property=\"article:modified_time\" content=\"2026-01-27T02:39:16+00:00\" \/>\n<meta property=\"og:image\" content=\"https:\/\/www.ybj-printing.com\/wp-content\/uploads\/2025\/07\/book-factory-3.jpg\" \/>\n\t<meta property=\"og:image:width\" content=\"1200\" \/>\n\t<meta property=\"og:image:height\" content=\"800\" \/>\n\t<meta property=\"og:image:type\" content=\"image\/jpeg\" \/>\n<meta name=\"twitter:card\" content=\"summary_large_image\" \/>\n<meta name=\"twitter:label1\" content=\"Est. reading time\" \/>\n\t<meta name=\"twitter:data1\" content=\"1 minute\" \/>\n<script type=\"application\/ld+json\" class=\"yoast-schema-graph\">{\"@context\":\"https:\/\/schema.org\",\"@graph\":[{\"@type\":\"WebPage\",\"@id\":\"https:\/\/www.ybj-printing.com\/capability-assessment\/\",\"url\":\"https:\/\/www.ybj-printing.com\/capability-assessment\/\",\"name\":\"BOOK Company Capability Assessment YBJ Book Printing\",\"isPartOf\":{\"@id\":\"https:\/\/www.ybj-printing.com\/#website\"},\"datePublished\":\"2017-01-11T02:32:21+00:00\",\"dateModified\":\"2026-01-27T02:39:16+00:00\",\"description\":\"BOOK Company Capability Assessment\",\"breadcrumb\":{\"@id\":\"https:\/\/www.ybj-printing.com\/capability-assessment\/#breadcrumb\"},\"inLanguage\":\"fr-FR\",\"potentialAction\":[{\"@type\":\"ReadAction\",\"target\":[\"https:\/\/www.ybj-printing.com\/capability-assessment\/\"]}]},{\"@type\":\"BreadcrumbList\",\"@id\":\"https:\/\/www.ybj-printing.com\/capability-assessment\/#breadcrumb\",\"itemListElement\":[{\"@type\":\"ListItem\",\"position\":1,\"name\":\"Home\",\"item\":\"https:\/\/www.ybj-printing.com\/\"},{\"@type\":\"ListItem\",\"position\":2,\"name\":\"Capability Assessment\"}]},{\"@type\":\"WebSite\",\"@id\":\"https:\/\/www.ybj-printing.com\/#website\",\"url\":\"https:\/\/www.ybj-printing.com\/\",\"name\":\"YBJ Book Printing\",\"description\":\"China Book Printing Factory\",\"publisher\":{\"@id\":\"https:\/\/www.ybj-printing.com\/#organization\"},\"alternateName\":\"YBJ Printing\",\"potentialAction\":[{\"@type\":\"SearchAction\",\"target\":{\"@type\":\"EntryPoint\",\"urlTemplate\":\"https:\/\/www.ybj-printing.com\/?s={search_term_string}\"},\"query-input\":{\"@type\":\"PropertyValueSpecification\",\"valueRequired\":true,\"valueName\":\"search_term_string\"}}],\"inLanguage\":\"fr-FR\"},{\"@type\":\"Organization\",\"@id\":\"https:\/\/www.ybj-printing.com\/#organization\",\"name\":\"YBJ Book Printing\",\"alternateName\":\"YBJ Printing\",\"url\":\"https:\/\/www.ybj-printing.com\/\",\"logo\":{\"@type\":\"ImageObject\",\"inLanguage\":\"fr-FR\",\"@id\":\"https:\/\/www.ybj-printing.com\/#\/schema\/logo\/image\/\",\"url\":\"https:\/\/www.ybj-printing.com\/wp-content\/uploads\/2023\/11\/ybj-logo-old.png\",\"contentUrl\":\"https:\/\/www.ybj-printing.com\/wp-content\/uploads\/2023\/11\/ybj-logo-old.png\",\"width\":504,\"height\":279,\"caption\":\"YBJ Book Printing\"},\"image\":{\"@id\":\"https:\/\/www.ybj-printing.com\/#\/schema\/logo\/image\/\"},\"sameAs\":[\"https:\/\/www.facebook.com\/YBJPrinting\/\",\"https:\/\/www.youtube.com\/channel\/UClmcORiaLAYlsSEdkNZfCMA\/\"]}]}<\/script>\n<!-- \/ Yoast SEO plugin. -->","yoast_head_json":{"title":"BOOK Company Capability Assessment YBJ Book Printing","description":"BOOK Company Capability Assessment","robots":{"index":"index","follow":"follow","max-snippet":"max-snippet:-1","max-image-preview":"max-image-preview:large","max-video-preview":"max-video-preview:-1"},"canonical":"https:\/\/www.ybj-printing.com\/fr\/evaluation-des-capacites\/","og_locale":"fr_FR","og_type":"article","og_title":"BOOK Company Capability Assessment YBJ Book Printing","og_description":"BOOK Company Capability Assessment","og_url":"https:\/\/www.ybj-printing.com\/fr\/evaluation-des-capacites\/","og_site_name":"YBJ Book Printing","article_publisher":"https:\/\/www.facebook.com\/YBJPrinting\/","article_modified_time":"2026-01-27T02:39:16+00:00","og_image":[{"width":1200,"height":800,"url":"https:\/\/www.ybj-printing.com\/wp-content\/uploads\/2025\/07\/book-factory-3.jpg","type":"image\/jpeg"}],"twitter_card":"summary_large_image","twitter_misc":{"Est. reading time":"1 minute"},"schema":{"@context":"https:\/\/schema.org","@graph":[{"@type":"WebPage","@id":"https:\/\/www.ybj-printing.com\/capability-assessment\/","url":"https:\/\/www.ybj-printing.com\/capability-assessment\/","name":"BOOK Company Capability Assessment YBJ Book Printing","isPartOf":{"@id":"https:\/\/www.ybj-printing.com\/#website"},"datePublished":"2017-01-11T02:32:21+00:00","dateModified":"2026-01-27T02:39:16+00:00","description":"BOOK Company Capability Assessment","breadcrumb":{"@id":"https:\/\/www.ybj-printing.com\/capability-assessment\/#breadcrumb"},"inLanguage":"fr-FR","potentialAction":[{"@type":"ReadAction","target":["https:\/\/www.ybj-printing.com\/capability-assessment\/"]}]},{"@type":"BreadcrumbList","@id":"https:\/\/www.ybj-printing.com\/capability-assessment\/#breadcrumb","itemListElement":[{"@type":"ListItem","position":1,"name":"Home","item":"https:\/\/www.ybj-printing.com\/"},{"@type":"ListItem","position":2,"name":"Capability Assessment"}]},{"@type":"WebSite","@id":"https:\/\/www.ybj-printing.com\/#website","url":"https:\/\/www.ybj-printing.com\/","name":"YBJ Book Printing","description":"China Book Printing Factory","publisher":{"@id":"https:\/\/www.ybj-printing.com\/#organization"},"alternateName":"YBJ Printing","potentialAction":[{"@type":"SearchAction","target":{"@type":"EntryPoint","urlTemplate":"https:\/\/www.ybj-printing.com\/?s={search_term_string}"},"query-input":{"@type":"PropertyValueSpecification","valueRequired":true,"valueName":"search_term_string"}}],"inLanguage":"fr-FR"},{"@type":"Organization","@id":"https:\/\/www.ybj-printing.com\/#organization","name":"YBJ Book Printing","alternateName":"YBJ Printing","url":"https:\/\/www.ybj-printing.com\/","logo":{"@type":"ImageObject","inLanguage":"fr-FR","@id":"https:\/\/www.ybj-printing.com\/#\/schema\/logo\/image\/","url":"https:\/\/www.ybj-printing.com\/wp-content\/uploads\/2023\/11\/ybj-logo-old.png","contentUrl":"https:\/\/www.ybj-printing.com\/wp-content\/uploads\/2023\/11\/ybj-logo-old.png","width":504,"height":279,"caption":"YBJ Book Printing"},"image":{"@id":"https:\/\/www.ybj-printing.com\/#\/schema\/logo\/image\/"},"sameAs":["https:\/\/www.facebook.com\/YBJPrinting\/","https:\/\/www.youtube.com\/channel\/UClmcORiaLAYlsSEdkNZfCMA\/"]}]}},"_links":{"self":[{"href":"https:\/\/www.ybj-printing.com\/fr\/wp-json\/wp\/v2\/pages\/398","targetHints":{"allow":["GET"]}}],"collection":[{"href":"https:\/\/www.ybj-printing.com\/fr\/wp-json\/wp\/v2\/pages"}],"about":[{"href":"https:\/\/www.ybj-printing.com\/fr\/wp-json\/wp\/v2\/types\/page"}],"author":[{"embeddable":true,"href":"https:\/\/www.ybj-printing.com\/fr\/wp-json\/wp\/v2\/users\/1"}],"replies":[{"embeddable":true,"href":"https:\/\/www.ybj-printing.com\/fr\/wp-json\/wp\/v2\/comments?post=398"}],"version-history":[{"count":0,"href":"https:\/\/www.ybj-printing.com\/fr\/wp-json\/wp\/v2\/pages\/398\/revisions"}],"wp:attachment":[{"href":"https:\/\/www.ybj-printing.com\/fr\/wp-json\/wp\/v2\/media?parent=398"}],"curies":[{"name":"wp","href":"https:\/\/api.w.org\/{rel}","templated":true}]}}