{"id":416,"date":"2017-01-11T11:42:58","date_gmt":"2017-01-11T03:42:58","guid":{"rendered":"https:\/\/www.ybj-printing.com\/?page_id=416"},"modified":"2023-01-15T14:58:05","modified_gmt":"2023-01-15T06:58:05","slug":"capacite-commerciale","status":"publish","type":"page","link":"https:\/\/www.ybj-printing.com\/fr\/capacite-commerciale\/","title":{"rendered":"Capacit\u00e9 commerciale"},"content":{"rendered":"<div data-elementor-type=\"wp-page\" data-elementor-id=\"416\" class=\"elementor elementor-416\" data-elementor-post-type=\"page\">\n\t\t\t\t\t\t<section class=\"elementor-section elementor-top-section elementor-element elementor-element-78ee5260 elementor-section-boxed elementor-section-height-default elementor-section-height-default\" data-id=\"78ee5260\" data-element_type=\"section\">\n\t\t\t\t\t\t<div class=\"elementor-container elementor-column-gap-default\">\n\t\t\t\t\t<div class=\"elementor-column elementor-col-100 elementor-top-column elementor-element elementor-element-6602a9cc\" data-id=\"6602a9cc\" data-element_type=\"column\">\n\t\t\t<div class=\"elementor-widget-wrap elementor-element-populated\">\n\t\t\t\t\t\t<div class=\"elementor-element elementor-element-35d71626 elementor-widget elementor-widget-text-editor\" data-id=\"35d71626\" data-element_type=\"widget\" data-widget_type=\"text-editor.default\">\n\t\t\t\t<div class=\"elementor-widget-container\">\n\t\t\t\t\t\t\t\t\t<table>\n<tbody>\n<tr>\n<th class=\"main-markets\" \">Principaux march\u00e9s<\/span><\/th>\n<th class=\"total-revenue\" \">Recettes totales (%)<\/span><\/th>\n<th class=\"main-product\" \">Produit(s) principal(aux)<\/span><\/th>\n<\/tr>\n<tr>\n<td class=\"main-markets\" s>Asie du Sud-Est<\/span><\/td>\n<td class=\"total-revenue\" s>3%<\/span><\/td>\n<td class=\"main-product\" s>Impression de livres \u3001Sacs en papier\u3001Bo\u00eetes en papier\u3001Imprimer des calendriers\u3001Imprimer des \u00e9tiquettes<\/td>\n<\/tr>\n<tr>\n<td class=\"main-markets\" s>Moyen-Orient<\/span><\/td>\n<td class=\"total-revenue\" s>10%<\/span><\/td>\n<td class=\"main-product\" s>Impression de livres \u3001Sacs en papier\u3001Bo\u00eetes en papier\u3001Imprimer des calendriers\u3001Imprimer des \u00e9tiquettes<\/td>\n<\/tr>\n<tr>\n<td class=\"main-markets\" s>Am\u00e9rique du Nord<\/span><\/td>\n<td class=\"total-revenue\" s>30%<\/span><\/td>\n<td class=\"main-product\" s>Impression de livres \u3001Sacs en papier\u3001Bo\u00eetes en papier\u3001Imprimer des calendriers\u3001Imprimer des \u00e9tiquettes<\/td>\n<\/tr>\n<tr>\n<td class=\"main-markets\" s>Afrique<\/span><\/td>\n<td class=\"total-revenue\" s>10%<\/span><\/td>\n<td class=\"main-product\" s>Impression de livres \u3001Sacs en papier\u3001Bo\u00eetes en papier\u3001Imprimer des calendriers\u3001Imprimer des \u00e9tiquettes<\/td>\n<\/tr>\n<tr>\n<td class=\"main-markets\" s>Am\u00e9rique centrale<\/span><\/td>\n<td class=\"total-revenue\" s>12%<\/span><\/td>\n<td class=\"main-product\" s>Impression de livres \u3001Sacs en papier\u3001Bo\u00eetes en papier\u3001Imprimer des calendriers\u3001Imprimer des \u00e9tiquettes<\/td>\n<\/tr>\n<tr>\n<td class=\"main-markets\" s>March\u00e9 int\u00e9rieur<\/span><\/td>\n<td class=\"total-revenue\" s>20%<\/span><\/td>\n<td class=\"main-product\" s>Impression de livres \u3001Sacs en papier\u3001Bo\u00eetes en papier\u3001Imprimer des calendriers\u3001Imprimer des \u00e9tiquettes<\/td>\n<\/tr>\n<\/tbody>\n<\/table>\t\t\t\t\t\t\t\t<\/div>\n\t\t\t\t<\/div>\n\t\t\t\t<div class=\"elementor-element elementor-element-9bab7ac elementor-widget elementor-widget-heading\" data-id=\"9bab7ac\" data-element_type=\"widget\" data-widget_type=\"heading.default\">\n\t\t\t\t<div class=\"elementor-widget-container\">\n\t\t\t\t\t<h2 class=\"elementor-heading-title elementor-size-default\">Conditions g\u00e9n\u00e9rales d'affaires<\/h2>\t\t\t\t<\/div>\n\t\t\t\t<\/div>\n\t\t\t\t<div class=\"elementor-element elementor-element-b645cc8 elementor-widget elementor-widget-text-editor\" data-id=\"b645cc8\" data-element_type=\"widget\" data-widget_type=\"text-editor.default\">\n\t\t\t\t<div class=\"elementor-widget-container\">\n\t\t\t\t\t\t\t\t\t<table class=\"table\"><tbody><tr><th>Conditions de livraison accept\u00e9es :<\/th><td colspan=\"3\">FOB, CFR, CIF, DAF<\/td><\/tr><tr><th>Devise de paiement accept\u00e9e :<\/th><td colspan=\"3\">USD<\/td><\/tr><tr><th>Accept\u00e9 Type de paiement :<\/th><td colspan=\"3\">T\/T, L\/C, D\/P D\/A<\/td><\/tr><tr><th>Valeur minimale de la commande :<\/th><td colspan=\"3\">&gt;US$ 2000<\/td><\/tr><\/tbody><\/table><div class=\"wpb_text_column wpb_content_element\"><div class=\"wpb_wrapper\">\u00a0<\/div><\/div>\t\t\t\t\t\t\t\t<\/div>\n\t\t\t\t<\/div>\n\t\t\t\t<div class=\"elementor-element elementor-element-d9c9f64 elementor-widget elementor-widget-heading\" data-id=\"d9c9f64\" data-element_type=\"widget\" data-widget_type=\"heading.default\">\n\t\t\t\t<div class=\"elementor-widget-container\">\n\t\t\t\t\t<h2 class=\"elementor-heading-title elementor-size-default\">Capacit\u00e9 commerciale<\/h2>\t\t\t\t<\/div>\n\t\t\t\t<\/div>\n\t\t\t\t<div class=\"elementor-element elementor-element-f1ac69f elementor-widget elementor-widget-text-editor\" data-id=\"f1ac69f\" data-element_type=\"widget\" data-widget_type=\"text-editor.default\">\n\t\t\t\t<div class=\"elementor-widget-container\">\n\t\t\t\t\t\t\t\t\t<table class=\"table\">\n<tbody>\n<tr>\n<th>Langue parl\u00e9e :<\/th>\n<td>Anglais, chinois<\/td>\n<\/tr>\n<tr>\n<th>Nombre d'employ\u00e9s dans le d\u00e9partement du commerce :<\/th>\n<td>10-20 personnes<\/td>\n<\/tr>\n<tr>\n<th>D\u00e9lai d'ex\u00e9cution moyen :<\/th>\n<td>8 jour(s)<\/td>\n<\/tr>\n<\/tbody>\n<\/table>\n\t\t\t\t\t\t\t\t<\/div>\n\t\t\t\t<\/div>\n\t\t\t\t\t<\/div>\n\t\t<\/div>\n\t\t\t\t\t<\/div>\n\t\t<\/section>\n\t\t\t\t<section class=\"elementor-section elementor-top-section elementor-element elementor-element-9178732 elementor-section-boxed elementor-section-height-default elementor-section-height-default\" data-id=\"9178732\" data-element_type=\"section\" data-settings=\"{&quot;background_background&quot;:&quot;classic&quot;}\">\n\t\t\t\t\t\t<div class=\"elementor-container elementor-column-gap-default\">\n\t\t\t\t\t<div class=\"elementor-column elementor-col-25 elementor-top-column elementor-element elementor-element-997d58c\" data-id=\"997d58c\" data-element_type=\"column\" data-settings=\"{&quot;background_background&quot;:&quot;classic&quot;}\">\n\t\t\t<div class=\"elementor-widget-wrap elementor-element-populated\">\n\t\t\t\t\t\t<div class=\"elementor-element elementor-element-917c877 elementor-widget elementor-widget-heading\" data-id=\"917c877\" data-element_type=\"widget\" data-widget_type=\"heading.default\">\n\t\t\t\t<div class=\"elementor-widget-container\">\n\t\t\t\t\t<span class=\"elementor-heading-title elementor-size-default\">SERVICE<\/span>\t\t\t\t<\/div>\n\t\t\t\t<\/div>\n\t\t\t\t<div class=\"elementor-element elementor-element-5136257 elementor-widget elementor-widget-heading\" data-id=\"5136257\" data-element_type=\"widget\" data-widget_type=\"heading.default\">\n\t\t\t\t<div class=\"elementor-widget-container\">\n\t\t\t\t\t<span class=\"elementor-heading-title elementor-size-default\">Nous sommes l\u00e0 pour vous\n<\/span>\t\t\t\t<\/div>\n\t\t\t\t<\/div>\n\t\t\t\t<div class=\"elementor-element elementor-element-f9ddae1 elementor-widget elementor-widget-text-editor\" data-id=\"f9ddae1\" data-element_type=\"widget\" data-widget_type=\"text-editor.default\">\n\t\t\t\t<div class=\"elementor-widget-container\">\n\t\t\t\t\t\t\t\t\tNotre \u00e9quipe de service est heureuse de vous aider. Nous donnons des conseils personnalis\u00e9s et r\u00e9fl\u00e9chissons \u00e0 des solutions.\t\t\t\t\t\t\t\t<\/div>\n\t\t\t\t<\/div>\n\t\t\t\t\t<\/div>\n\t\t<\/div>\n\t\t\t\t<div class=\"elementor-column elementor-col-25 elementor-top-column elementor-element elementor-element-eee9c5e\" data-id=\"eee9c5e\" data-element_type=\"column\" data-settings=\"{&quot;background_background&quot;:&quot;classic&quot;}\">\n\t\t\t<div class=\"elementor-widget-wrap elementor-element-populated\">\n\t\t\t\t\t\t<div class=\"elementor-element elementor-element-623a422 elementor-widget elementor-widget-heading\" data-id=\"623a422\" data-element_type=\"widget\" data-widget_type=\"heading.default\">\n\t\t\t\t<div class=\"elementor-widget-container\">\n\t\t\t\t\t<span class=\"elementor-heading-title elementor-size-default\">SERVICE<\/span>\t\t\t\t<\/div>\n\t\t\t\t<\/div>\n\t\t\t\t<div class=\"elementor-element elementor-element-6908fdc elementor-widget elementor-widget-heading\" data-id=\"6908fdc\" data-element_type=\"widget\" data-widget_type=\"heading.default\">\n\t\t\t\t<div class=\"elementor-widget-container\">\n\t\t\t\t\t<span class=\"elementor-heading-title elementor-size-default\">Nous sommes l\u00e0 pour vous\n<\/span>\t\t\t\t<\/div>\n\t\t\t\t<\/div>\n\t\t\t\t<div class=\"elementor-element elementor-element-f6d6e5f elementor-widget elementor-widget-text-editor\" data-id=\"f6d6e5f\" data-element_type=\"widget\" data-widget_type=\"text-editor.default\">\n\t\t\t\t<div class=\"elementor-widget-container\">\n\t\t\t\t\t\t\t\t\tNotre \u00e9quipe de service est heureuse de vous aider. Nous donnons des conseils personnalis\u00e9s et r\u00e9fl\u00e9chissons \u00e0 des solutions.\t\t\t\t\t\t\t\t<\/div>\n\t\t\t\t<\/div>\n\t\t\t\t\t<\/div>\n\t\t<\/div>\n\t\t\t\t<div class=\"elementor-column elementor-col-25 elementor-top-column elementor-element elementor-element-0afb9f3\" data-id=\"0afb9f3\" data-element_type=\"column\" data-settings=\"{&quot;background_background&quot;:&quot;classic&quot;}\">\n\t\t\t<div class=\"elementor-widget-wrap elementor-element-populated\">\n\t\t\t\t\t\t<div class=\"elementor-element elementor-element-9e855ec elementor-view-default elementor-widget elementor-widget-icon\" data-id=\"9e855ec\" data-element_type=\"widget\" data-widget_type=\"icon.default\">\n\t\t\t\t<div class=\"elementor-widget-container\">\n\t\t\t\t\t\t\t<div class=\"elementor-icon-wrapper\">\n\t\t\t<div class=\"elementor-icon\">\n\t\t\t<i aria-hidden=\"true\" class=\"fas fa-dice-d6\"><\/i>\t\t\t<\/div>\n\t\t<\/div>\n\t\t\t\t\t\t<\/div>\n\t\t\t\t<\/div>\n\t\t\t\t<div class=\"elementor-element elementor-element-7732736 elementor-widget elementor-widget-heading\" data-id=\"7732736\" data-element_type=\"widget\" data-widget_type=\"heading.default\">\n\t\t\t\t<div class=\"elementor-widget-container\">\n\t\t\t\t\t<span class=\"elementor-heading-title elementor-size-default\">La qualit\u00e9 commence avec les meilleures personnes et les meilleurs mat\u00e9riaux.\n<\/span>\t\t\t\t<\/div>\n\t\t\t\t<\/div>\n\t\t\t\t\t<\/div>\n\t\t<\/div>\n\t\t\t\t<div class=\"elementor-column elementor-col-25 elementor-top-column elementor-element elementor-element-43fa04d\" data-id=\"43fa04d\" data-element_type=\"column\" data-settings=\"{&quot;background_background&quot;:&quot;classic&quot;}\">\n\t\t\t<div class=\"elementor-widget-wrap elementor-element-populated\">\n\t\t\t\t\t<div class=\"elementor-background-overlay\"><\/div>\n\t\t\t\t\t\t<div class=\"elementor-element elementor-element-daa5fe7 elementor-widget elementor-widget-heading\" data-id=\"daa5fe7\" data-element_type=\"widget\" data-widget_type=\"heading.default\">\n\t\t\t\t<div class=\"elementor-widget-container\">\n\t\t\t\t\t<span class=\"elementor-heading-title elementor-size-default\">Produits de qualit\u00e9<\/span>\t\t\t\t<\/div>\n\t\t\t\t<\/div>\n\t\t\t\t\t<\/div>\n\t\t<\/div>\n\t\t\t\t\t<\/div>\n\t\t<\/section>\n\t\t\t\t<section class=\"elementor-section elementor-top-section elementor-element elementor-element-f3cec27 elementor-section-boxed elementor-section-height-default elementor-section-height-default\" data-id=\"f3cec27\" data-element_type=\"section\" data-settings=\"{&quot;background_background&quot;:&quot;classic&quot;}\">\n\t\t\t\t\t\t<div class=\"elementor-container elementor-column-gap-default\">\n\t\t\t\t\t<div class=\"elementor-column elementor-col-25 elementor-top-column elementor-element elementor-element-303922d\" data-id=\"303922d\" data-element_type=\"column\" data-settings=\"{&quot;background_background&quot;:&quot;classic&quot;}\">\n\t\t\t<div class=\"elementor-widget-wrap elementor-element-populated\">\n\t\t\t\t\t\t<div class=\"elementor-element elementor-element-d509f09 elementor-view-default elementor-widget elementor-widget-icon\" data-id=\"d509f09\" data-element_type=\"widget\" data-widget_type=\"icon.default\">\n\t\t\t\t<div class=\"elementor-widget-container\">\n\t\t\t\t\t\t\t<div class=\"elementor-icon-wrapper\">\n\t\t\t<div class=\"elementor-icon\">\n\t\t\t<i aria-hidden=\"true\" class=\"fas fa-dollar-sign\"><\/i>\t\t\t<\/div>\n\t\t<\/div>\n\t\t\t\t\t\t<\/div>\n\t\t\t\t<\/div>\n\t\t\t\t<div class=\"elementor-element elementor-element-c7c12e4 elementor-widget elementor-widget-heading\" data-id=\"c7c12e4\" data-element_type=\"widget\" data-widget_type=\"heading.default\">\n\t\t\t\t<div class=\"elementor-widget-container\">\n\t\t\t\t\t<span class=\"elementor-heading-title elementor-size-default\">Prix le plus comp\u00e9titif\n<\/span>\t\t\t\t<\/div>\n\t\t\t\t<\/div>\n\t\t\t\t\t<\/div>\n\t\t<\/div>\n\t\t\t\t<div class=\"elementor-column elementor-col-25 elementor-top-column elementor-element elementor-element-495b2f6\" data-id=\"495b2f6\" data-element_type=\"column\" data-settings=\"{&quot;background_background&quot;:&quot;classic&quot;}\">\n\t\t\t<div class=\"elementor-widget-wrap elementor-element-populated\">\n\t\t\t\t\t\t<div class=\"elementor-element elementor-element-3190031 elementor-widget elementor-widget-heading\" data-id=\"3190031\" data-element_type=\"widget\" data-widget_type=\"heading.default\">\n\t\t\t\t<div class=\"elementor-widget-container\">\n\t\t\t\t\t<span class=\"elementor-heading-title elementor-size-default\">\u00c9QUIPE DE VENTE\n<\/span>\t\t\t\t<\/div>\n\t\t\t\t<\/div>\n\t\t\t\t<div class=\"elementor-element elementor-element-5396dc5 elementor-widget elementor-widget-heading\" data-id=\"5396dc5\" data-element_type=\"widget\" data-widget_type=\"heading.default\">\n\t\t\t\t<div class=\"elementor-widget-container\">\n\t\t\t\t\t<span class=\"elementor-heading-title elementor-size-default\">Tout ce que vous voulez savoir\n<\/span>\t\t\t\t<\/div>\n\t\t\t\t<\/div>\n\t\t\t\t<div class=\"elementor-element elementor-element-e5aa1f0 elementor-widget elementor-widget-text-editor\" data-id=\"e5aa1f0\" data-element_type=\"widget\" data-widget_type=\"text-editor.default\">\n\t\t\t\t<div class=\"elementor-widget-container\">\n\t\t\t\t\t\t\t\t\t<div class=\"paragraph paragraph-type-tile paragraph--view-mode--tile-text col-12 col-xs-6 col-sm-6 col-lg-4 col-xl-3\"><div class=\"tile h-100 d-flex flex-column bg-white p-4 p-xs-3 p-sm-4 p-xl-5\"><p>Notre \u00e9quipe de vente peut vous renseigner sur l'impression de livres.\u00a0<\/p><\/div><\/div><div class=\"paragraph paragraph-type-tile paragraph--view-mode--tile-image col-12 col-xs-6 col-sm-6 col-lg-4 col-xl-3\"><div class=\"tile h-100 d-flex flex-column tile--has-image justify-content-end text-white p-4\"><div class=\"tile__visual h-100 w-100\"><picture><source srcset=\"\/sites\/default\/files\/styles\/square_column_3_xl\/public\/2021-05\/peter%20%281%29.jpg?itok=JI0CNJkw 1x\" type=\"image\/jpeg\" media=\"all and (min-width: 1200px)\" \/><source srcset=\"\/sites\/default\/files\/styles\/square_column_4_lg\/public\/2021-05\/peter%20%281%29.jpg?itok=Fwsoo8fr 1x\" type=\"image\/jpeg\" media=\"all and (min-width: 992px)\" \/><source srcset=\"\/sites\/default\/files\/styles\/square_column_6_md\/public\/2021-05\/peter%20%281%29.jpg?itok=3PO91_vO 1x\" type=\"image\/jpeg\" media=\"all and (min-width: 768px)\" \/><source srcset=\"\/sites\/default\/files\/styles\/square_column_6_sm\/public\/2021-05\/peter%20%281%29.jpg?itok=FmcBuw3z 1x\" type=\"image\/jpeg\" media=\"all and (min-width: 450px)\" \/><source srcset=\"\/sites\/default\/files\/styles\/square_column_12_xs\/public\/2021-05\/peter%20%281%29.jpg?itok=Hj4qunGr 1x\" type=\"image\/jpeg\" media=\"all and (min-width: 0px)\" \/><\/picture><\/div><\/div><\/div>\t\t\t\t\t\t\t\t<\/div>\n\t\t\t\t<\/div>\n\t\t\t\t\t<\/div>\n\t\t<\/div>\n\t\t\t\t<div class=\"elementor-column elementor-col-25 elementor-top-column elementor-element elementor-element-646aa8e\" data-id=\"646aa8e\" data-element_type=\"column\" data-settings=\"{&quot;background_background&quot;:&quot;classic&quot;}\">\n\t\t\t<div class=\"elementor-widget-wrap elementor-element-populated\">\n\t\t\t\t\t<div class=\"elementor-background-overlay\"><\/div>\n\t\t\t\t\t\t<div class=\"elementor-element elementor-element-f3bb2aa elementor-widget elementor-widget-heading\" data-id=\"f3bb2aa\" data-element_type=\"widget\" data-widget_type=\"heading.default\">\n\t\t\t\t<div class=\"elementor-widget-container\">\n\t\t\t\t\t<span class=\"elementor-heading-title elementor-size-default\">Impression de qualit\u00e9<\/span>\t\t\t\t<\/div>\n\t\t\t\t<\/div>\n\t\t\t\t\t<\/div>\n\t\t<\/div>\n\t\t\t\t<div class=\"elementor-column elementor-col-25 elementor-top-column elementor-element elementor-element-2c9b793\" data-id=\"2c9b793\" data-element_type=\"column\" data-settings=\"{&quot;background_background&quot;:&quot;classic&quot;}\">\n\t\t\t<div class=\"elementor-widget-wrap elementor-element-populated\">\n\t\t\t\t\t\t<div class=\"elementor-element elementor-element-317017f elementor-widget elementor-widget-heading\" data-id=\"317017f\" data-element_type=\"widget\" data-widget_type=\"heading.default\">\n\t\t\t\t<div class=\"elementor-widget-container\">\n\t\t\t\t\t<span class=\"elementor-heading-title elementor-size-default\">Exp\u00e9dition mondiale\n<\/span>\t\t\t\t<\/div>\n\t\t\t\t<\/div>\n\t\t\t\t<div class=\"elementor-element elementor-element-f19199d elementor-widget elementor-widget-heading\" data-id=\"f19199d\" data-element_type=\"widget\" data-widget_type=\"heading.default\">\n\t\t\t\t<div class=\"elementor-widget-container\">\n\t\t\t\t\t<span class=\"elementor-heading-title elementor-size-default\">Nos ambitions n'ont pas de limite<\/span>\t\t\t\t<\/div>\n\t\t\t\t<\/div>\n\t\t\t\t<div class=\"elementor-element elementor-element-ad7ea8d elementor-widget elementor-widget-text-editor\" data-id=\"ad7ea8d\" data-element_type=\"widget\" data-widget_type=\"text-editor.default\">\n\t\t\t\t<div class=\"elementor-widget-container\">\n\t\t\t\t\t\t\t\t\t<p>Amener le monde avec la lecture<\/p>\t\t\t\t\t\t\t\t<\/div>\n\t\t\t\t<\/div>\n\t\t\t\t\t<\/div>\n\t\t<\/div>\n\t\t\t\t\t<\/div>\n\t\t<\/section>\n\t\t\t\t<\/div>","protected":false},"excerpt":{"rendered":"<p>Recettes totales (%)<\/p>","protected":false},"author":1,"featured_media":0,"parent":0,"menu_order":0,"comment_status":"closed","ping_status":"closed","template":"elementor_header_footer","meta":{"_acf_changed":false,"footnotes":""},"class_list":["post-416","page","type-page","status-publish"],"acf":[],"yoast_head":"<!-- This site is optimized with the Yoast SEO plugin v25.8 - https:\/\/yoast.com\/wordpress\/plugins\/seo\/ -->\n<title>Trade Capacity - YBJ Book Printing<\/title>\n<meta name=\"robots\" content=\"index, follow, max-snippet:-1, max-image-preview:large, max-video-preview:-1\" \/>\n<link rel=\"canonical\" href=\"https:\/\/www.ybj-printing.com\/fr\/capacite-commerciale\/\" \/>\n<meta property=\"og:locale\" content=\"fr_FR\" \/>\n<meta property=\"og:type\" content=\"article\" \/>\n<meta property=\"og:title\" content=\"Trade Capacity - YBJ Book Printing\" \/>\n<meta property=\"og:description\" content=\"Total Revenue (%)\" \/>\n<meta property=\"og:url\" content=\"https:\/\/www.ybj-printing.com\/fr\/capacite-commerciale\/\" \/>\n<meta property=\"og:site_name\" content=\"YBJ Book Printing\" \/>\n<meta property=\"article:publisher\" content=\"https:\/\/www.facebook.com\/YBJPrinting\/\" \/>\n<meta property=\"article:modified_time\" content=\"2023-01-15T06:58:05+00:00\" \/>\n<meta property=\"og:image\" content=\"https:\/\/www.ybj-printing.com\/wp-content\/uploads\/2025\/07\/book-factory-3.jpg\" \/>\n\t<meta property=\"og:image:width\" content=\"1200\" \/>\n\t<meta property=\"og:image:height\" content=\"800\" \/>\n\t<meta property=\"og:image:type\" content=\"image\/jpeg\" \/>\n<meta name=\"twitter:card\" content=\"summary_large_image\" \/>\n<meta name=\"twitter:label1\" content=\"Est. reading time\" \/>\n\t<meta name=\"twitter:data1\" content=\"1 minute\" \/>\n<script type=\"application\/ld+json\" class=\"yoast-schema-graph\">{\"@context\":\"https:\/\/schema.org\",\"@graph\":[{\"@type\":\"WebPage\",\"@id\":\"https:\/\/www.ybj-printing.com\/trade-capacity\/\",\"url\":\"https:\/\/www.ybj-printing.com\/trade-capacity\/\",\"name\":\"Trade Capacity - YBJ Book Printing\",\"isPartOf\":{\"@id\":\"https:\/\/www.ybj-printing.com\/#website\"},\"datePublished\":\"2017-01-11T03:42:58+00:00\",\"dateModified\":\"2023-01-15T06:58:05+00:00\",\"breadcrumb\":{\"@id\":\"https:\/\/www.ybj-printing.com\/trade-capacity\/#breadcrumb\"},\"inLanguage\":\"fr-FR\",\"potentialAction\":[{\"@type\":\"ReadAction\",\"target\":[\"https:\/\/www.ybj-printing.com\/trade-capacity\/\"]}]},{\"@type\":\"BreadcrumbList\",\"@id\":\"https:\/\/www.ybj-printing.com\/trade-capacity\/#breadcrumb\",\"itemListElement\":[{\"@type\":\"ListItem\",\"position\":1,\"name\":\"Home\",\"item\":\"https:\/\/www.ybj-printing.com\/\"},{\"@type\":\"ListItem\",\"position\":2,\"name\":\"Trade Capacity\"}]},{\"@type\":\"WebSite\",\"@id\":\"https:\/\/www.ybj-printing.com\/#website\",\"url\":\"https:\/\/www.ybj-printing.com\/\",\"name\":\"YBJ Book Printing\",\"description\":\"China Book Printing Factory\",\"publisher\":{\"@id\":\"https:\/\/www.ybj-printing.com\/#organization\"},\"alternateName\":\"YBJ Printing\",\"potentialAction\":[{\"@type\":\"SearchAction\",\"target\":{\"@type\":\"EntryPoint\",\"urlTemplate\":\"https:\/\/www.ybj-printing.com\/?s={search_term_string}\"},\"query-input\":{\"@type\":\"PropertyValueSpecification\",\"valueRequired\":true,\"valueName\":\"search_term_string\"}}],\"inLanguage\":\"fr-FR\"},{\"@type\":\"Organization\",\"@id\":\"https:\/\/www.ybj-printing.com\/#organization\",\"name\":\"YBJ Book Printing\",\"alternateName\":\"YBJ Printing\",\"url\":\"https:\/\/www.ybj-printing.com\/\",\"logo\":{\"@type\":\"ImageObject\",\"inLanguage\":\"fr-FR\",\"@id\":\"https:\/\/www.ybj-printing.com\/#\/schema\/logo\/image\/\",\"url\":\"https:\/\/www.ybj-printing.com\/wp-content\/uploads\/2023\/11\/ybj-logo-old.png\",\"contentUrl\":\"https:\/\/www.ybj-printing.com\/wp-content\/uploads\/2023\/11\/ybj-logo-old.png\",\"width\":504,\"height\":279,\"caption\":\"YBJ Book Printing\"},\"image\":{\"@id\":\"https:\/\/www.ybj-printing.com\/#\/schema\/logo\/image\/\"},\"sameAs\":[\"https:\/\/www.facebook.com\/YBJPrinting\/\",\"https:\/\/www.youtube.com\/channel\/UClmcORiaLAYlsSEdkNZfCMA\/\"]}]}<\/script>\n<!-- \/ Yoast SEO plugin. -->","yoast_head_json":{"title":"Trade Capacity - YBJ Book Printing","robots":{"index":"index","follow":"follow","max-snippet":"max-snippet:-1","max-image-preview":"max-image-preview:large","max-video-preview":"max-video-preview:-1"},"canonical":"https:\/\/www.ybj-printing.com\/fr\/capacite-commerciale\/","og_locale":"fr_FR","og_type":"article","og_title":"Trade Capacity - YBJ Book Printing","og_description":"Total Revenue (%)","og_url":"https:\/\/www.ybj-printing.com\/fr\/capacite-commerciale\/","og_site_name":"YBJ Book Printing","article_publisher":"https:\/\/www.facebook.com\/YBJPrinting\/","article_modified_time":"2023-01-15T06:58:05+00:00","og_image":[{"width":1200,"height":800,"url":"https:\/\/www.ybj-printing.com\/wp-content\/uploads\/2025\/07\/book-factory-3.jpg","type":"image\/jpeg"}],"twitter_card":"summary_large_image","twitter_misc":{"Est. reading time":"1 minute"},"schema":{"@context":"https:\/\/schema.org","@graph":[{"@type":"WebPage","@id":"https:\/\/www.ybj-printing.com\/trade-capacity\/","url":"https:\/\/www.ybj-printing.com\/trade-capacity\/","name":"Trade Capacity - YBJ Book Printing","isPartOf":{"@id":"https:\/\/www.ybj-printing.com\/#website"},"datePublished":"2017-01-11T03:42:58+00:00","dateModified":"2023-01-15T06:58:05+00:00","breadcrumb":{"@id":"https:\/\/www.ybj-printing.com\/trade-capacity\/#breadcrumb"},"inLanguage":"fr-FR","potentialAction":[{"@type":"ReadAction","target":["https:\/\/www.ybj-printing.com\/trade-capacity\/"]}]},{"@type":"BreadcrumbList","@id":"https:\/\/www.ybj-printing.com\/trade-capacity\/#breadcrumb","itemListElement":[{"@type":"ListItem","position":1,"name":"Home","item":"https:\/\/www.ybj-printing.com\/"},{"@type":"ListItem","position":2,"name":"Trade Capacity"}]},{"@type":"WebSite","@id":"https:\/\/www.ybj-printing.com\/#website","url":"https:\/\/www.ybj-printing.com\/","name":"YBJ Book Printing","description":"China Book Printing Factory","publisher":{"@id":"https:\/\/www.ybj-printing.com\/#organization"},"alternateName":"YBJ Printing","potentialAction":[{"@type":"SearchAction","target":{"@type":"EntryPoint","urlTemplate":"https:\/\/www.ybj-printing.com\/?s={search_term_string}"},"query-input":{"@type":"PropertyValueSpecification","valueRequired":true,"valueName":"search_term_string"}}],"inLanguage":"fr-FR"},{"@type":"Organization","@id":"https:\/\/www.ybj-printing.com\/#organization","name":"YBJ Book Printing","alternateName":"YBJ Printing","url":"https:\/\/www.ybj-printing.com\/","logo":{"@type":"ImageObject","inLanguage":"fr-FR","@id":"https:\/\/www.ybj-printing.com\/#\/schema\/logo\/image\/","url":"https:\/\/www.ybj-printing.com\/wp-content\/uploads\/2023\/11\/ybj-logo-old.png","contentUrl":"https:\/\/www.ybj-printing.com\/wp-content\/uploads\/2023\/11\/ybj-logo-old.png","width":504,"height":279,"caption":"YBJ Book Printing"},"image":{"@id":"https:\/\/www.ybj-printing.com\/#\/schema\/logo\/image\/"},"sameAs":["https:\/\/www.facebook.com\/YBJPrinting\/","https:\/\/www.youtube.com\/channel\/UClmcORiaLAYlsSEdkNZfCMA\/"]}]}},"_links":{"self":[{"href":"https:\/\/www.ybj-printing.com\/fr\/wp-json\/wp\/v2\/pages\/416","targetHints":{"allow":["GET"]}}],"collection":[{"href":"https:\/\/www.ybj-printing.com\/fr\/wp-json\/wp\/v2\/pages"}],"about":[{"href":"https:\/\/www.ybj-printing.com\/fr\/wp-json\/wp\/v2\/types\/page"}],"author":[{"embeddable":true,"href":"https:\/\/www.ybj-printing.com\/fr\/wp-json\/wp\/v2\/users\/1"}],"replies":[{"embeddable":true,"href":"https:\/\/www.ybj-printing.com\/fr\/wp-json\/wp\/v2\/comments?post=416"}],"version-history":[{"count":0,"href":"https:\/\/www.ybj-printing.com\/fr\/wp-json\/wp\/v2\/pages\/416\/revisions"}],"wp:attachment":[{"href":"https:\/\/www.ybj-printing.com\/fr\/wp-json\/wp\/v2\/media?parent=416"}],"curies":[{"name":"wp","href":"https:\/\/api.w.org\/{rel}","templated":true}]}}