{"id":16491,"date":"2022-07-13T10:52:35","date_gmt":"2022-07-13T02:52:35","guid":{"rendered":"https:\/\/www.ybj-printing.com\/?post_type=product&#038;p=16491"},"modified":"2022-07-13T10:53:12","modified_gmt":"2022-07-13T02:53:12","slug":"livre-de-souvenirs-de-bebe","status":"publish","type":"product","link":"https:\/\/www.ybj-printing.com\/fr\/impression\/livre-de-souvenirs-de-bebe\/","title":{"rendered":"Livre de souvenirs de b\u00e9b\u00e9"},"content":{"rendered":"","protected":false},"excerpt":{"rendered":"<p>Les livres de souvenirs pour b\u00e9b\u00e9s sont essentiellement des endroits o\u00f9 vous pouvez conserver des photos et des souvenirs des premi\u00e8res ann\u00e9es de votre petit bout, et parfois tenir un journal de ses progr\u00e8s au fur et \u00e0 mesure qu'il grandit.<br \/>\nC'est l'endroit id\u00e9al pour noter les \u00e9tapes importantes, comme la premi\u00e8re fois que b\u00e9b\u00e9 se retourne, s'assoit, marche, parle... la liste est longue !<br \/>\nQu'il s'agisse de noter le poids de b\u00e9b\u00e9, l'heure de sa naissance, son plat pr\u00e9f\u00e9r\u00e9, ses chansons pr\u00e9f\u00e9r\u00e9es et ce qui le fait sourire, ou de conserver une m\u00e8che de cheveux de sa premi\u00e8re coupe, les livres de souvenirs de b\u00e9b\u00e9 sont un must pour les nouvelles mamans.<\/p>","protected":false},"featured_media":16493,"template":"","meta":{"_acf_changed":false},"product_brand":[],"product_cat":[92],"product_tag":[],"class_list":{"0":"post-16491","1":"product","2":"type-product","3":"status-publish","4":"has-post-thumbnail","6":"product_cat-childrens-book-printing","7":"sales-flash-overlay","8":"woocommerce-text-align-center","9":"woocommerce-image-align-center","10":"do-quantity-buttons","11":"wc-has-gallery","13":"first","14":"instock","15":"shipping-taxable","16":"product-type-simple"},"acf":[],"yoast_head":"<!-- This site is optimized with the Yoast SEO plugin v25.8 - https:\/\/yoast.com\/wordpress\/plugins\/seo\/ -->\n<title>Baby Memory Book - YBJ Book Printing<\/title>\n<meta name=\"robots\" content=\"index, follow, max-snippet:-1, max-image-preview:large, max-video-preview:-1\" \/>\n<link rel=\"canonical\" href=\"https:\/\/www.ybj-printing.com\/fr\/impression\/livre-de-souvenirs-de-bebe\/\" \/>\n<meta property=\"og:locale\" content=\"fr_FR\" \/>\n<meta property=\"og:type\" content=\"article\" \/>\n<meta property=\"og:title\" content=\"Baby Memory Book - YBJ Book Printing\" \/>\n<meta property=\"og:description\" content=\"Memory books for babies are essentially places to keep photos and keepsakes of your little peanut\u2019s early years, along with sometimes journaling their progress as they grow. They\u2019re a great place to record milestones like the first time baby rolls over, sits up, walks, talks\u2026 the list goes on! From making a note of baby\u2019s birth weight, time of birth, favorite baby food, favorite songs, and what else makes them smile, to keeping a lock of hair from their first trim, baby memory books are a must for new moms.\" \/>\n<meta property=\"og:url\" content=\"https:\/\/www.ybj-printing.com\/fr\/impression\/livre-de-souvenirs-de-bebe\/\" \/>\n<meta property=\"og:site_name\" content=\"YBJ Book Printing\" \/>\n<meta property=\"article:publisher\" content=\"https:\/\/www.facebook.com\/YBJPrinting\/\" \/>\n<meta property=\"article:modified_time\" content=\"2022-07-13T02:53:12+00:00\" \/>\n<meta property=\"og:image\" content=\"https:\/\/www.ybj-printing.com\/wp-content\/uploads\/Baby-First-Book-253.jpg\" \/>\n\t<meta property=\"og:image:width\" content=\"800\" \/>\n\t<meta property=\"og:image:height\" content=\"800\" \/>\n\t<meta property=\"og:image:type\" content=\"image\/jpeg\" \/>\n<meta name=\"twitter:card\" content=\"summary_large_image\" \/>\n<script type=\"application\/ld+json\" class=\"yoast-schema-graph\">{\"@context\":\"https:\/\/schema.org\",\"@graph\":[{\"@type\":\"WebPage\",\"@id\":\"https:\/\/www.ybj-printing.com\/printing\/baby-memory-book\/\",\"url\":\"https:\/\/www.ybj-printing.com\/printing\/baby-memory-book\/\",\"name\":\"Baby Memory Book - YBJ Book Printing\",\"isPartOf\":{\"@id\":\"https:\/\/www.ybj-printing.com\/#website\"},\"primaryImageOfPage\":{\"@id\":\"https:\/\/www.ybj-printing.com\/printing\/baby-memory-book\/#primaryimage\"},\"image\":{\"@id\":\"https:\/\/www.ybj-printing.com\/printing\/baby-memory-book\/#primaryimage\"},\"thumbnailUrl\":\"https:\/\/www.ybj-printing.com\/wp-content\/uploads\/Baby-First-Book-253.jpg\",\"datePublished\":\"2022-07-13T02:52:35+00:00\",\"dateModified\":\"2022-07-13T02:53:12+00:00\",\"breadcrumb\":{\"@id\":\"https:\/\/www.ybj-printing.com\/printing\/baby-memory-book\/#breadcrumb\"},\"inLanguage\":\"fr-FR\",\"potentialAction\":[{\"@type\":\"ReadAction\",\"target\":[\"https:\/\/www.ybj-printing.com\/printing\/baby-memory-book\/\"]}]},{\"@type\":\"ImageObject\",\"inLanguage\":\"fr-FR\",\"@id\":\"https:\/\/www.ybj-printing.com\/printing\/baby-memory-book\/#primaryimage\",\"url\":\"https:\/\/www.ybj-printing.com\/wp-content\/uploads\/Baby-First-Book-253.jpg\",\"contentUrl\":\"https:\/\/www.ybj-printing.com\/wp-content\/uploads\/Baby-First-Book-253.jpg\",\"width\":800,\"height\":800},{\"@type\":\"BreadcrumbList\",\"@id\":\"https:\/\/www.ybj-printing.com\/printing\/baby-memory-book\/#breadcrumb\",\"itemListElement\":[{\"@type\":\"ListItem\",\"position\":1,\"name\":\"Home\",\"item\":\"https:\/\/www.ybj-printing.com\/\"},{\"@type\":\"ListItem\",\"position\":2,\"name\":\"Products\",\"item\":\"https:\/\/www.ybj-printing.com\/shop\/\"},{\"@type\":\"ListItem\",\"position\":3,\"name\":\"Baby Memory Book\"}]},{\"@type\":\"WebSite\",\"@id\":\"https:\/\/www.ybj-printing.com\/#website\",\"url\":\"https:\/\/www.ybj-printing.com\/\",\"name\":\"YBJ Book Printing\",\"description\":\"China Book Printing Factory\",\"publisher\":{\"@id\":\"https:\/\/www.ybj-printing.com\/#organization\"},\"alternateName\":\"YBJ Printing\",\"potentialAction\":[{\"@type\":\"SearchAction\",\"target\":{\"@type\":\"EntryPoint\",\"urlTemplate\":\"https:\/\/www.ybj-printing.com\/?s={search_term_string}\"},\"query-input\":{\"@type\":\"PropertyValueSpecification\",\"valueRequired\":true,\"valueName\":\"search_term_string\"}}],\"inLanguage\":\"fr-FR\"},{\"@type\":\"Organization\",\"@id\":\"https:\/\/www.ybj-printing.com\/#organization\",\"name\":\"YBJ Book Printing\",\"alternateName\":\"YBJ Printing\",\"url\":\"https:\/\/www.ybj-printing.com\/\",\"logo\":{\"@type\":\"ImageObject\",\"inLanguage\":\"fr-FR\",\"@id\":\"https:\/\/www.ybj-printing.com\/#\/schema\/logo\/image\/\",\"url\":\"https:\/\/www.ybj-printing.com\/wp-content\/uploads\/2023\/11\/ybj-logo-old.png\",\"contentUrl\":\"https:\/\/www.ybj-printing.com\/wp-content\/uploads\/2023\/11\/ybj-logo-old.png\",\"width\":504,\"height\":279,\"caption\":\"YBJ Book Printing\"},\"image\":{\"@id\":\"https:\/\/www.ybj-printing.com\/#\/schema\/logo\/image\/\"},\"sameAs\":[\"https:\/\/www.facebook.com\/YBJPrinting\/\",\"https:\/\/www.youtube.com\/channel\/UClmcORiaLAYlsSEdkNZfCMA\/\"]}]}<\/script>\n<!-- \/ Yoast SEO plugin. -->","yoast_head_json":{"title":"Baby Memory Book - YBJ Book Printing","robots":{"index":"index","follow":"follow","max-snippet":"max-snippet:-1","max-image-preview":"max-image-preview:large","max-video-preview":"max-video-preview:-1"},"canonical":"https:\/\/www.ybj-printing.com\/fr\/impression\/livre-de-souvenirs-de-bebe\/","og_locale":"fr_FR","og_type":"article","og_title":"Baby Memory Book - YBJ Book Printing","og_description":"Memory books for babies are essentially places to keep photos and keepsakes of your little peanut\u2019s early years, along with sometimes journaling their progress as they grow. They\u2019re a great place to record milestones like the first time baby rolls over, sits up, walks, talks\u2026 the list goes on! From making a note of baby\u2019s birth weight, time of birth, favorite baby food, favorite songs, and what else makes them smile, to keeping a lock of hair from their first trim, baby memory books are a must for new moms.","og_url":"https:\/\/www.ybj-printing.com\/fr\/impression\/livre-de-souvenirs-de-bebe\/","og_site_name":"YBJ Book Printing","article_publisher":"https:\/\/www.facebook.com\/YBJPrinting\/","article_modified_time":"2022-07-13T02:53:12+00:00","og_image":[{"width":800,"height":800,"url":"https:\/\/www.ybj-printing.com\/wp-content\/uploads\/Baby-First-Book-253.jpg","type":"image\/jpeg"}],"twitter_card":"summary_large_image","schema":{"@context":"https:\/\/schema.org","@graph":[{"@type":"WebPage","@id":"https:\/\/www.ybj-printing.com\/printing\/baby-memory-book\/","url":"https:\/\/www.ybj-printing.com\/printing\/baby-memory-book\/","name":"Baby Memory Book - YBJ Book Printing","isPartOf":{"@id":"https:\/\/www.ybj-printing.com\/#website"},"primaryImageOfPage":{"@id":"https:\/\/www.ybj-printing.com\/printing\/baby-memory-book\/#primaryimage"},"image":{"@id":"https:\/\/www.ybj-printing.com\/printing\/baby-memory-book\/#primaryimage"},"thumbnailUrl":"https:\/\/www.ybj-printing.com\/wp-content\/uploads\/Baby-First-Book-253.jpg","datePublished":"2022-07-13T02:52:35+00:00","dateModified":"2022-07-13T02:53:12+00:00","breadcrumb":{"@id":"https:\/\/www.ybj-printing.com\/printing\/baby-memory-book\/#breadcrumb"},"inLanguage":"fr-FR","potentialAction":[{"@type":"ReadAction","target":["https:\/\/www.ybj-printing.com\/printing\/baby-memory-book\/"]}]},{"@type":"ImageObject","inLanguage":"fr-FR","@id":"https:\/\/www.ybj-printing.com\/printing\/baby-memory-book\/#primaryimage","url":"https:\/\/www.ybj-printing.com\/wp-content\/uploads\/Baby-First-Book-253.jpg","contentUrl":"https:\/\/www.ybj-printing.com\/wp-content\/uploads\/Baby-First-Book-253.jpg","width":800,"height":800},{"@type":"BreadcrumbList","@id":"https:\/\/www.ybj-printing.com\/printing\/baby-memory-book\/#breadcrumb","itemListElement":[{"@type":"ListItem","position":1,"name":"Home","item":"https:\/\/www.ybj-printing.com\/"},{"@type":"ListItem","position":2,"name":"Products","item":"https:\/\/www.ybj-printing.com\/shop\/"},{"@type":"ListItem","position":3,"name":"Baby Memory Book"}]},{"@type":"WebSite","@id":"https:\/\/www.ybj-printing.com\/#website","url":"https:\/\/www.ybj-printing.com\/","name":"YBJ Book Printing","description":"China Book Printing Factory","publisher":{"@id":"https:\/\/www.ybj-printing.com\/#organization"},"alternateName":"YBJ Printing","potentialAction":[{"@type":"SearchAction","target":{"@type":"EntryPoint","urlTemplate":"https:\/\/www.ybj-printing.com\/?s={search_term_string}"},"query-input":{"@type":"PropertyValueSpecification","valueRequired":true,"valueName":"search_term_string"}}],"inLanguage":"fr-FR"},{"@type":"Organization","@id":"https:\/\/www.ybj-printing.com\/#organization","name":"YBJ Book Printing","alternateName":"YBJ Printing","url":"https:\/\/www.ybj-printing.com\/","logo":{"@type":"ImageObject","inLanguage":"fr-FR","@id":"https:\/\/www.ybj-printing.com\/#\/schema\/logo\/image\/","url":"https:\/\/www.ybj-printing.com\/wp-content\/uploads\/2023\/11\/ybj-logo-old.png","contentUrl":"https:\/\/www.ybj-printing.com\/wp-content\/uploads\/2023\/11\/ybj-logo-old.png","width":504,"height":279,"caption":"YBJ Book Printing"},"image":{"@id":"https:\/\/www.ybj-printing.com\/#\/schema\/logo\/image\/"},"sameAs":["https:\/\/www.facebook.com\/YBJPrinting\/","https:\/\/www.youtube.com\/channel\/UClmcORiaLAYlsSEdkNZfCMA\/"]}]}},"_links":{"self":[{"href":"https:\/\/www.ybj-printing.com\/fr\/wp-json\/wp\/v2\/product\/16491","targetHints":{"allow":["GET"]}}],"collection":[{"href":"https:\/\/www.ybj-printing.com\/fr\/wp-json\/wp\/v2\/product"}],"about":[{"href":"https:\/\/www.ybj-printing.com\/fr\/wp-json\/wp\/v2\/types\/product"}],"wp:featuredmedia":[{"embeddable":true,"href":"https:\/\/www.ybj-printing.com\/fr\/wp-json\/wp\/v2\/media\/16493"}],"wp:attachment":[{"href":"https:\/\/www.ybj-printing.com\/fr\/wp-json\/wp\/v2\/media?parent=16491"}],"wp:term":[{"taxonomy":"product_brand","embeddable":true,"href":"https:\/\/www.ybj-printing.com\/fr\/wp-json\/wp\/v2\/product_brand?post=16491"},{"taxonomy":"product_cat","embeddable":true,"href":"https:\/\/www.ybj-printing.com\/fr\/wp-json\/wp\/v2\/product_cat?post=16491"},{"taxonomy":"product_tag","embeddable":true,"href":"https:\/\/www.ybj-printing.com\/fr\/wp-json\/wp\/v2\/product_tag?post=16491"}],"curies":[{"name":"wp","href":"https:\/\/api.w.org\/{rel}","templated":true}]}}