{"id":16520,"date":"2022-07-13T11:02:56","date_gmt":"2022-07-13T03:02:56","guid":{"rendered":"https:\/\/www.ybj-printing.com\/?post_type=product&#038;p=16520"},"modified":"2022-07-13T11:04:25","modified_gmt":"2022-07-13T03:04:25","slug":"cahier-dexercices-de-magie-pour-enfants","status":"publish","type":"product","link":"https:\/\/www.ybj-printing.com\/fr\/impression\/cahier-dexercices-de-magie-pour-enfants\/","title":{"rendered":"Cahier d'exercices magiques effa\u00e7ables pour les enfants"},"content":{"rendered":"","protected":false},"excerpt":{"rendered":"<p>Vos enfants adorent s'exercer \u00e0 l'\u00e9criture ? Avec nos livres de tra\u00e7age de chiffres et de lettres r\u00e9utilisables, ils peuvent s'exercer \u00e0 tout moment ! Chaque page comporte des rainures qui les guident dans le trac\u00e9 des lettres et des chiffres. Ils peuvent explorer les chiffres, les lettres, les comp\u00e9tences math\u00e9matiques et m\u00eame le dessin libre. C'est une fa\u00e7on amusante d'apprendre et un excellent moyen de d\u00e9velopper leur motricit\u00e9 fine. Et ne vous inqui\u00e9tez pas s'il n'y a plus de pages : l'encre dispara\u00eet progressivement pour que l'enfant puisse r\u00e9utiliser chaque livre \u00e0 l'infini. Alors, place \u00e0 l'apprentissage et au plaisir !<\/p>\n<p>Faits marquants :<br \/>\nAidez votre enfant \u00e0 reconna\u00eetre les chiffres et les lettres et \u00e0 am\u00e9liorer sa motricit\u00e9 fine.<br \/>\nUn outil d'apprentissage amusant que les enfants ont h\u00e2te d'utiliser !\t<\/p>","protected":false},"featured_media":16521,"template":"","meta":{"_acf_changed":false},"product_brand":[],"product_cat":[92],"product_tag":[],"class_list":{"0":"post-16520","1":"product","2":"type-product","3":"status-publish","4":"has-post-thumbnail","6":"product_cat-childrens-book-printing","7":"sales-flash-overlay","8":"woocommerce-text-align-center","9":"woocommerce-image-align-center","10":"do-quantity-buttons","11":"wc-has-gallery","13":"first","14":"instock","15":"shipping-taxable","16":"product-type-simple"},"acf":[],"yoast_head":"<!-- This site is optimized with the Yoast SEO plugin v25.8 - https:\/\/yoast.com\/wordpress\/plugins\/seo\/ -->\n<title>Wipe-clean Magic Practice Copybook for Kids - YBJ Book Printing<\/title>\n<meta name=\"robots\" content=\"index, follow, max-snippet:-1, max-image-preview:large, max-video-preview:-1\" \/>\n<link rel=\"canonical\" href=\"https:\/\/www.ybj-printing.com\/fr\/impression\/cahier-dexercices-de-magie-pour-enfants\/\" \/>\n<meta property=\"og:locale\" content=\"fr_FR\" \/>\n<meta property=\"og:type\" content=\"article\" \/>\n<meta property=\"og:title\" content=\"Wipe-clean Magic Practice Copybook for Kids - YBJ Book Printing\" \/>\n<meta property=\"og:description\" content=\"Do your kids love practicing their handwriting? With our reusable number and letter tracing books, they can practice anytime they want! Each page has grooves to help guide them with the proper letter and number strokes. They can explore numbers, letters, math skills, and even free-drawing. It is a fun way to learn and a great way to develop their fine motor skills. And don&#039;t worry about running out of pages - the ink gradually disappears so they can use each book again and again. So bring on the learning fun!  Highlights: Help your child recognize numbers and letters and improve their fine motor skills. A fun learning tool that kids can&#039;t wait to use!\" \/>\n<meta property=\"og:url\" content=\"https:\/\/www.ybj-printing.com\/fr\/impression\/cahier-dexercices-de-magie-pour-enfants\/\" \/>\n<meta property=\"og:site_name\" content=\"YBJ Book Printing\" \/>\n<meta property=\"article:publisher\" content=\"https:\/\/www.facebook.com\/YBJPrinting\/\" \/>\n<meta property=\"article:modified_time\" content=\"2022-07-13T03:04:25+00:00\" \/>\n<meta property=\"og:image\" content=\"https:\/\/www.ybj-printing.com\/wp-content\/uploads\/Wipe-clean-Magic-Practice-Copybook-for-Kids-1.jpg\" \/>\n\t<meta property=\"og:image:width\" content=\"1000\" \/>\n\t<meta property=\"og:image:height\" content=\"1000\" \/>\n\t<meta property=\"og:image:type\" content=\"image\/jpeg\" \/>\n<meta name=\"twitter:card\" content=\"summary_large_image\" \/>\n<script type=\"application\/ld+json\" class=\"yoast-schema-graph\">{\"@context\":\"https:\/\/schema.org\",\"@graph\":[{\"@type\":\"WebPage\",\"@id\":\"https:\/\/www.ybj-printing.com\/printing\/wipe-clean-magic-practice-copybook-for-kids\/\",\"url\":\"https:\/\/www.ybj-printing.com\/printing\/wipe-clean-magic-practice-copybook-for-kids\/\",\"name\":\"Wipe-clean Magic Practice Copybook for Kids - YBJ Book Printing\",\"isPartOf\":{\"@id\":\"https:\/\/www.ybj-printing.com\/#website\"},\"primaryImageOfPage\":{\"@id\":\"https:\/\/www.ybj-printing.com\/printing\/wipe-clean-magic-practice-copybook-for-kids\/#primaryimage\"},\"image\":{\"@id\":\"https:\/\/www.ybj-printing.com\/printing\/wipe-clean-magic-practice-copybook-for-kids\/#primaryimage\"},\"thumbnailUrl\":\"https:\/\/www.ybj-printing.com\/wp-content\/uploads\/Wipe-clean-Magic-Practice-Copybook-for-Kids-1.jpg\",\"datePublished\":\"2022-07-13T03:02:56+00:00\",\"dateModified\":\"2022-07-13T03:04:25+00:00\",\"breadcrumb\":{\"@id\":\"https:\/\/www.ybj-printing.com\/printing\/wipe-clean-magic-practice-copybook-for-kids\/#breadcrumb\"},\"inLanguage\":\"fr-FR\",\"potentialAction\":[{\"@type\":\"ReadAction\",\"target\":[\"https:\/\/www.ybj-printing.com\/printing\/wipe-clean-magic-practice-copybook-for-kids\/\"]}]},{\"@type\":\"ImageObject\",\"inLanguage\":\"fr-FR\",\"@id\":\"https:\/\/www.ybj-printing.com\/printing\/wipe-clean-magic-practice-copybook-for-kids\/#primaryimage\",\"url\":\"https:\/\/www.ybj-printing.com\/wp-content\/uploads\/Wipe-clean-Magic-Practice-Copybook-for-Kids-1.jpg\",\"contentUrl\":\"https:\/\/www.ybj-printing.com\/wp-content\/uploads\/Wipe-clean-Magic-Practice-Copybook-for-Kids-1.jpg\",\"width\":1000,\"height\":1000},{\"@type\":\"BreadcrumbList\",\"@id\":\"https:\/\/www.ybj-printing.com\/printing\/wipe-clean-magic-practice-copybook-for-kids\/#breadcrumb\",\"itemListElement\":[{\"@type\":\"ListItem\",\"position\":1,\"name\":\"Home\",\"item\":\"https:\/\/www.ybj-printing.com\/\"},{\"@type\":\"ListItem\",\"position\":2,\"name\":\"Products\",\"item\":\"https:\/\/www.ybj-printing.com\/shop\/\"},{\"@type\":\"ListItem\",\"position\":3,\"name\":\"Wipe-clean Magic Practice Copybook for Kids\"}]},{\"@type\":\"WebSite\",\"@id\":\"https:\/\/www.ybj-printing.com\/#website\",\"url\":\"https:\/\/www.ybj-printing.com\/\",\"name\":\"YBJ Book Printing\",\"description\":\"China Book Printing Factory\",\"publisher\":{\"@id\":\"https:\/\/www.ybj-printing.com\/#organization\"},\"alternateName\":\"YBJ Printing\",\"potentialAction\":[{\"@type\":\"SearchAction\",\"target\":{\"@type\":\"EntryPoint\",\"urlTemplate\":\"https:\/\/www.ybj-printing.com\/?s={search_term_string}\"},\"query-input\":{\"@type\":\"PropertyValueSpecification\",\"valueRequired\":true,\"valueName\":\"search_term_string\"}}],\"inLanguage\":\"fr-FR\"},{\"@type\":\"Organization\",\"@id\":\"https:\/\/www.ybj-printing.com\/#organization\",\"name\":\"YBJ Book Printing\",\"alternateName\":\"YBJ Printing\",\"url\":\"https:\/\/www.ybj-printing.com\/\",\"logo\":{\"@type\":\"ImageObject\",\"inLanguage\":\"fr-FR\",\"@id\":\"https:\/\/www.ybj-printing.com\/#\/schema\/logo\/image\/\",\"url\":\"https:\/\/www.ybj-printing.com\/wp-content\/uploads\/2023\/11\/ybj-logo-old.png\",\"contentUrl\":\"https:\/\/www.ybj-printing.com\/wp-content\/uploads\/2023\/11\/ybj-logo-old.png\",\"width\":504,\"height\":279,\"caption\":\"YBJ Book Printing\"},\"image\":{\"@id\":\"https:\/\/www.ybj-printing.com\/#\/schema\/logo\/image\/\"},\"sameAs\":[\"https:\/\/www.facebook.com\/YBJPrinting\/\",\"https:\/\/www.youtube.com\/channel\/UClmcORiaLAYlsSEdkNZfCMA\/\"]}]}<\/script>\n<!-- \/ Yoast SEO plugin. -->","yoast_head_json":{"title":"Wipe-clean Magic Practice Copybook for Kids - YBJ Book Printing","robots":{"index":"index","follow":"follow","max-snippet":"max-snippet:-1","max-image-preview":"max-image-preview:large","max-video-preview":"max-video-preview:-1"},"canonical":"https:\/\/www.ybj-printing.com\/fr\/impression\/cahier-dexercices-de-magie-pour-enfants\/","og_locale":"fr_FR","og_type":"article","og_title":"Wipe-clean Magic Practice Copybook for Kids - YBJ Book Printing","og_description":"Do your kids love practicing their handwriting? With our reusable number and letter tracing books, they can practice anytime they want! Each page has grooves to help guide them with the proper letter and number strokes. They can explore numbers, letters, math skills, and even free-drawing. It is a fun way to learn and a great way to develop their fine motor skills. And don't worry about running out of pages - the ink gradually disappears so they can use each book again and again. So bring on the learning fun!  Highlights: Help your child recognize numbers and letters and improve their fine motor skills. A fun learning tool that kids can't wait to use!","og_url":"https:\/\/www.ybj-printing.com\/fr\/impression\/cahier-dexercices-de-magie-pour-enfants\/","og_site_name":"YBJ Book Printing","article_publisher":"https:\/\/www.facebook.com\/YBJPrinting\/","article_modified_time":"2022-07-13T03:04:25+00:00","og_image":[{"width":1000,"height":1000,"url":"https:\/\/www.ybj-printing.com\/wp-content\/uploads\/Wipe-clean-Magic-Practice-Copybook-for-Kids-1.jpg","type":"image\/jpeg"}],"twitter_card":"summary_large_image","schema":{"@context":"https:\/\/schema.org","@graph":[{"@type":"WebPage","@id":"https:\/\/www.ybj-printing.com\/printing\/wipe-clean-magic-practice-copybook-for-kids\/","url":"https:\/\/www.ybj-printing.com\/printing\/wipe-clean-magic-practice-copybook-for-kids\/","name":"Wipe-clean Magic Practice Copybook for Kids - YBJ Book Printing","isPartOf":{"@id":"https:\/\/www.ybj-printing.com\/#website"},"primaryImageOfPage":{"@id":"https:\/\/www.ybj-printing.com\/printing\/wipe-clean-magic-practice-copybook-for-kids\/#primaryimage"},"image":{"@id":"https:\/\/www.ybj-printing.com\/printing\/wipe-clean-magic-practice-copybook-for-kids\/#primaryimage"},"thumbnailUrl":"https:\/\/www.ybj-printing.com\/wp-content\/uploads\/Wipe-clean-Magic-Practice-Copybook-for-Kids-1.jpg","datePublished":"2022-07-13T03:02:56+00:00","dateModified":"2022-07-13T03:04:25+00:00","breadcrumb":{"@id":"https:\/\/www.ybj-printing.com\/printing\/wipe-clean-magic-practice-copybook-for-kids\/#breadcrumb"},"inLanguage":"fr-FR","potentialAction":[{"@type":"ReadAction","target":["https:\/\/www.ybj-printing.com\/printing\/wipe-clean-magic-practice-copybook-for-kids\/"]}]},{"@type":"ImageObject","inLanguage":"fr-FR","@id":"https:\/\/www.ybj-printing.com\/printing\/wipe-clean-magic-practice-copybook-for-kids\/#primaryimage","url":"https:\/\/www.ybj-printing.com\/wp-content\/uploads\/Wipe-clean-Magic-Practice-Copybook-for-Kids-1.jpg","contentUrl":"https:\/\/www.ybj-printing.com\/wp-content\/uploads\/Wipe-clean-Magic-Practice-Copybook-for-Kids-1.jpg","width":1000,"height":1000},{"@type":"BreadcrumbList","@id":"https:\/\/www.ybj-printing.com\/printing\/wipe-clean-magic-practice-copybook-for-kids\/#breadcrumb","itemListElement":[{"@type":"ListItem","position":1,"name":"Home","item":"https:\/\/www.ybj-printing.com\/"},{"@type":"ListItem","position":2,"name":"Products","item":"https:\/\/www.ybj-printing.com\/shop\/"},{"@type":"ListItem","position":3,"name":"Wipe-clean Magic Practice Copybook for Kids"}]},{"@type":"WebSite","@id":"https:\/\/www.ybj-printing.com\/#website","url":"https:\/\/www.ybj-printing.com\/","name":"YBJ Book Printing","description":"China Book Printing Factory","publisher":{"@id":"https:\/\/www.ybj-printing.com\/#organization"},"alternateName":"YBJ Printing","potentialAction":[{"@type":"SearchAction","target":{"@type":"EntryPoint","urlTemplate":"https:\/\/www.ybj-printing.com\/?s={search_term_string}"},"query-input":{"@type":"PropertyValueSpecification","valueRequired":true,"valueName":"search_term_string"}}],"inLanguage":"fr-FR"},{"@type":"Organization","@id":"https:\/\/www.ybj-printing.com\/#organization","name":"YBJ Book Printing","alternateName":"YBJ Printing","url":"https:\/\/www.ybj-printing.com\/","logo":{"@type":"ImageObject","inLanguage":"fr-FR","@id":"https:\/\/www.ybj-printing.com\/#\/schema\/logo\/image\/","url":"https:\/\/www.ybj-printing.com\/wp-content\/uploads\/2023\/11\/ybj-logo-old.png","contentUrl":"https:\/\/www.ybj-printing.com\/wp-content\/uploads\/2023\/11\/ybj-logo-old.png","width":504,"height":279,"caption":"YBJ Book Printing"},"image":{"@id":"https:\/\/www.ybj-printing.com\/#\/schema\/logo\/image\/"},"sameAs":["https:\/\/www.facebook.com\/YBJPrinting\/","https:\/\/www.youtube.com\/channel\/UClmcORiaLAYlsSEdkNZfCMA\/"]}]}},"_links":{"self":[{"href":"https:\/\/www.ybj-printing.com\/fr\/wp-json\/wp\/v2\/product\/16520","targetHints":{"allow":["GET"]}}],"collection":[{"href":"https:\/\/www.ybj-printing.com\/fr\/wp-json\/wp\/v2\/product"}],"about":[{"href":"https:\/\/www.ybj-printing.com\/fr\/wp-json\/wp\/v2\/types\/product"}],"wp:featuredmedia":[{"embeddable":true,"href":"https:\/\/www.ybj-printing.com\/fr\/wp-json\/wp\/v2\/media\/16521"}],"wp:attachment":[{"href":"https:\/\/www.ybj-printing.com\/fr\/wp-json\/wp\/v2\/media?parent=16520"}],"wp:term":[{"taxonomy":"product_brand","embeddable":true,"href":"https:\/\/www.ybj-printing.com\/fr\/wp-json\/wp\/v2\/product_brand?post=16520"},{"taxonomy":"product_cat","embeddable":true,"href":"https:\/\/www.ybj-printing.com\/fr\/wp-json\/wp\/v2\/product_cat?post=16520"},{"taxonomy":"product_tag","embeddable":true,"href":"https:\/\/www.ybj-printing.com\/fr\/wp-json\/wp\/v2\/product_tag?post=16520"}],"curies":[{"name":"wp","href":"https:\/\/api.w.org\/{rel}","templated":true}]}}