{"id":16542,"date":"2022-07-13T11:08:52","date_gmt":"2022-07-13T03:08:52","guid":{"rendered":"https:\/\/www.ybj-printing.com\/?post_type=product&#038;p=16542"},"modified":"2022-07-20T09:25:34","modified_gmt":"2022-07-20T01:25:34","slug":"livre-dapprentissage-epais-pour-bebe-a-toucher-et-a-sentir-avec-des-formes-decoupees","status":"publish","type":"product","link":"https:\/\/www.ybj-printing.com\/fr\/impression\/livre-dapprentissage-epais-pour-bebe-a-toucher-et-a-sentir-avec-des-formes-decoupees\/","title":{"rendered":"Livre d'apprentissage \u00e0 toucher et \u00e0 sentir pour b\u00e9b\u00e9s avec formes d\u00e9coup\u00e9es"},"content":{"rendered":"","protected":false},"excerpt":{"rendered":"<p>Pourquoi les livres \u00e0 toucher et \u00e0 sentir sont-ils bons pour les enfants ?<br \/>\nIls sont attrayants. Ils encouragent l'interaction gr\u00e2ce aux panneaux tactiles, ce qui rend la lecture amusante et inculque l'amour des livres pour la vie. Ils d\u00e9veloppent le vocabulaire. Les enfants apprennent \u00e0 associer les textures qu'ils sentent au mot qu'elles d\u00e9crivent.<\/p>","protected":false},"featured_media":16543,"template":"","meta":{"_acf_changed":false},"product_brand":[],"product_cat":[92],"product_tag":[],"class_list":{"0":"post-16542","1":"product","2":"type-product","3":"status-publish","4":"has-post-thumbnail","6":"product_cat-childrens-book-printing","7":"sales-flash-overlay","8":"woocommerce-text-align-center","9":"woocommerce-image-align-center","10":"do-quantity-buttons","11":"wc-has-gallery","13":"first","14":"instock","15":"shipping-taxable","16":"product-type-simple"},"acf":[],"yoast_head":"<!-- This site is optimized with the Yoast SEO plugin v25.8 - https:\/\/yoast.com\/wordpress\/plugins\/seo\/ -->\n<title>Thick Baby Learning Touch and Feel Book with Die-cut Shape - YBJ Book Printing<\/title>\n<meta name=\"robots\" content=\"index, follow, max-snippet:-1, max-image-preview:large, max-video-preview:-1\" \/>\n<link rel=\"canonical\" href=\"https:\/\/www.ybj-printing.com\/fr\/impression\/livre-dapprentissage-epais-pour-bebe-a-toucher-et-a-sentir-avec-des-formes-decoupees\/\" \/>\n<meta property=\"og:locale\" content=\"fr_FR\" \/>\n<meta property=\"og:type\" content=\"article\" \/>\n<meta property=\"og:title\" content=\"Thick Baby Learning Touch and Feel Book with Die-cut Shape - YBJ Book Printing\" \/>\n<meta property=\"og:description\" content=\"Why are touch and feel books good for children? They&#039;re engaging. They encourage interaction through the touch and feel panels, which helps make reading fun and instils a lifelong love of books. They build vocabularies. Children learn to associate the textures they feel with the word it describes.\" \/>\n<meta property=\"og:url\" content=\"https:\/\/www.ybj-printing.com\/fr\/impression\/livre-dapprentissage-epais-pour-bebe-a-toucher-et-a-sentir-avec-des-formes-decoupees\/\" \/>\n<meta property=\"og:site_name\" content=\"YBJ Book Printing\" \/>\n<meta property=\"article:publisher\" content=\"https:\/\/www.facebook.com\/YBJPrinting\/\" \/>\n<meta property=\"article:modified_time\" content=\"2022-07-20T01:25:34+00:00\" \/>\n<meta property=\"og:image\" content=\"https:\/\/www.ybj-printing.com\/wp-content\/uploads\/Thick-Baby-Learning-Touch-and-Feel-Book-with-Die-cut-Shape-1.jpg\" \/>\n\t<meta property=\"og:image:width\" content=\"750\" \/>\n\t<meta property=\"og:image:height\" content=\"750\" \/>\n\t<meta property=\"og:image:type\" content=\"image\/jpeg\" \/>\n<meta name=\"twitter:card\" content=\"summary_large_image\" \/>\n<script type=\"application\/ld+json\" class=\"yoast-schema-graph\">{\"@context\":\"https:\/\/schema.org\",\"@graph\":[{\"@type\":\"WebPage\",\"@id\":\"https:\/\/www.ybj-printing.com\/printing\/thick-baby-learning-touch-and-feel-book-with-die-cut-shape\/\",\"url\":\"https:\/\/www.ybj-printing.com\/printing\/thick-baby-learning-touch-and-feel-book-with-die-cut-shape\/\",\"name\":\"Thick Baby Learning Touch and Feel Book with Die-cut Shape - YBJ Book Printing\",\"isPartOf\":{\"@id\":\"https:\/\/www.ybj-printing.com\/#website\"},\"primaryImageOfPage\":{\"@id\":\"https:\/\/www.ybj-printing.com\/printing\/thick-baby-learning-touch-and-feel-book-with-die-cut-shape\/#primaryimage\"},\"image\":{\"@id\":\"https:\/\/www.ybj-printing.com\/printing\/thick-baby-learning-touch-and-feel-book-with-die-cut-shape\/#primaryimage\"},\"thumbnailUrl\":\"https:\/\/www.ybj-printing.com\/wp-content\/uploads\/Thick-Baby-Learning-Touch-and-Feel-Book-with-Die-cut-Shape-1.jpg\",\"datePublished\":\"2022-07-13T03:08:52+00:00\",\"dateModified\":\"2022-07-20T01:25:34+00:00\",\"breadcrumb\":{\"@id\":\"https:\/\/www.ybj-printing.com\/printing\/thick-baby-learning-touch-and-feel-book-with-die-cut-shape\/#breadcrumb\"},\"inLanguage\":\"fr-FR\",\"potentialAction\":[{\"@type\":\"ReadAction\",\"target\":[\"https:\/\/www.ybj-printing.com\/printing\/thick-baby-learning-touch-and-feel-book-with-die-cut-shape\/\"]}]},{\"@type\":\"ImageObject\",\"inLanguage\":\"fr-FR\",\"@id\":\"https:\/\/www.ybj-printing.com\/printing\/thick-baby-learning-touch-and-feel-book-with-die-cut-shape\/#primaryimage\",\"url\":\"https:\/\/www.ybj-printing.com\/wp-content\/uploads\/Thick-Baby-Learning-Touch-and-Feel-Book-with-Die-cut-Shape-1.jpg\",\"contentUrl\":\"https:\/\/www.ybj-printing.com\/wp-content\/uploads\/Thick-Baby-Learning-Touch-and-Feel-Book-with-Die-cut-Shape-1.jpg\",\"width\":750,\"height\":750},{\"@type\":\"BreadcrumbList\",\"@id\":\"https:\/\/www.ybj-printing.com\/printing\/thick-baby-learning-touch-and-feel-book-with-die-cut-shape\/#breadcrumb\",\"itemListElement\":[{\"@type\":\"ListItem\",\"position\":1,\"name\":\"Home\",\"item\":\"https:\/\/www.ybj-printing.com\/\"},{\"@type\":\"ListItem\",\"position\":2,\"name\":\"Products\",\"item\":\"https:\/\/www.ybj-printing.com\/shop\/\"},{\"@type\":\"ListItem\",\"position\":3,\"name\":\"Thick Baby Learning Touch and Feel Book with Die-cut Shape\"}]},{\"@type\":\"WebSite\",\"@id\":\"https:\/\/www.ybj-printing.com\/#website\",\"url\":\"https:\/\/www.ybj-printing.com\/\",\"name\":\"YBJ Book Printing\",\"description\":\"China Book Printing Factory\",\"publisher\":{\"@id\":\"https:\/\/www.ybj-printing.com\/#organization\"},\"alternateName\":\"YBJ Printing\",\"potentialAction\":[{\"@type\":\"SearchAction\",\"target\":{\"@type\":\"EntryPoint\",\"urlTemplate\":\"https:\/\/www.ybj-printing.com\/?s={search_term_string}\"},\"query-input\":{\"@type\":\"PropertyValueSpecification\",\"valueRequired\":true,\"valueName\":\"search_term_string\"}}],\"inLanguage\":\"fr-FR\"},{\"@type\":\"Organization\",\"@id\":\"https:\/\/www.ybj-printing.com\/#organization\",\"name\":\"YBJ Book Printing\",\"alternateName\":\"YBJ Printing\",\"url\":\"https:\/\/www.ybj-printing.com\/\",\"logo\":{\"@type\":\"ImageObject\",\"inLanguage\":\"fr-FR\",\"@id\":\"https:\/\/www.ybj-printing.com\/#\/schema\/logo\/image\/\",\"url\":\"https:\/\/www.ybj-printing.com\/wp-content\/uploads\/2023\/11\/ybj-logo-old.png\",\"contentUrl\":\"https:\/\/www.ybj-printing.com\/wp-content\/uploads\/2023\/11\/ybj-logo-old.png\",\"width\":504,\"height\":279,\"caption\":\"YBJ Book Printing\"},\"image\":{\"@id\":\"https:\/\/www.ybj-printing.com\/#\/schema\/logo\/image\/\"},\"sameAs\":[\"https:\/\/www.facebook.com\/YBJPrinting\/\",\"https:\/\/www.youtube.com\/channel\/UClmcORiaLAYlsSEdkNZfCMA\/\"]}]}<\/script>\n<!-- \/ Yoast SEO plugin. -->","yoast_head_json":{"title":"Thick Baby Learning Touch and Feel Book with Die-cut Shape - YBJ Book Printing","robots":{"index":"index","follow":"follow","max-snippet":"max-snippet:-1","max-image-preview":"max-image-preview:large","max-video-preview":"max-video-preview:-1"},"canonical":"https:\/\/www.ybj-printing.com\/fr\/impression\/livre-dapprentissage-epais-pour-bebe-a-toucher-et-a-sentir-avec-des-formes-decoupees\/","og_locale":"fr_FR","og_type":"article","og_title":"Thick Baby Learning Touch and Feel Book with Die-cut Shape - YBJ Book Printing","og_description":"Why are touch and feel books good for children? They're engaging. They encourage interaction through the touch and feel panels, which helps make reading fun and instils a lifelong love of books. They build vocabularies. Children learn to associate the textures they feel with the word it describes.","og_url":"https:\/\/www.ybj-printing.com\/fr\/impression\/livre-dapprentissage-epais-pour-bebe-a-toucher-et-a-sentir-avec-des-formes-decoupees\/","og_site_name":"YBJ Book Printing","article_publisher":"https:\/\/www.facebook.com\/YBJPrinting\/","article_modified_time":"2022-07-20T01:25:34+00:00","og_image":[{"width":750,"height":750,"url":"https:\/\/www.ybj-printing.com\/wp-content\/uploads\/Thick-Baby-Learning-Touch-and-Feel-Book-with-Die-cut-Shape-1.jpg","type":"image\/jpeg"}],"twitter_card":"summary_large_image","schema":{"@context":"https:\/\/schema.org","@graph":[{"@type":"WebPage","@id":"https:\/\/www.ybj-printing.com\/printing\/thick-baby-learning-touch-and-feel-book-with-die-cut-shape\/","url":"https:\/\/www.ybj-printing.com\/printing\/thick-baby-learning-touch-and-feel-book-with-die-cut-shape\/","name":"Thick Baby Learning Touch and Feel Book with Die-cut Shape - YBJ Book Printing","isPartOf":{"@id":"https:\/\/www.ybj-printing.com\/#website"},"primaryImageOfPage":{"@id":"https:\/\/www.ybj-printing.com\/printing\/thick-baby-learning-touch-and-feel-book-with-die-cut-shape\/#primaryimage"},"image":{"@id":"https:\/\/www.ybj-printing.com\/printing\/thick-baby-learning-touch-and-feel-book-with-die-cut-shape\/#primaryimage"},"thumbnailUrl":"https:\/\/www.ybj-printing.com\/wp-content\/uploads\/Thick-Baby-Learning-Touch-and-Feel-Book-with-Die-cut-Shape-1.jpg","datePublished":"2022-07-13T03:08:52+00:00","dateModified":"2022-07-20T01:25:34+00:00","breadcrumb":{"@id":"https:\/\/www.ybj-printing.com\/printing\/thick-baby-learning-touch-and-feel-book-with-die-cut-shape\/#breadcrumb"},"inLanguage":"fr-FR","potentialAction":[{"@type":"ReadAction","target":["https:\/\/www.ybj-printing.com\/printing\/thick-baby-learning-touch-and-feel-book-with-die-cut-shape\/"]}]},{"@type":"ImageObject","inLanguage":"fr-FR","@id":"https:\/\/www.ybj-printing.com\/printing\/thick-baby-learning-touch-and-feel-book-with-die-cut-shape\/#primaryimage","url":"https:\/\/www.ybj-printing.com\/wp-content\/uploads\/Thick-Baby-Learning-Touch-and-Feel-Book-with-Die-cut-Shape-1.jpg","contentUrl":"https:\/\/www.ybj-printing.com\/wp-content\/uploads\/Thick-Baby-Learning-Touch-and-Feel-Book-with-Die-cut-Shape-1.jpg","width":750,"height":750},{"@type":"BreadcrumbList","@id":"https:\/\/www.ybj-printing.com\/printing\/thick-baby-learning-touch-and-feel-book-with-die-cut-shape\/#breadcrumb","itemListElement":[{"@type":"ListItem","position":1,"name":"Home","item":"https:\/\/www.ybj-printing.com\/"},{"@type":"ListItem","position":2,"name":"Products","item":"https:\/\/www.ybj-printing.com\/shop\/"},{"@type":"ListItem","position":3,"name":"Thick Baby Learning Touch and Feel Book with Die-cut Shape"}]},{"@type":"WebSite","@id":"https:\/\/www.ybj-printing.com\/#website","url":"https:\/\/www.ybj-printing.com\/","name":"YBJ Book Printing","description":"China Book Printing Factory","publisher":{"@id":"https:\/\/www.ybj-printing.com\/#organization"},"alternateName":"YBJ Printing","potentialAction":[{"@type":"SearchAction","target":{"@type":"EntryPoint","urlTemplate":"https:\/\/www.ybj-printing.com\/?s={search_term_string}"},"query-input":{"@type":"PropertyValueSpecification","valueRequired":true,"valueName":"search_term_string"}}],"inLanguage":"fr-FR"},{"@type":"Organization","@id":"https:\/\/www.ybj-printing.com\/#organization","name":"YBJ Book Printing","alternateName":"YBJ Printing","url":"https:\/\/www.ybj-printing.com\/","logo":{"@type":"ImageObject","inLanguage":"fr-FR","@id":"https:\/\/www.ybj-printing.com\/#\/schema\/logo\/image\/","url":"https:\/\/www.ybj-printing.com\/wp-content\/uploads\/2023\/11\/ybj-logo-old.png","contentUrl":"https:\/\/www.ybj-printing.com\/wp-content\/uploads\/2023\/11\/ybj-logo-old.png","width":504,"height":279,"caption":"YBJ Book Printing"},"image":{"@id":"https:\/\/www.ybj-printing.com\/#\/schema\/logo\/image\/"},"sameAs":["https:\/\/www.facebook.com\/YBJPrinting\/","https:\/\/www.youtube.com\/channel\/UClmcORiaLAYlsSEdkNZfCMA\/"]}]}},"_links":{"self":[{"href":"https:\/\/www.ybj-printing.com\/fr\/wp-json\/wp\/v2\/product\/16542","targetHints":{"allow":["GET"]}}],"collection":[{"href":"https:\/\/www.ybj-printing.com\/fr\/wp-json\/wp\/v2\/product"}],"about":[{"href":"https:\/\/www.ybj-printing.com\/fr\/wp-json\/wp\/v2\/types\/product"}],"wp:featuredmedia":[{"embeddable":true,"href":"https:\/\/www.ybj-printing.com\/fr\/wp-json\/wp\/v2\/media\/16543"}],"wp:attachment":[{"href":"https:\/\/www.ybj-printing.com\/fr\/wp-json\/wp\/v2\/media?parent=16542"}],"wp:term":[{"taxonomy":"product_brand","embeddable":true,"href":"https:\/\/www.ybj-printing.com\/fr\/wp-json\/wp\/v2\/product_brand?post=16542"},{"taxonomy":"product_cat","embeddable":true,"href":"https:\/\/www.ybj-printing.com\/fr\/wp-json\/wp\/v2\/product_cat?post=16542"},{"taxonomy":"product_tag","embeddable":true,"href":"https:\/\/www.ybj-printing.com\/fr\/wp-json\/wp\/v2\/product_tag?post=16542"}],"curies":[{"name":"wp","href":"https:\/\/api.w.org\/{rel}","templated":true}]}}