{"id":16572,"date":"2022-07-13T11:28:05","date_gmt":"2022-07-13T03:28:05","guid":{"rendered":"https:\/\/www.ybj-printing.com\/?post_type=product&#038;p=16572"},"modified":"2022-07-13T11:31:14","modified_gmt":"2022-07-13T03:31:14","slug":"livre-dhistoire-audio-pour-enfants","status":"publish","type":"product","link":"https:\/\/www.ybj-printing.com\/fr\/impression\/livre-dhistoire-audio-pour-enfants\/","title":{"rendered":"Livre d'histoires audio pour enfants"},"content":{"rendered":"","protected":false},"excerpt":{"rendered":"<p>Les avantages de l'utilisation d'histoires audio pour enfants pour soutenir l'alphab\u00e9tisation.<br \/>\nSelon une revue de la litt\u00e9rature explorant leur r\u00f4le dans le soutien \u00e0 l'alphab\u00e9tisation des enfants, les livres audio peuvent stimuler des comp\u00e9tences cl\u00e9s, telles que la compr\u00e9hension de la langue, la reconnaissance des mots, le vocabulaire et la prononciation : la compr\u00e9hension du langage, la reconnaissance des mots, la prononciation du vocabulaire.<br \/>\nIls sont \u00e9galement gratifiants dans d'autres domaines li\u00e9s \u00e0 l'alphab\u00e9tisation, en suscitant l'amour des histoires et la motivation pour la lecture, en am\u00e9liorant le bien-\u00eatre et en stimulant l'intelligence \u00e9motionnelle et l'imagination.<br \/>\nBien que la plupart des recherches men\u00e9es jusqu'\u00e0 pr\u00e9sent se soient concentr\u00e9es sur les avantages des livres audio pour les enfants plus \u00e2g\u00e9s, m\u00eame les tr\u00e8s jeunes lecteurs et auditeurs devraient pouvoir en tirer profit. Par cons\u00e9quent, si vous n'avez pas encore essay\u00e9 de les utiliser avec votre tout-petit et que vous souhaitez compl\u00e9ter vos activit\u00e9s de lecture, il n'y a pas de meilleur moment que maintenant pour appuyer sur \"play\". Voici comment les utiliser pour en tirer le meilleur parti. <\/p>","protected":false},"featured_media":16576,"template":"","meta":{"_acf_changed":false},"product_brand":[],"product_cat":[92],"product_tag":[],"class_list":{"0":"post-16572","1":"product","2":"type-product","3":"status-publish","4":"has-post-thumbnail","6":"product_cat-childrens-book-printing","7":"sales-flash-overlay","8":"woocommerce-text-align-center","9":"woocommerce-image-align-center","10":"do-quantity-buttons","11":"wc-has-gallery","13":"first","14":"instock","15":"shipping-taxable","16":"product-type-simple"},"acf":[],"yoast_head":"<!-- This site is optimized with the Yoast SEO plugin v25.8 - https:\/\/yoast.com\/wordpress\/plugins\/seo\/ -->\n<title>Audio Story Book for Children - YBJ Book Printing<\/title>\n<meta name=\"robots\" content=\"index, follow, max-snippet:-1, max-image-preview:large, max-video-preview:-1\" \/>\n<link rel=\"canonical\" href=\"https:\/\/www.ybj-printing.com\/fr\/impression\/livre-dhistoire-audio-pour-enfants\/\" \/>\n<meta property=\"og:locale\" content=\"fr_FR\" \/>\n<meta property=\"og:type\" content=\"article\" \/>\n<meta property=\"og:title\" content=\"Audio Story Book for Children - YBJ Book Printing\" \/>\n<meta property=\"og:description\" content=\"The benefits of using kids\u2019 audio stories to support literacy. According to a literature review exploring their role in supporting children\u2019s literacy, audiobooks can boost key skills, such as: Language comprehension, Word recognition,Vocabulary Pronunciation. They\u2019re also rewarding in other literacy-relevant areas, sparking a love of stories and motivation to read, enhancing wellbeing, and boosting emotional intelligence and imagination. While most of the research to date has focused on the benefits of audiobooks for older children, even very young readers and listeners should be able to learn from them. So, if you haven\u2019t tried using them with your toddler, and want to complement your reading activities, there\u2019s no better time than now to press play. Here\u2019s how to use them for maximum benefit.\" \/>\n<meta property=\"og:url\" content=\"https:\/\/www.ybj-printing.com\/fr\/impression\/livre-dhistoire-audio-pour-enfants\/\" \/>\n<meta property=\"og:site_name\" content=\"YBJ Book Printing\" \/>\n<meta property=\"article:publisher\" content=\"https:\/\/www.facebook.com\/YBJPrinting\/\" \/>\n<meta property=\"article:modified_time\" content=\"2022-07-13T03:31:14+00:00\" \/>\n<meta property=\"og:image\" content=\"https:\/\/www.ybj-printing.com\/wp-content\/uploads\/10004.jpg\" \/>\n\t<meta property=\"og:image:width\" content=\"750\" \/>\n\t<meta property=\"og:image:height\" content=\"750\" \/>\n\t<meta property=\"og:image:type\" content=\"image\/jpeg\" \/>\n<meta name=\"twitter:card\" content=\"summary_large_image\" \/>\n<script type=\"application\/ld+json\" class=\"yoast-schema-graph\">{\"@context\":\"https:\/\/schema.org\",\"@graph\":[{\"@type\":\"WebPage\",\"@id\":\"https:\/\/www.ybj-printing.com\/printing\/audio-story-book-for-children\/\",\"url\":\"https:\/\/www.ybj-printing.com\/printing\/audio-story-book-for-children\/\",\"name\":\"Audio Story Book for Children - YBJ Book Printing\",\"isPartOf\":{\"@id\":\"https:\/\/www.ybj-printing.com\/#website\"},\"primaryImageOfPage\":{\"@id\":\"https:\/\/www.ybj-printing.com\/printing\/audio-story-book-for-children\/#primaryimage\"},\"image\":{\"@id\":\"https:\/\/www.ybj-printing.com\/printing\/audio-story-book-for-children\/#primaryimage\"},\"thumbnailUrl\":\"https:\/\/www.ybj-printing.com\/wp-content\/uploads\/10004.jpg\",\"datePublished\":\"2022-07-13T03:28:05+00:00\",\"dateModified\":\"2022-07-13T03:31:14+00:00\",\"breadcrumb\":{\"@id\":\"https:\/\/www.ybj-printing.com\/printing\/audio-story-book-for-children\/#breadcrumb\"},\"inLanguage\":\"fr-FR\",\"potentialAction\":[{\"@type\":\"ReadAction\",\"target\":[\"https:\/\/www.ybj-printing.com\/printing\/audio-story-book-for-children\/\"]}]},{\"@type\":\"ImageObject\",\"inLanguage\":\"fr-FR\",\"@id\":\"https:\/\/www.ybj-printing.com\/printing\/audio-story-book-for-children\/#primaryimage\",\"url\":\"https:\/\/www.ybj-printing.com\/wp-content\/uploads\/10004.jpg\",\"contentUrl\":\"https:\/\/www.ybj-printing.com\/wp-content\/uploads\/10004.jpg\",\"width\":750,\"height\":750},{\"@type\":\"BreadcrumbList\",\"@id\":\"https:\/\/www.ybj-printing.com\/printing\/audio-story-book-for-children\/#breadcrumb\",\"itemListElement\":[{\"@type\":\"ListItem\",\"position\":1,\"name\":\"Home\",\"item\":\"https:\/\/www.ybj-printing.com\/\"},{\"@type\":\"ListItem\",\"position\":2,\"name\":\"Products\",\"item\":\"https:\/\/www.ybj-printing.com\/shop\/\"},{\"@type\":\"ListItem\",\"position\":3,\"name\":\"Audio Story Book for Children\"}]},{\"@type\":\"WebSite\",\"@id\":\"https:\/\/www.ybj-printing.com\/#website\",\"url\":\"https:\/\/www.ybj-printing.com\/\",\"name\":\"YBJ Book Printing\",\"description\":\"China Book Printing Factory\",\"publisher\":{\"@id\":\"https:\/\/www.ybj-printing.com\/#organization\"},\"alternateName\":\"YBJ Printing\",\"potentialAction\":[{\"@type\":\"SearchAction\",\"target\":{\"@type\":\"EntryPoint\",\"urlTemplate\":\"https:\/\/www.ybj-printing.com\/?s={search_term_string}\"},\"query-input\":{\"@type\":\"PropertyValueSpecification\",\"valueRequired\":true,\"valueName\":\"search_term_string\"}}],\"inLanguage\":\"fr-FR\"},{\"@type\":\"Organization\",\"@id\":\"https:\/\/www.ybj-printing.com\/#organization\",\"name\":\"YBJ Book Printing\",\"alternateName\":\"YBJ Printing\",\"url\":\"https:\/\/www.ybj-printing.com\/\",\"logo\":{\"@type\":\"ImageObject\",\"inLanguage\":\"fr-FR\",\"@id\":\"https:\/\/www.ybj-printing.com\/#\/schema\/logo\/image\/\",\"url\":\"https:\/\/www.ybj-printing.com\/wp-content\/uploads\/2023\/11\/ybj-logo-old.png\",\"contentUrl\":\"https:\/\/www.ybj-printing.com\/wp-content\/uploads\/2023\/11\/ybj-logo-old.png\",\"width\":504,\"height\":279,\"caption\":\"YBJ Book Printing\"},\"image\":{\"@id\":\"https:\/\/www.ybj-printing.com\/#\/schema\/logo\/image\/\"},\"sameAs\":[\"https:\/\/www.facebook.com\/YBJPrinting\/\",\"https:\/\/www.youtube.com\/channel\/UClmcORiaLAYlsSEdkNZfCMA\/\"]}]}<\/script>\n<!-- \/ Yoast SEO plugin. -->","yoast_head_json":{"title":"Audio Story Book for Children - YBJ Book Printing","robots":{"index":"index","follow":"follow","max-snippet":"max-snippet:-1","max-image-preview":"max-image-preview:large","max-video-preview":"max-video-preview:-1"},"canonical":"https:\/\/www.ybj-printing.com\/fr\/impression\/livre-dhistoire-audio-pour-enfants\/","og_locale":"fr_FR","og_type":"article","og_title":"Audio Story Book for Children - YBJ Book Printing","og_description":"The benefits of using kids\u2019 audio stories to support literacy. According to a literature review exploring their role in supporting children\u2019s literacy, audiobooks can boost key skills, such as: Language comprehension, Word recognition,Vocabulary Pronunciation. They\u2019re also rewarding in other literacy-relevant areas, sparking a love of stories and motivation to read, enhancing wellbeing, and boosting emotional intelligence and imagination. While most of the research to date has focused on the benefits of audiobooks for older children, even very young readers and listeners should be able to learn from them. So, if you haven\u2019t tried using them with your toddler, and want to complement your reading activities, there\u2019s no better time than now to press play. Here\u2019s how to use them for maximum benefit.","og_url":"https:\/\/www.ybj-printing.com\/fr\/impression\/livre-dhistoire-audio-pour-enfants\/","og_site_name":"YBJ Book Printing","article_publisher":"https:\/\/www.facebook.com\/YBJPrinting\/","article_modified_time":"2022-07-13T03:31:14+00:00","og_image":[{"width":750,"height":750,"url":"https:\/\/www.ybj-printing.com\/wp-content\/uploads\/10004.jpg","type":"image\/jpeg"}],"twitter_card":"summary_large_image","schema":{"@context":"https:\/\/schema.org","@graph":[{"@type":"WebPage","@id":"https:\/\/www.ybj-printing.com\/printing\/audio-story-book-for-children\/","url":"https:\/\/www.ybj-printing.com\/printing\/audio-story-book-for-children\/","name":"Audio Story Book for Children - YBJ Book Printing","isPartOf":{"@id":"https:\/\/www.ybj-printing.com\/#website"},"primaryImageOfPage":{"@id":"https:\/\/www.ybj-printing.com\/printing\/audio-story-book-for-children\/#primaryimage"},"image":{"@id":"https:\/\/www.ybj-printing.com\/printing\/audio-story-book-for-children\/#primaryimage"},"thumbnailUrl":"https:\/\/www.ybj-printing.com\/wp-content\/uploads\/10004.jpg","datePublished":"2022-07-13T03:28:05+00:00","dateModified":"2022-07-13T03:31:14+00:00","breadcrumb":{"@id":"https:\/\/www.ybj-printing.com\/printing\/audio-story-book-for-children\/#breadcrumb"},"inLanguage":"fr-FR","potentialAction":[{"@type":"ReadAction","target":["https:\/\/www.ybj-printing.com\/printing\/audio-story-book-for-children\/"]}]},{"@type":"ImageObject","inLanguage":"fr-FR","@id":"https:\/\/www.ybj-printing.com\/printing\/audio-story-book-for-children\/#primaryimage","url":"https:\/\/www.ybj-printing.com\/wp-content\/uploads\/10004.jpg","contentUrl":"https:\/\/www.ybj-printing.com\/wp-content\/uploads\/10004.jpg","width":750,"height":750},{"@type":"BreadcrumbList","@id":"https:\/\/www.ybj-printing.com\/printing\/audio-story-book-for-children\/#breadcrumb","itemListElement":[{"@type":"ListItem","position":1,"name":"Home","item":"https:\/\/www.ybj-printing.com\/"},{"@type":"ListItem","position":2,"name":"Products","item":"https:\/\/www.ybj-printing.com\/shop\/"},{"@type":"ListItem","position":3,"name":"Audio Story Book for Children"}]},{"@type":"WebSite","@id":"https:\/\/www.ybj-printing.com\/#website","url":"https:\/\/www.ybj-printing.com\/","name":"YBJ Book Printing","description":"China Book Printing Factory","publisher":{"@id":"https:\/\/www.ybj-printing.com\/#organization"},"alternateName":"YBJ Printing","potentialAction":[{"@type":"SearchAction","target":{"@type":"EntryPoint","urlTemplate":"https:\/\/www.ybj-printing.com\/?s={search_term_string}"},"query-input":{"@type":"PropertyValueSpecification","valueRequired":true,"valueName":"search_term_string"}}],"inLanguage":"fr-FR"},{"@type":"Organization","@id":"https:\/\/www.ybj-printing.com\/#organization","name":"YBJ Book Printing","alternateName":"YBJ Printing","url":"https:\/\/www.ybj-printing.com\/","logo":{"@type":"ImageObject","inLanguage":"fr-FR","@id":"https:\/\/www.ybj-printing.com\/#\/schema\/logo\/image\/","url":"https:\/\/www.ybj-printing.com\/wp-content\/uploads\/2023\/11\/ybj-logo-old.png","contentUrl":"https:\/\/www.ybj-printing.com\/wp-content\/uploads\/2023\/11\/ybj-logo-old.png","width":504,"height":279,"caption":"YBJ Book Printing"},"image":{"@id":"https:\/\/www.ybj-printing.com\/#\/schema\/logo\/image\/"},"sameAs":["https:\/\/www.facebook.com\/YBJPrinting\/","https:\/\/www.youtube.com\/channel\/UClmcORiaLAYlsSEdkNZfCMA\/"]}]}},"_links":{"self":[{"href":"https:\/\/www.ybj-printing.com\/fr\/wp-json\/wp\/v2\/product\/16572","targetHints":{"allow":["GET"]}}],"collection":[{"href":"https:\/\/www.ybj-printing.com\/fr\/wp-json\/wp\/v2\/product"}],"about":[{"href":"https:\/\/www.ybj-printing.com\/fr\/wp-json\/wp\/v2\/types\/product"}],"wp:featuredmedia":[{"embeddable":true,"href":"https:\/\/www.ybj-printing.com\/fr\/wp-json\/wp\/v2\/media\/16576"}],"wp:attachment":[{"href":"https:\/\/www.ybj-printing.com\/fr\/wp-json\/wp\/v2\/media?parent=16572"}],"wp:term":[{"taxonomy":"product_brand","embeddable":true,"href":"https:\/\/www.ybj-printing.com\/fr\/wp-json\/wp\/v2\/product_brand?post=16572"},{"taxonomy":"product_cat","embeddable":true,"href":"https:\/\/www.ybj-printing.com\/fr\/wp-json\/wp\/v2\/product_cat?post=16572"},{"taxonomy":"product_tag","embeddable":true,"href":"https:\/\/www.ybj-printing.com\/fr\/wp-json\/wp\/v2\/product_tag?post=16572"}],"curies":[{"name":"wp","href":"https:\/\/api.w.org\/{rel}","templated":true}]}}