{"id":32761,"date":"2026-01-14T11:42:26","date_gmt":"2026-01-14T03:42:26","guid":{"rendered":"https:\/\/www.ybj-printing.com\/?post_type=product&#038;p=32761"},"modified":"2026-01-14T11:42:26","modified_gmt":"2026-01-14T03:42:26","slug":"impression-de-livres-en-carton-decoupes-a-lemporte-piece","status":"publish","type":"product","link":"https:\/\/www.ybj-printing.com\/fr\/impression\/impression-de-livres-en-carton-decoupes-a-lemporte-piece\/","title":{"rendered":"Services d'impression de livres cartonn\u00e9s d\u00e9coup\u00e9s \u00e0 l'emporte-pi\u00e8ce"},"content":{"rendered":"<h2>Donner vie aux histoires gr\u00e2ce \u00e0 des formes uniques<\/h2>\n<p>In the competitive children&#8217;s book market, visual appeal and tactile interaction are paramount. Our <strong>livres en carton d\u00e9coup\u00e9s \u00e0 l'emporte-pi\u00e8ce<\/strong> s'\u00e9loignent des formats standard en offrant une forme physique qui compl\u00e8te le r\u00e9cit. Qu'il s'agisse d'une d\u00e9coupe en forme de protagoniste ou d'un livre en forme de maison avec des fen\u00eatres d\u00e9coup\u00e9es, ces formats personnalis\u00e9s encouragent l'apprentissage tactile et le jeu.<\/p>\n<h2>Technologie de d\u00e9coupe de pr\u00e9cision<\/h2>\n<p>Chez YBJ Book Printing, nous utilisons des machines de pointe pour la fabrication et la d\u00e9coupe des matrices afin de garantir des bords nets et lisses pour chaque page. Notre processus permet :<\/p>\n<ul>\n<li><strong>D\u00e9coupe de la forme ext\u00e9rieure :<\/strong> L'ensemble du livre est d\u00e9coup\u00e9 selon une silhouette sp\u00e9cifique.<\/li>\n<li><strong>D\u00e9coupes internes :<\/strong> Fen\u00eatres, trous d'inspection et formes internes complexes.<\/li>\n<li><strong>Pages \u00e0 onglets :<\/strong> Onglets personnalis\u00e9s pour aider les petites mains \u00e0 tourner les pages facilement.<\/li>\n<\/ul>\n<h2>Sp\u00e9cifications des mat\u00e9riaux et durabilit\u00e9<\/h2>\n<p>Les livres cartonn\u00e9s n\u00e9cessitent une construction robuste pour r\u00e9sister aux manipulations fr\u00e9quentes des tout-petits. Nous utilisons un processus de montage standard o\u00f9 les feuilles imprim\u00e9es sont coll\u00e9es sur un support \u00e9pais.<\/p>\n<ul>\n<li><strong>Stock de papier :<\/strong> Typiquement du carton d'art C1S (Coated One Side) de 300 g\/m\u00b2, 350 g\/m\u00b2 ou 400 g\/m\u00b2 mont\u00e9 ensemble.<\/li>\n<li><strong>\u00c9paisseur du panneau :<\/strong> \u00c9paisseur finie personnalisable, g\u00e9n\u00e9ralement comprise entre 1 mm et 3 mm par page en fonction du nombre de couches.<\/li>\n<li><strong>Reliure :<\/strong> La reliure en carton \u00e0 couverture automatique (montage) garantit que les pages restent \u00e0 plat et ne se d\u00e9chirent pas au niveau du dos.<\/li>\n<\/ul>\n<h2>S\u00e9curit\u00e9 et conformit\u00e9<\/h2>\n<p>Safety is our top priority for children&#8217;s products. All die-cut board books feature:<\/p>\n<ul>\n<li><strong>Coins arrondis :<\/strong> Indispensable pour \u00e9viter les blessures caus\u00e9es par les bords tranchants du papier.<\/li>\n<li><strong>Encres s\u00fbres :<\/strong> Nous utilisons des encres \u00e9cologiques \u00e0 base de soja qui donnent des couleurs \u00e9clatantes sans utiliser de compos\u00e9s organiques volatils (COV) nocifs.<\/li>\n<li><strong>Bords lisses :<\/strong> Notre processus de d\u00e9coupe garantit qu'aucune bavure ne subsiste sur les bords de la carte.<\/li>\n<\/ul>\n<h2>Personnalisation et finitions<\/h2>\n<p>Am\u00e9liorez l'exp\u00e9rience sensorielle de votre livre fa\u00e7onn\u00e9 gr\u00e2ce \u00e0 notre gamme de finitions de surface :<\/p>\n<ul>\n<li><strong>Lamination brillante ou mate :<\/strong> Prot\u00e8ge l'impression et donne une impression de qualit\u00e9 sup\u00e9rieure.<\/li>\n<li><strong>Spot UV :<\/strong> Met en \u00e9vidence des zones sp\u00e9cifiques telles que les titres ou les yeux des personnages.<\/li>\n<li><strong>Marquage \u00e0 la feuille :<\/strong> Ajoute une brillance m\u00e9tallique en or, argent ou autres couleurs.<\/li>\n<li><strong>Gaufrage\/D\u00e9bossage :<\/strong> Ajoute de la texture \u00e0 la couverture ou aux pages internes.<\/li>\n<\/ul>\n<h3>Obtenir un devis personnalis\u00e9<\/h3>\n<p>Comme chaque projet de d\u00e9coupe \u00e0 l'emporte-pi\u00e8ce n\u00e9cessite un moule sur mesure, le prix d\u00e9pend de la complexit\u00e9 de la forme et de la quantit\u00e9 command\u00e9e. Contactez YBJ Book Printing d\u00e8s aujourd'hui avec votre maquette ou votre concept pour recevoir un devis d\u00e9taill\u00e9 et des conseils structurels.<\/p>","protected":false},"excerpt":{"rendered":"<p>Transformez les supports de lecture standard en exp\u00e9riences interactives gr\u00e2ce \u00e0 notre <strong>impression de livres en carton d\u00e9coup\u00e9s sur mesure<\/strong>. Contrairement aux formats rectangulaires traditionnels, notre d\u00e9coupe de pr\u00e9cision permet de cr\u00e9er des livres en forme d'animaux, de v\u00e9hicules, de personnages ou d'objets, qui captent instantan\u00e9ment l'attention de l'enfant.<\/p>\n<p>Fabriqu\u00e9s \u00e0 partir de carton gris durable \u00e0 haute densit\u00e9 et de mat\u00e9riaux sans danger pour les enfants, ces livres sont con\u00e7us pour r\u00e9sister \u00e0 l'usure et aux d\u00e9chirures. Nous offrons une personnalisation compl\u00e8te de l'\u00e9paisseur, du pelliculage et de la complexit\u00e9 de la forme, ce qui garantit que votre publication r\u00e9pond \u00e0 des normes \u00e9lev\u00e9es de s\u00e9curit\u00e9 et de qualit\u00e9.<\/p>","protected":false},"featured_media":32749,"template":"","meta":{"_acf_changed":false},"product_brand":[],"product_cat":[94],"product_tag":[300,302,304,301,305,303],"class_list":{"0":"post-32761","1":"product","2":"type-product","3":"status-publish","4":"has-post-thumbnail","6":"product_cat-board-book-printing","7":"product_tag-board-books","8":"product_tag-childrens-book-printing","9":"product_tag-custom-book-printing","10":"product_tag-die-cut-books","11":"product_tag-offset-printing","12":"product_tag-shaped-books","13":"sales-flash-overlay","14":"woocommerce-text-align-center","15":"woocommerce-image-align-center","16":"do-quantity-buttons","17":"wc-has-gallery","19":"first","20":"instock","21":"shipping-taxable","22":"product-type-simple"},"acf":[],"yoast_head":"<!-- This site is optimized with the Yoast SEO plugin v25.8 - https:\/\/yoast.com\/wordpress\/plugins\/seo\/ -->\n<title>Custom Die-Cut Shaped Board Book Printing | YBJ Printing<\/title>\n<meta name=\"description\" content=\"High-quality custom die-cut board book printing. Create unique shaped books with durable greyboard, vibrant offset printing, and child-safe rounded corners.\" \/>\n<meta name=\"robots\" content=\"index, follow, max-snippet:-1, max-image-preview:large, max-video-preview:-1\" \/>\n<link rel=\"canonical\" href=\"https:\/\/www.ybj-printing.com\/fr\/impression\/impression-de-livres-en-carton-decoupes-a-lemporte-piece\/\" \/>\n<meta property=\"og:locale\" content=\"fr_FR\" \/>\n<meta property=\"og:type\" content=\"article\" \/>\n<meta property=\"og:title\" content=\"Custom Die-Cut Shaped Board Book Printing Services\" \/>\n<meta property=\"og:description\" content=\"Stand out with custom shaped board books. Precision die-cutting, durable mounting, and child-safe materials for engaging children&#039;s publications.\" \/>\n<meta property=\"og:url\" content=\"https:\/\/www.ybj-printing.com\/fr\/impression\/impression-de-livres-en-carton-decoupes-a-lemporte-piece\/\" \/>\n<meta property=\"og:site_name\" content=\"YBJ Book Printing\" \/>\n<meta property=\"article:publisher\" content=\"https:\/\/www.facebook.com\/YBJPrinting\/\" \/>\n<meta property=\"og:image\" content=\"https:\/\/www.ybj-printing.com\/wp-content\/uploads\/2026\/01\/yapg-custom-die-cut-shaped-board-book-printing-20260114-022801.png\" \/>\n\t<meta property=\"og:image:width\" content=\"1024\" \/>\n\t<meta property=\"og:image:height\" content=\"1024\" \/>\n\t<meta property=\"og:image:type\" content=\"image\/png\" \/>\n<meta name=\"twitter:card\" content=\"summary_large_image\" \/>\n<meta name=\"twitter:label1\" content=\"Est. reading time\" \/>\n\t<meta name=\"twitter:data1\" content=\"2 minutes\" \/>\n<script type=\"application\/ld+json\" class=\"yoast-schema-graph\">{\"@context\":\"https:\/\/schema.org\",\"@graph\":[{\"@type\":\"WebPage\",\"@id\":\"https:\/\/www.ybj-printing.com\/printing\/custom-die-cut-shaped-board-book-printing\/\",\"url\":\"https:\/\/www.ybj-printing.com\/printing\/custom-die-cut-shaped-board-book-printing\/\",\"name\":\"Custom Die-Cut Shaped Board Book Printing | YBJ Printing\",\"isPartOf\":{\"@id\":\"https:\/\/www.ybj-printing.com\/#website\"},\"primaryImageOfPage\":{\"@id\":\"https:\/\/www.ybj-printing.com\/printing\/custom-die-cut-shaped-board-book-printing\/#primaryimage\"},\"image\":{\"@id\":\"https:\/\/www.ybj-printing.com\/printing\/custom-die-cut-shaped-board-book-printing\/#primaryimage\"},\"thumbnailUrl\":\"https:\/\/www.ybj-printing.com\/wp-content\/uploads\/2026\/01\/yapg-custom-die-cut-shaped-board-book-printing-20260114-022801.png\",\"datePublished\":\"2026-01-14T03:42:26+00:00\",\"description\":\"High-quality custom die-cut board book printing. Create unique shaped books with durable greyboard, vibrant offset printing, and child-safe rounded corners.\",\"breadcrumb\":{\"@id\":\"https:\/\/www.ybj-printing.com\/printing\/custom-die-cut-shaped-board-book-printing\/#breadcrumb\"},\"inLanguage\":\"fr-FR\",\"potentialAction\":[{\"@type\":\"ReadAction\",\"target\":[\"https:\/\/www.ybj-printing.com\/printing\/custom-die-cut-shaped-board-book-printing\/\"]}]},{\"@type\":\"ImageObject\",\"inLanguage\":\"fr-FR\",\"@id\":\"https:\/\/www.ybj-printing.com\/printing\/custom-die-cut-shaped-board-book-printing\/#primaryimage\",\"url\":\"https:\/\/www.ybj-printing.com\/wp-content\/uploads\/2026\/01\/yapg-custom-die-cut-shaped-board-book-printing-20260114-022801.png\",\"contentUrl\":\"https:\/\/www.ybj-printing.com\/wp-content\/uploads\/2026\/01\/yapg-custom-die-cut-shaped-board-book-printing-20260114-022801.png\",\"width\":1024,\"height\":1024,\"caption\":\"Custom Die-Cut Shaped Board Book Printing\"},{\"@type\":\"BreadcrumbList\",\"@id\":\"https:\/\/www.ybj-printing.com\/printing\/custom-die-cut-shaped-board-book-printing\/#breadcrumb\",\"itemListElement\":[{\"@type\":\"ListItem\",\"position\":1,\"name\":\"Home\",\"item\":\"https:\/\/www.ybj-printing.com\/\"},{\"@type\":\"ListItem\",\"position\":2,\"name\":\"Products\",\"item\":\"https:\/\/www.ybj-printing.com\/shop\/\"},{\"@type\":\"ListItem\",\"position\":3,\"name\":\"Custom Die-Cut Shaped Board Book Printing Services\"}]},{\"@type\":\"WebSite\",\"@id\":\"https:\/\/www.ybj-printing.com\/#website\",\"url\":\"https:\/\/www.ybj-printing.com\/\",\"name\":\"YBJ Book Printing\",\"description\":\"China Book Printing Factory\",\"publisher\":{\"@id\":\"https:\/\/www.ybj-printing.com\/#organization\"},\"alternateName\":\"YBJ Printing\",\"potentialAction\":[{\"@type\":\"SearchAction\",\"target\":{\"@type\":\"EntryPoint\",\"urlTemplate\":\"https:\/\/www.ybj-printing.com\/?s={search_term_string}\"},\"query-input\":{\"@type\":\"PropertyValueSpecification\",\"valueRequired\":true,\"valueName\":\"search_term_string\"}}],\"inLanguage\":\"fr-FR\"},{\"@type\":\"Organization\",\"@id\":\"https:\/\/www.ybj-printing.com\/#organization\",\"name\":\"YBJ Book Printing\",\"alternateName\":\"YBJ Printing\",\"url\":\"https:\/\/www.ybj-printing.com\/\",\"logo\":{\"@type\":\"ImageObject\",\"inLanguage\":\"fr-FR\",\"@id\":\"https:\/\/www.ybj-printing.com\/#\/schema\/logo\/image\/\",\"url\":\"https:\/\/www.ybj-printing.com\/wp-content\/uploads\/2023\/11\/ybj-logo-old.png\",\"contentUrl\":\"https:\/\/www.ybj-printing.com\/wp-content\/uploads\/2023\/11\/ybj-logo-old.png\",\"width\":504,\"height\":279,\"caption\":\"YBJ Book Printing\"},\"image\":{\"@id\":\"https:\/\/www.ybj-printing.com\/#\/schema\/logo\/image\/\"},\"sameAs\":[\"https:\/\/www.facebook.com\/YBJPrinting\/\",\"https:\/\/www.youtube.com\/channel\/UClmcORiaLAYlsSEdkNZfCMA\/\"]}]}<\/script>\n<!-- \/ Yoast SEO plugin. -->","yoast_head_json":{"title":"Custom Die-Cut Shaped Board Book Printing | YBJ Printing","description":"High-quality custom die-cut board book printing. Create unique shaped books with durable greyboard, vibrant offset printing, and child-safe rounded corners.","robots":{"index":"index","follow":"follow","max-snippet":"max-snippet:-1","max-image-preview":"max-image-preview:large","max-video-preview":"max-video-preview:-1"},"canonical":"https:\/\/www.ybj-printing.com\/fr\/impression\/impression-de-livres-en-carton-decoupes-a-lemporte-piece\/","og_locale":"fr_FR","og_type":"article","og_title":"Custom Die-Cut Shaped Board Book Printing Services","og_description":"Stand out with custom shaped board books. Precision die-cutting, durable mounting, and child-safe materials for engaging children's publications.","og_url":"https:\/\/www.ybj-printing.com\/fr\/impression\/impression-de-livres-en-carton-decoupes-a-lemporte-piece\/","og_site_name":"YBJ Book Printing","article_publisher":"https:\/\/www.facebook.com\/YBJPrinting\/","og_image":[{"width":1024,"height":1024,"url":"https:\/\/www.ybj-printing.com\/wp-content\/uploads\/2026\/01\/yapg-custom-die-cut-shaped-board-book-printing-20260114-022801.png","type":"image\/png"}],"twitter_card":"summary_large_image","twitter_misc":{"Est. reading time":"2 minutes"},"schema":{"@context":"https:\/\/schema.org","@graph":[{"@type":"WebPage","@id":"https:\/\/www.ybj-printing.com\/printing\/custom-die-cut-shaped-board-book-printing\/","url":"https:\/\/www.ybj-printing.com\/printing\/custom-die-cut-shaped-board-book-printing\/","name":"Custom Die-Cut Shaped Board Book Printing | YBJ Printing","isPartOf":{"@id":"https:\/\/www.ybj-printing.com\/#website"},"primaryImageOfPage":{"@id":"https:\/\/www.ybj-printing.com\/printing\/custom-die-cut-shaped-board-book-printing\/#primaryimage"},"image":{"@id":"https:\/\/www.ybj-printing.com\/printing\/custom-die-cut-shaped-board-book-printing\/#primaryimage"},"thumbnailUrl":"https:\/\/www.ybj-printing.com\/wp-content\/uploads\/2026\/01\/yapg-custom-die-cut-shaped-board-book-printing-20260114-022801.png","datePublished":"2026-01-14T03:42:26+00:00","description":"High-quality custom die-cut board book printing. Create unique shaped books with durable greyboard, vibrant offset printing, and child-safe rounded corners.","breadcrumb":{"@id":"https:\/\/www.ybj-printing.com\/printing\/custom-die-cut-shaped-board-book-printing\/#breadcrumb"},"inLanguage":"fr-FR","potentialAction":[{"@type":"ReadAction","target":["https:\/\/www.ybj-printing.com\/printing\/custom-die-cut-shaped-board-book-printing\/"]}]},{"@type":"ImageObject","inLanguage":"fr-FR","@id":"https:\/\/www.ybj-printing.com\/printing\/custom-die-cut-shaped-board-book-printing\/#primaryimage","url":"https:\/\/www.ybj-printing.com\/wp-content\/uploads\/2026\/01\/yapg-custom-die-cut-shaped-board-book-printing-20260114-022801.png","contentUrl":"https:\/\/www.ybj-printing.com\/wp-content\/uploads\/2026\/01\/yapg-custom-die-cut-shaped-board-book-printing-20260114-022801.png","width":1024,"height":1024,"caption":"Custom Die-Cut Shaped Board Book Printing"},{"@type":"BreadcrumbList","@id":"https:\/\/www.ybj-printing.com\/printing\/custom-die-cut-shaped-board-book-printing\/#breadcrumb","itemListElement":[{"@type":"ListItem","position":1,"name":"Home","item":"https:\/\/www.ybj-printing.com\/"},{"@type":"ListItem","position":2,"name":"Products","item":"https:\/\/www.ybj-printing.com\/shop\/"},{"@type":"ListItem","position":3,"name":"Custom Die-Cut Shaped Board Book Printing Services"}]},{"@type":"WebSite","@id":"https:\/\/www.ybj-printing.com\/#website","url":"https:\/\/www.ybj-printing.com\/","name":"YBJ Book Printing","description":"China Book Printing Factory","publisher":{"@id":"https:\/\/www.ybj-printing.com\/#organization"},"alternateName":"YBJ Printing","potentialAction":[{"@type":"SearchAction","target":{"@type":"EntryPoint","urlTemplate":"https:\/\/www.ybj-printing.com\/?s={search_term_string}"},"query-input":{"@type":"PropertyValueSpecification","valueRequired":true,"valueName":"search_term_string"}}],"inLanguage":"fr-FR"},{"@type":"Organization","@id":"https:\/\/www.ybj-printing.com\/#organization","name":"YBJ Book Printing","alternateName":"YBJ Printing","url":"https:\/\/www.ybj-printing.com\/","logo":{"@type":"ImageObject","inLanguage":"fr-FR","@id":"https:\/\/www.ybj-printing.com\/#\/schema\/logo\/image\/","url":"https:\/\/www.ybj-printing.com\/wp-content\/uploads\/2023\/11\/ybj-logo-old.png","contentUrl":"https:\/\/www.ybj-printing.com\/wp-content\/uploads\/2023\/11\/ybj-logo-old.png","width":504,"height":279,"caption":"YBJ Book Printing"},"image":{"@id":"https:\/\/www.ybj-printing.com\/#\/schema\/logo\/image\/"},"sameAs":["https:\/\/www.facebook.com\/YBJPrinting\/","https:\/\/www.youtube.com\/channel\/UClmcORiaLAYlsSEdkNZfCMA\/"]}]}},"_links":{"self":[{"href":"https:\/\/www.ybj-printing.com\/fr\/wp-json\/wp\/v2\/product\/32761","targetHints":{"allow":["GET"]}}],"collection":[{"href":"https:\/\/www.ybj-printing.com\/fr\/wp-json\/wp\/v2\/product"}],"about":[{"href":"https:\/\/www.ybj-printing.com\/fr\/wp-json\/wp\/v2\/types\/product"}],"wp:featuredmedia":[{"embeddable":true,"href":"https:\/\/www.ybj-printing.com\/fr\/wp-json\/wp\/v2\/media\/32749"}],"wp:attachment":[{"href":"https:\/\/www.ybj-printing.com\/fr\/wp-json\/wp\/v2\/media?parent=32761"}],"wp:term":[{"taxonomy":"product_brand","embeddable":true,"href":"https:\/\/www.ybj-printing.com\/fr\/wp-json\/wp\/v2\/product_brand?post=32761"},{"taxonomy":"product_cat","embeddable":true,"href":"https:\/\/www.ybj-printing.com\/fr\/wp-json\/wp\/v2\/product_cat?post=32761"},{"taxonomy":"product_tag","embeddable":true,"href":"https:\/\/www.ybj-printing.com\/fr\/wp-json\/wp\/v2\/product_tag?post=32761"}],"curies":[{"name":"wp","href":"https:\/\/api.w.org\/{rel}","templated":true}]}}