{"id":32824,"date":"2026-01-15T11:54:41","date_gmt":"2026-01-15T03:54:41","guid":{"rendered":"https:\/\/www.ybj-printing.com\/?post_type=product&#038;p=32824"},"modified":"2026-01-15T11:55:09","modified_gmt":"2026-01-15T03:55:09","slug":"impression-dun-livre-de-luxe-a-couverture-rigide-et-reliee-par-un-tissu","status":"publish","type":"product","link":"https:\/\/www.ybj-printing.com\/fr\/impression\/impression-dun-livre-de-luxe-a-couverture-rigide-et-reliee-par-un-tissu\/","title":{"rendered":"Impression d'un livre de luxe reli\u00e9 en tissu pour table basse"},"content":{"rendered":"<h2>Fabrication de livres personnalis\u00e9s de qualit\u00e9 sup\u00e9rieure<\/h2>\n<p>Chez YBJ Book Printing, nous sommes sp\u00e9cialis\u00e9s dans la production de livres de salon haut de gamme qui exigent un attrait tactile et une pr\u00e9cision visuelle. Notre service d'impression de livres reli\u00e9s en tissu combine les techniques traditionnelles de reliure avec la technologie moderne d'impression offset pour fournir des produits adapt\u00e9s \u00e0 la vente au d\u00e9tail, aux galeries d'art et aux cadeaux d'entreprise.<\/p>\n<h3>Impression offset haute fid\u00e9lit\u00e9<\/h3>\n<p>Pour les publications \u00e0 forte densit\u00e9 d'images, la pr\u00e9cision des couleurs est primordiale. Nous utilisons des presses offset Heidelberg de pointe pour garantir la nettet\u00e9 des d\u00e9tails et une gestion coh\u00e9rente des couleurs sur chaque page. Que votre projet n\u00e9cessite des noirs riches pour des photographies monochromes ou une reproduction CMJN vibrante pour des catalogues d'art, notre processus maintient la fid\u00e9lit\u00e9 de la premi\u00e8re \u00e0 la derni\u00e8re copie.<\/p>\n<h3>S\u00e9lection des mat\u00e9riaux et construction<\/h3>\n<p>Un livre de luxe est d\u00e9fini par ses mat\u00e9riaux. Nous proposons un large \u00e9ventail d'options de personnalisation pour r\u00e9pondre \u00e0 votre vision cr\u00e9ative :<\/p>\n<ul>\n<li><strong>Tissu Tissus :<\/strong> Choisissez parmi le lin fin, la toile grossi\u00e8re, la soie ou le bougran dans une vaste palette de couleurs.<\/li>\n<li><strong>Poids de la planche :<\/strong> Nous utilisons du carton gris de haute densit\u00e9 (g\u00e9n\u00e9ralement de 2 \u00e0 3 mm) pour garantir la rigidit\u00e9 et la solidit\u00e9 de la couverture.<\/li>\n<li><strong>Stock de papier :<\/strong> Les options vont du papier d'art de 128 g\/m2 au papier d'art de 200 g\/m2, disponible en finition brillante, mate ou non couch\u00e9e pour s'adapter au style du contenu.<\/li>\n<\/ul>\n<h3>Techniques de reliure et de finition<\/h3>\n<p>Notre processus de reliure allie durabilit\u00e9 et esth\u00e9tique. Toutes les couvertures rigides de luxe utilisent <strong>Reliure cousue Smyth<\/strong> (section couture), o\u00f9 les cahiers sont cousus ensemble avant d'\u00eatre coll\u00e9s au dos. Cela permet au livre de rester \u00e0 plat lorsqu'il est ouvert - ce qui est essentiel pour pr\u00e9senter des images panoramiques sur une double page - sans que le dos ne se fende.<\/p>\n<h4>Embellissements personnalis\u00e9s<\/h4>\n<p>Am\u00e9liorez l'ext\u00e9rieur de votre livre reli\u00e9 en tissu avec des finitions haut de gamme :<\/p>\n<ul>\n<li><strong>Marquage \u00e0 la feuille :<\/strong> Appliquez des feuilles m\u00e9talliques ou pigmentaires (or, argent, blanc, noir) sur le dos et la couverture pour cr\u00e9er un contraste sophistiqu\u00e9 avec le tissu.<\/li>\n<li><strong>Gaufrage :<\/strong> Pressez les titres ou les logos profond\u00e9ment dans le tissu pour un effet tactile subtil.<\/li>\n<li><strong>Jaquettes et \u00e9tuis :<\/strong> Ajoutez une protection et un attrait pour la vente au d\u00e9tail avec des jaquettes imprim\u00e9es sur mesure ou des \u00e9tuis rigides.<\/li>\n<\/ul>\n<h2>Sp\u00e9cifications techniques<\/h2>\n<table style=\"width:100%\">\n<tbody>\n<tr>\n<td><strong>Taille recommand\u00e9e<\/strong><\/td>\n<td>Custom (Common: 8.5&#8243; x 11&#8243;, 9&#8243; x 12&#8243;, 10&#8243; x 10&#8243;, 12&#8243; x 12&#8243;)<\/td>\n<\/tr>\n<tr>\n<td><strong>M\u00e9thode d'impression<\/strong><\/td>\n<td>Impression offset (CMYK \/ Pantone)<\/td>\n<\/tr>\n<tr>\n<td><strong>Style de reliure<\/strong><\/td>\n<td>Reliure cartonn\u00e9e (dos carr\u00e9 ou rond)<\/td>\n<\/tr>\n<tr>\n<td><strong>Quantit\u00e9 minimale de commande<\/strong><\/td>\n<td>Veuillez consulter pour conna\u00eetre les exigences actuelles en mati\u00e8re de qualit\u00e9 de fabrication<\/td>\n<\/tr>\n<tr>\n<td><strong>Temps de production<\/strong><\/td>\n<td>G\u00e9n\u00e9ralement 2 \u00e0 4 semaines apr\u00e8s l'approbation de l'\u00e9preuve<\/td>\n<\/tr>\n<\/tbody>\n<\/table>","protected":false},"excerpt":{"rendered":"<p>Cr\u00e9ez des publications dignes d'une galerie d'art gr\u00e2ce \u00e0 notre service d'impression de livres luxueux \u00e0 couverture rigide et \u00e0 reliure en tissu. Con\u00e7us pour les photographes, les artistes et les marques haut de gamme, ces livres de salon se composent d'un tissu de lin, de coton ou de soie de qualit\u00e9 sup\u00e9rieure envelopp\u00e9 d'un carton gris durable. Notre processus de fabrication garantit une reproduction des couleurs \u00e9clatante et une construction robuste.<\/p>\n<ul>\n<li><strong>Reliure :<\/strong> Couture Smyth (section cousue) pour une durabilit\u00e9 \u00e0 plat.<\/li>\n<li><strong>Mat\u00e9riau de la couverture :<\/strong> Tissu de premi\u00e8re qualit\u00e9 en diff\u00e9rentes textures et couleurs.<\/li>\n<li><strong>Finition :<\/strong> Options de dorure, de gaufrage et d'encapsulation.<\/li>\n<li><strong>Papier :<\/strong> Papier d'art sans acide (couch\u00e9 ou non couch\u00e9) pour une qualit\u00e9 d'archivage.<\/li>\n<\/ul>","protected":false},"featured_media":32810,"template":"","meta":{"_acf_changed":false},"product_brand":[],"product_cat":[92],"product_tag":[328,327,325,329,326,305],"class_list":{"0":"post-32824","1":"product","2":"type-product","3":"status-publish","4":"has-post-thumbnail","6":"product_cat-childrens-book-printing","7":"product_tag-art-book-printing","8":"product_tag-cloth-binding","9":"product_tag-coffee-table-books","10":"product_tag-custom-book-binding","11":"product_tag-hardcover-printing","12":"product_tag-offset-printing","13":"sales-flash-overlay","14":"woocommerce-text-align-center","15":"woocommerce-image-align-center","16":"do-quantity-buttons","17":"wc-has-gallery","19":"first","20":"instock","21":"shipping-taxable","22":"product-type-simple"},"acf":[],"yoast_head":"<!-- This site is optimized with the Yoast SEO plugin v25.8 - https:\/\/yoast.com\/wordpress\/plugins\/seo\/ -->\n<title>Luxury Cloth-Bound Coffee Table Book Printing | YBJ Printing<\/title>\n<meta name=\"description\" content=\"Custom cloth-bound hardcover book printing. High-quality offset printing with linen covers, foil stamping, and sewn binding for artists and brands.\" \/>\n<meta name=\"robots\" content=\"index, follow, max-snippet:-1, max-image-preview:large, max-video-preview:-1\" \/>\n<link rel=\"canonical\" href=\"https:\/\/www.ybj-printing.com\/fr\/impression\/impression-dun-livre-de-luxe-a-couverture-rigide-et-reliee-par-un-tissu\/\" \/>\n<meta property=\"og:locale\" content=\"fr_FR\" \/>\n<meta property=\"og:type\" content=\"article\" \/>\n<meta property=\"og:title\" content=\"Luxury Cloth-Bound Hardcover Coffee Table Book Printing Service\" \/>\n<meta property=\"og:description\" content=\"Premium manufacturing for art and photography books. Features sewn binding, fabric covers, and custom foil stamping.\" \/>\n<meta property=\"og:url\" content=\"https:\/\/www.ybj-printing.com\/fr\/impression\/impression-dun-livre-de-luxe-a-couverture-rigide-et-reliee-par-un-tissu\/\" \/>\n<meta property=\"og:site_name\" content=\"YBJ Book Printing\" \/>\n<meta property=\"article:publisher\" content=\"https:\/\/www.facebook.com\/YBJPrinting\/\" \/>\n<meta property=\"article:modified_time\" content=\"2026-01-15T03:55:09+00:00\" \/>\n<meta property=\"og:image\" content=\"https:\/\/www.ybj-printing.com\/wp-content\/uploads\/2026\/01\/yapg-luxury-cloth-bound-hardcover-coffee-table-book-printing-service-20260115-034729.png\" \/>\n\t<meta property=\"og:image:width\" content=\"1024\" \/>\n\t<meta property=\"og:image:height\" content=\"1024\" \/>\n\t<meta property=\"og:image:type\" content=\"image\/png\" \/>\n<meta name=\"twitter:card\" content=\"summary_large_image\" \/>\n<meta name=\"twitter:label1\" content=\"Est. reading time\" \/>\n\t<meta name=\"twitter:data1\" content=\"2 minutes\" \/>\n<script type=\"application\/ld+json\" class=\"yoast-schema-graph\">{\"@context\":\"https:\/\/schema.org\",\"@graph\":[{\"@type\":\"WebPage\",\"@id\":\"https:\/\/www.ybj-printing.com\/printing\/luxury-cloth-bound-hardcover-coffee-table-book-printing\/\",\"url\":\"https:\/\/www.ybj-printing.com\/printing\/luxury-cloth-bound-hardcover-coffee-table-book-printing\/\",\"name\":\"Luxury Cloth-Bound Coffee Table Book Printing | YBJ Printing\",\"isPartOf\":{\"@id\":\"https:\/\/www.ybj-printing.com\/#website\"},\"primaryImageOfPage\":{\"@id\":\"https:\/\/www.ybj-printing.com\/printing\/luxury-cloth-bound-hardcover-coffee-table-book-printing\/#primaryimage\"},\"image\":{\"@id\":\"https:\/\/www.ybj-printing.com\/printing\/luxury-cloth-bound-hardcover-coffee-table-book-printing\/#primaryimage\"},\"thumbnailUrl\":\"https:\/\/www.ybj-printing.com\/wp-content\/uploads\/2026\/01\/yapg-luxury-cloth-bound-hardcover-coffee-table-book-printing-service-20260115-034729.png\",\"datePublished\":\"2026-01-15T03:54:41+00:00\",\"dateModified\":\"2026-01-15T03:55:09+00:00\",\"description\":\"Custom cloth-bound hardcover book printing. High-quality offset printing with linen covers, foil stamping, and sewn binding for artists and brands.\",\"breadcrumb\":{\"@id\":\"https:\/\/www.ybj-printing.com\/printing\/luxury-cloth-bound-hardcover-coffee-table-book-printing\/#breadcrumb\"},\"inLanguage\":\"fr-FR\",\"potentialAction\":[{\"@type\":\"ReadAction\",\"target\":[\"https:\/\/www.ybj-printing.com\/printing\/luxury-cloth-bound-hardcover-coffee-table-book-printing\/\"]}]},{\"@type\":\"ImageObject\",\"inLanguage\":\"fr-FR\",\"@id\":\"https:\/\/www.ybj-printing.com\/printing\/luxury-cloth-bound-hardcover-coffee-table-book-printing\/#primaryimage\",\"url\":\"https:\/\/www.ybj-printing.com\/wp-content\/uploads\/2026\/01\/yapg-luxury-cloth-bound-hardcover-coffee-table-book-printing-service-20260115-034729.png\",\"contentUrl\":\"https:\/\/www.ybj-printing.com\/wp-content\/uploads\/2026\/01\/yapg-luxury-cloth-bound-hardcover-coffee-table-book-printing-service-20260115-034729.png\",\"width\":1024,\"height\":1024,\"caption\":\"Luxury Cloth-Bound Hardcover Coffee Table Book Printing Service\"},{\"@type\":\"BreadcrumbList\",\"@id\":\"https:\/\/www.ybj-printing.com\/printing\/luxury-cloth-bound-hardcover-coffee-table-book-printing\/#breadcrumb\",\"itemListElement\":[{\"@type\":\"ListItem\",\"position\":1,\"name\":\"Home\",\"item\":\"https:\/\/www.ybj-printing.com\/\"},{\"@type\":\"ListItem\",\"position\":2,\"name\":\"Products\",\"item\":\"https:\/\/www.ybj-printing.com\/shop\/\"},{\"@type\":\"ListItem\",\"position\":3,\"name\":\"Luxury Cloth-Bound Hardcover Coffee Table Book Printing\"}]},{\"@type\":\"WebSite\",\"@id\":\"https:\/\/www.ybj-printing.com\/#website\",\"url\":\"https:\/\/www.ybj-printing.com\/\",\"name\":\"YBJ Book Printing\",\"description\":\"China Book Printing Factory\",\"publisher\":{\"@id\":\"https:\/\/www.ybj-printing.com\/#organization\"},\"alternateName\":\"YBJ Printing\",\"potentialAction\":[{\"@type\":\"SearchAction\",\"target\":{\"@type\":\"EntryPoint\",\"urlTemplate\":\"https:\/\/www.ybj-printing.com\/?s={search_term_string}\"},\"query-input\":{\"@type\":\"PropertyValueSpecification\",\"valueRequired\":true,\"valueName\":\"search_term_string\"}}],\"inLanguage\":\"fr-FR\"},{\"@type\":\"Organization\",\"@id\":\"https:\/\/www.ybj-printing.com\/#organization\",\"name\":\"YBJ Book Printing\",\"alternateName\":\"YBJ Printing\",\"url\":\"https:\/\/www.ybj-printing.com\/\",\"logo\":{\"@type\":\"ImageObject\",\"inLanguage\":\"fr-FR\",\"@id\":\"https:\/\/www.ybj-printing.com\/#\/schema\/logo\/image\/\",\"url\":\"https:\/\/www.ybj-printing.com\/wp-content\/uploads\/2023\/11\/ybj-logo-old.png\",\"contentUrl\":\"https:\/\/www.ybj-printing.com\/wp-content\/uploads\/2023\/11\/ybj-logo-old.png\",\"width\":504,\"height\":279,\"caption\":\"YBJ Book Printing\"},\"image\":{\"@id\":\"https:\/\/www.ybj-printing.com\/#\/schema\/logo\/image\/\"},\"sameAs\":[\"https:\/\/www.facebook.com\/YBJPrinting\/\",\"https:\/\/www.youtube.com\/channel\/UClmcORiaLAYlsSEdkNZfCMA\/\"]}]}<\/script>\n<!-- \/ Yoast SEO plugin. -->","yoast_head_json":{"title":"Luxury Cloth-Bound Coffee Table Book Printing | YBJ Printing","description":"Custom cloth-bound hardcover book printing. High-quality offset printing with linen covers, foil stamping, and sewn binding for artists and brands.","robots":{"index":"index","follow":"follow","max-snippet":"max-snippet:-1","max-image-preview":"max-image-preview:large","max-video-preview":"max-video-preview:-1"},"canonical":"https:\/\/www.ybj-printing.com\/fr\/impression\/impression-dun-livre-de-luxe-a-couverture-rigide-et-reliee-par-un-tissu\/","og_locale":"fr_FR","og_type":"article","og_title":"Luxury Cloth-Bound Hardcover Coffee Table Book Printing Service","og_description":"Premium manufacturing for art and photography books. Features sewn binding, fabric covers, and custom foil stamping.","og_url":"https:\/\/www.ybj-printing.com\/fr\/impression\/impression-dun-livre-de-luxe-a-couverture-rigide-et-reliee-par-un-tissu\/","og_site_name":"YBJ Book Printing","article_publisher":"https:\/\/www.facebook.com\/YBJPrinting\/","article_modified_time":"2026-01-15T03:55:09+00:00","og_image":[{"width":1024,"height":1024,"url":"https:\/\/www.ybj-printing.com\/wp-content\/uploads\/2026\/01\/yapg-luxury-cloth-bound-hardcover-coffee-table-book-printing-service-20260115-034729.png","type":"image\/png"}],"twitter_card":"summary_large_image","twitter_misc":{"Est. reading time":"2 minutes"},"schema":{"@context":"https:\/\/schema.org","@graph":[{"@type":"WebPage","@id":"https:\/\/www.ybj-printing.com\/printing\/luxury-cloth-bound-hardcover-coffee-table-book-printing\/","url":"https:\/\/www.ybj-printing.com\/printing\/luxury-cloth-bound-hardcover-coffee-table-book-printing\/","name":"Luxury Cloth-Bound Coffee Table Book Printing | YBJ Printing","isPartOf":{"@id":"https:\/\/www.ybj-printing.com\/#website"},"primaryImageOfPage":{"@id":"https:\/\/www.ybj-printing.com\/printing\/luxury-cloth-bound-hardcover-coffee-table-book-printing\/#primaryimage"},"image":{"@id":"https:\/\/www.ybj-printing.com\/printing\/luxury-cloth-bound-hardcover-coffee-table-book-printing\/#primaryimage"},"thumbnailUrl":"https:\/\/www.ybj-printing.com\/wp-content\/uploads\/2026\/01\/yapg-luxury-cloth-bound-hardcover-coffee-table-book-printing-service-20260115-034729.png","datePublished":"2026-01-15T03:54:41+00:00","dateModified":"2026-01-15T03:55:09+00:00","description":"Custom cloth-bound hardcover book printing. High-quality offset printing with linen covers, foil stamping, and sewn binding for artists and brands.","breadcrumb":{"@id":"https:\/\/www.ybj-printing.com\/printing\/luxury-cloth-bound-hardcover-coffee-table-book-printing\/#breadcrumb"},"inLanguage":"fr-FR","potentialAction":[{"@type":"ReadAction","target":["https:\/\/www.ybj-printing.com\/printing\/luxury-cloth-bound-hardcover-coffee-table-book-printing\/"]}]},{"@type":"ImageObject","inLanguage":"fr-FR","@id":"https:\/\/www.ybj-printing.com\/printing\/luxury-cloth-bound-hardcover-coffee-table-book-printing\/#primaryimage","url":"https:\/\/www.ybj-printing.com\/wp-content\/uploads\/2026\/01\/yapg-luxury-cloth-bound-hardcover-coffee-table-book-printing-service-20260115-034729.png","contentUrl":"https:\/\/www.ybj-printing.com\/wp-content\/uploads\/2026\/01\/yapg-luxury-cloth-bound-hardcover-coffee-table-book-printing-service-20260115-034729.png","width":1024,"height":1024,"caption":"Luxury Cloth-Bound Hardcover Coffee Table Book Printing Service"},{"@type":"BreadcrumbList","@id":"https:\/\/www.ybj-printing.com\/printing\/luxury-cloth-bound-hardcover-coffee-table-book-printing\/#breadcrumb","itemListElement":[{"@type":"ListItem","position":1,"name":"Home","item":"https:\/\/www.ybj-printing.com\/"},{"@type":"ListItem","position":2,"name":"Products","item":"https:\/\/www.ybj-printing.com\/shop\/"},{"@type":"ListItem","position":3,"name":"Luxury Cloth-Bound Hardcover Coffee Table Book Printing"}]},{"@type":"WebSite","@id":"https:\/\/www.ybj-printing.com\/#website","url":"https:\/\/www.ybj-printing.com\/","name":"YBJ Book Printing","description":"China Book Printing Factory","publisher":{"@id":"https:\/\/www.ybj-printing.com\/#organization"},"alternateName":"YBJ Printing","potentialAction":[{"@type":"SearchAction","target":{"@type":"EntryPoint","urlTemplate":"https:\/\/www.ybj-printing.com\/?s={search_term_string}"},"query-input":{"@type":"PropertyValueSpecification","valueRequired":true,"valueName":"search_term_string"}}],"inLanguage":"fr-FR"},{"@type":"Organization","@id":"https:\/\/www.ybj-printing.com\/#organization","name":"YBJ Book Printing","alternateName":"YBJ Printing","url":"https:\/\/www.ybj-printing.com\/","logo":{"@type":"ImageObject","inLanguage":"fr-FR","@id":"https:\/\/www.ybj-printing.com\/#\/schema\/logo\/image\/","url":"https:\/\/www.ybj-printing.com\/wp-content\/uploads\/2023\/11\/ybj-logo-old.png","contentUrl":"https:\/\/www.ybj-printing.com\/wp-content\/uploads\/2023\/11\/ybj-logo-old.png","width":504,"height":279,"caption":"YBJ Book Printing"},"image":{"@id":"https:\/\/www.ybj-printing.com\/#\/schema\/logo\/image\/"},"sameAs":["https:\/\/www.facebook.com\/YBJPrinting\/","https:\/\/www.youtube.com\/channel\/UClmcORiaLAYlsSEdkNZfCMA\/"]}]}},"_links":{"self":[{"href":"https:\/\/www.ybj-printing.com\/fr\/wp-json\/wp\/v2\/product\/32824","targetHints":{"allow":["GET"]}}],"collection":[{"href":"https:\/\/www.ybj-printing.com\/fr\/wp-json\/wp\/v2\/product"}],"about":[{"href":"https:\/\/www.ybj-printing.com\/fr\/wp-json\/wp\/v2\/types\/product"}],"wp:featuredmedia":[{"embeddable":true,"href":"https:\/\/www.ybj-printing.com\/fr\/wp-json\/wp\/v2\/media\/32810"}],"wp:attachment":[{"href":"https:\/\/www.ybj-printing.com\/fr\/wp-json\/wp\/v2\/media?parent=32824"}],"wp:term":[{"taxonomy":"product_brand","embeddable":true,"href":"https:\/\/www.ybj-printing.com\/fr\/wp-json\/wp\/v2\/product_brand?post=32824"},{"taxonomy":"product_cat","embeddable":true,"href":"https:\/\/www.ybj-printing.com\/fr\/wp-json\/wp\/v2\/product_cat?post=32824"},{"taxonomy":"product_tag","embeddable":true,"href":"https:\/\/www.ybj-printing.com\/fr\/wp-json\/wp\/v2\/product_tag?post=32824"}],"curies":[{"name":"wp","href":"https:\/\/api.w.org\/{rel}","templated":true}]}}