{"id":32980,"date":"2026-01-17T11:59:34","date_gmt":"2026-01-17T03:59:34","guid":{"rendered":"https:\/\/www.ybj-printing.com\/?post_type=product&#038;p=32980"},"modified":"2026-01-17T11:59:34","modified_gmt":"2026-01-17T03:59:34","slug":"dos-apparent-smyth-cousu-sketchbook-impression","status":"publish","type":"product","link":"https:\/\/www.ybj-printing.com\/fr\/impression\/dos-apparent-smyth-cousu-sketchbook-impression\/","title":{"rendered":"Impression de carnets de croquis Smyth cousus \u00e0 dos expos\u00e9 sur mesure"},"content":{"rendered":"<h2>Reliure \u00e0 dos apparents pour l'art et le design<\/h2>\n<p>Le carnet de croquis \u00e0 dos apparent (souvent appel\u00e9 dos ouvert ou dos apparent cousu Smyth) est le choix pr\u00e9f\u00e9r\u00e9 des artistes, des architectes et des designers en raison de ses capacit\u00e9s sup\u00e9rieures de mise \u00e0 plat. Contrairement aux livres \u00e0 reliure parfaite qui utilisent de la colle, cette m\u00e9thode r\u00e9v\u00e8le les coutures structurelles du corps du livre, transformant la m\u00e9canique de la reliure en un \u00e9l\u00e9ment central de la conception.<\/p>\n<h3>Fonctionnalit\u00e9 compl\u00e8te de mise \u00e0 plat<\/h3>\n<p>Le principal avantage de la reliure \u00e0 dos d\u00e9couvert est l'\u00e9limination de la goutti\u00e8re. Comme les cahiers sont cousus ensemble et que le dos n'est pas couvert (souvent sans adh\u00e9sif ou l\u00e9g\u00e8rement coll\u00e9 pour assurer la stabilit\u00e9 sans couverture), le livre s'ouvre compl\u00e8tement \u00e0 plat. Cela permet aux artistes d'utiliser toute la largeur de l'ouvrage pour r\u00e9aliser des croquis panoramiques ou des \u00e9bauches architecturales sans avoir \u00e0 lutter contre la tension de la reliure.<\/p>\n<h3>Options de personnalisation<\/h3>\n<p>En tant que fabricant d'impression de livres sur mesure, YBJ propose une personnalisation pouss\u00e9e de ce format :<\/p>\n<ul>\n<li><strong>Couleurs des fils :<\/strong> S\u00e9lectionnez des couleurs de fil assorties ou contrastant avec le motif de votre couverture. Des s\u00e9quences de couture multicolores sont disponibles.<\/li>\n<li><strong>Styles de couverture :<\/strong> Choose between a standard exposed board or a &#8220;Swiss Binding&#8221; style, where the cover is attached only to the back block, leaving the spine fully visible.<\/li>\n<li><strong>Stocks de papier :<\/strong> Nous nous approvisionnons en papier non couch\u00e9 sans bois de haute qualit\u00e9 et en papiers d'art textur\u00e9s convenant aux applications au graphite, \u00e0 l'encre et au fusain.<\/li>\n<\/ul>\n<h3>Sp\u00e9cifications techniques<\/h3>\n<ul>\n<li><strong>M\u00e9thode de reliure :<\/strong> Smyth Sewn (cousu au fil) avec dos apparent.<\/li>\n<li><strong>Mat\u00e9riau de la couverture :<\/strong> Greyboard (1mm &#8211; 3mm), Kraft paper, or heavy cardstock.<\/li>\n<li><strong>Papier int\u00e9rieur :<\/strong> Papier d'art non couch\u00e9 (80 \u00e0 160 g\/m2 recommand\u00e9 pour les esquisses).<\/li>\n<li><strong>Taille :<\/strong> Enti\u00e8rement personnalisable (formats standard A4, A5 et carr\u00e9s personnalis\u00e9s disponibles).<\/li>\n<li><strong>Finition :<\/strong> Gaufrage, marquage \u00e0 chaud ou s\u00e9rigraphie sur les couvertures.<\/li>\n<\/ul>","protected":false},"excerpt":{"rendered":"<p>D\u00e9couvrez l'esth\u00e9tique distincte et la fonctionnalit\u00e9 pratique de la reliure \u00e0 dos ouvert. Ce carnet de croquis cousu Smyth est dot\u00e9 d'un dos ouvert qui permet au carnet d'\u00eatre compl\u00e8tement \u00e0 plat \u00e0 180 degr\u00e9s, ce qui le rend id\u00e9al pour les artistes travaillant sur des doubles pages. Personnalisable avec des fils de diff\u00e9rentes couleurs et des papiers d'art non couch\u00e9s, ce style de reliure allie la durabilit\u00e9 industrielle \u00e0 une \u00e9l\u00e9gance brute et artisanale.<\/p>","protected":false},"featured_media":32971,"template":"","meta":{"_acf_changed":false},"product_brand":[],"product_cat":[107],"product_tag":[328,398,403,400,399,401,402],"class_list":{"0":"post-32980","1":"product","2":"type-product","3":"status-publish","4":"has-post-thumbnail","6":"product_cat-art-book-printing","7":"product_tag-art-book-printing","8":"product_tag-exposed-spine-binding","9":"product_tag-open-spine","10":"product_tag-sketchbook","11":"product_tag-smyth-sewn","12":"product_tag-swiss-binding","13":"product_tag-uncoated-paper","14":"sales-flash-overlay","15":"woocommerce-text-align-center","16":"woocommerce-image-align-center","17":"do-quantity-buttons","18":"wc-has-gallery","20":"first","21":"instock","22":"shipping-taxable","23":"product-type-simple"},"acf":[],"yoast_head":"<!-- This site is optimized with the Yoast SEO plugin v25.8 - https:\/\/yoast.com\/wordpress\/plugins\/seo\/ -->\n<title>Exposed Spine Sketchbook Printing | Custom Open Binding | YBJ<\/title>\n<meta name=\"description\" content=\"High-quality exposed spine sketchbook printing. Features lay-flat Smyth sewn binding, custom colored threads, and premium uncoated art paper.\" \/>\n<meta name=\"robots\" content=\"index, follow, max-snippet:-1, max-image-preview:large, max-video-preview:-1\" \/>\n<link rel=\"canonical\" href=\"https:\/\/www.ybj-printing.com\/fr\/impression\/dos-apparent-smyth-cousu-sketchbook-impression\/\" \/>\n<meta property=\"og:locale\" content=\"fr_FR\" \/>\n<meta property=\"og:type\" content=\"article\" \/>\n<meta property=\"og:title\" content=\"Custom Exposed Spine Smyth Sewn Sketchbook Printing\" \/>\n<meta property=\"og:description\" content=\"Create custom sketchbooks with open spine binding. 180-degree lay-flat design with customizable thread colors and paper stocks.\" \/>\n<meta property=\"og:url\" content=\"https:\/\/www.ybj-printing.com\/fr\/impression\/dos-apparent-smyth-cousu-sketchbook-impression\/\" \/>\n<meta property=\"og:site_name\" content=\"YBJ Book Printing\" \/>\n<meta property=\"article:publisher\" content=\"https:\/\/www.facebook.com\/YBJPrinting\/\" \/>\n<meta property=\"og:image\" content=\"https:\/\/www.ybj-printing.com\/wp-content\/uploads\/2026\/01\/yapg-exposed-spine-smyth-sewn-artist-sketchbook-replica-20260117-020007.png\" \/>\n\t<meta property=\"og:image:width\" content=\"1024\" \/>\n\t<meta property=\"og:image:height\" content=\"1024\" \/>\n\t<meta property=\"og:image:type\" content=\"image\/png\" \/>\n<meta name=\"twitter:card\" content=\"summary_large_image\" \/>\n<meta name=\"twitter:label1\" content=\"Est. reading time\" \/>\n\t<meta name=\"twitter:data1\" content=\"2 minutes\" \/>\n<script type=\"application\/ld+json\" class=\"yoast-schema-graph\">{\"@context\":\"https:\/\/schema.org\",\"@graph\":[{\"@type\":\"WebPage\",\"@id\":\"https:\/\/www.ybj-printing.com\/printing\/exposed-spine-smyth-sewn-sketchbook-printing\/\",\"url\":\"https:\/\/www.ybj-printing.com\/printing\/exposed-spine-smyth-sewn-sketchbook-printing\/\",\"name\":\"Exposed Spine Sketchbook Printing | Custom Open Binding | YBJ\",\"isPartOf\":{\"@id\":\"https:\/\/www.ybj-printing.com\/#website\"},\"primaryImageOfPage\":{\"@id\":\"https:\/\/www.ybj-printing.com\/printing\/exposed-spine-smyth-sewn-sketchbook-printing\/#primaryimage\"},\"image\":{\"@id\":\"https:\/\/www.ybj-printing.com\/printing\/exposed-spine-smyth-sewn-sketchbook-printing\/#primaryimage\"},\"thumbnailUrl\":\"https:\/\/www.ybj-printing.com\/wp-content\/uploads\/2026\/01\/yapg-exposed-spine-smyth-sewn-artist-sketchbook-replica-20260117-020007.png\",\"datePublished\":\"2026-01-17T03:59:34+00:00\",\"description\":\"High-quality exposed spine sketchbook printing. Features lay-flat Smyth sewn binding, custom colored threads, and premium uncoated art paper.\",\"breadcrumb\":{\"@id\":\"https:\/\/www.ybj-printing.com\/printing\/exposed-spine-smyth-sewn-sketchbook-printing\/#breadcrumb\"},\"inLanguage\":\"fr-FR\",\"potentialAction\":[{\"@type\":\"ReadAction\",\"target\":[\"https:\/\/www.ybj-printing.com\/printing\/exposed-spine-smyth-sewn-sketchbook-printing\/\"]}]},{\"@type\":\"ImageObject\",\"inLanguage\":\"fr-FR\",\"@id\":\"https:\/\/www.ybj-printing.com\/printing\/exposed-spine-smyth-sewn-sketchbook-printing\/#primaryimage\",\"url\":\"https:\/\/www.ybj-printing.com\/wp-content\/uploads\/2026\/01\/yapg-exposed-spine-smyth-sewn-artist-sketchbook-replica-20260117-020007.png\",\"contentUrl\":\"https:\/\/www.ybj-printing.com\/wp-content\/uploads\/2026\/01\/yapg-exposed-spine-smyth-sewn-artist-sketchbook-replica-20260117-020007.png\",\"width\":1024,\"height\":1024,\"caption\":\"Exposed Spine Smyth Sewn Artist Sketchbook Replica\"},{\"@type\":\"BreadcrumbList\",\"@id\":\"https:\/\/www.ybj-printing.com\/printing\/exposed-spine-smyth-sewn-sketchbook-printing\/#breadcrumb\",\"itemListElement\":[{\"@type\":\"ListItem\",\"position\":1,\"name\":\"Home\",\"item\":\"https:\/\/www.ybj-printing.com\/\"},{\"@type\":\"ListItem\",\"position\":2,\"name\":\"Products\",\"item\":\"https:\/\/www.ybj-printing.com\/shop\/\"},{\"@type\":\"ListItem\",\"position\":3,\"name\":\"Custom Exposed Spine Smyth Sewn Sketchbook Printing\"}]},{\"@type\":\"WebSite\",\"@id\":\"https:\/\/www.ybj-printing.com\/#website\",\"url\":\"https:\/\/www.ybj-printing.com\/\",\"name\":\"YBJ Book Printing\",\"description\":\"China Book Printing Factory\",\"publisher\":{\"@id\":\"https:\/\/www.ybj-printing.com\/#organization\"},\"alternateName\":\"YBJ Printing\",\"potentialAction\":[{\"@type\":\"SearchAction\",\"target\":{\"@type\":\"EntryPoint\",\"urlTemplate\":\"https:\/\/www.ybj-printing.com\/?s={search_term_string}\"},\"query-input\":{\"@type\":\"PropertyValueSpecification\",\"valueRequired\":true,\"valueName\":\"search_term_string\"}}],\"inLanguage\":\"fr-FR\"},{\"@type\":\"Organization\",\"@id\":\"https:\/\/www.ybj-printing.com\/#organization\",\"name\":\"YBJ Book Printing\",\"alternateName\":\"YBJ Printing\",\"url\":\"https:\/\/www.ybj-printing.com\/\",\"logo\":{\"@type\":\"ImageObject\",\"inLanguage\":\"fr-FR\",\"@id\":\"https:\/\/www.ybj-printing.com\/#\/schema\/logo\/image\/\",\"url\":\"https:\/\/www.ybj-printing.com\/wp-content\/uploads\/2023\/11\/ybj-logo-old.png\",\"contentUrl\":\"https:\/\/www.ybj-printing.com\/wp-content\/uploads\/2023\/11\/ybj-logo-old.png\",\"width\":504,\"height\":279,\"caption\":\"YBJ Book Printing\"},\"image\":{\"@id\":\"https:\/\/www.ybj-printing.com\/#\/schema\/logo\/image\/\"},\"sameAs\":[\"https:\/\/www.facebook.com\/YBJPrinting\/\",\"https:\/\/www.youtube.com\/channel\/UClmcORiaLAYlsSEdkNZfCMA\/\"]}]}<\/script>\n<!-- \/ Yoast SEO plugin. -->","yoast_head_json":{"title":"Exposed Spine Sketchbook Printing | Custom Open Binding | YBJ","description":"High-quality exposed spine sketchbook printing. Features lay-flat Smyth sewn binding, custom colored threads, and premium uncoated art paper.","robots":{"index":"index","follow":"follow","max-snippet":"max-snippet:-1","max-image-preview":"max-image-preview:large","max-video-preview":"max-video-preview:-1"},"canonical":"https:\/\/www.ybj-printing.com\/fr\/impression\/dos-apparent-smyth-cousu-sketchbook-impression\/","og_locale":"fr_FR","og_type":"article","og_title":"Custom Exposed Spine Smyth Sewn Sketchbook Printing","og_description":"Create custom sketchbooks with open spine binding. 180-degree lay-flat design with customizable thread colors and paper stocks.","og_url":"https:\/\/www.ybj-printing.com\/fr\/impression\/dos-apparent-smyth-cousu-sketchbook-impression\/","og_site_name":"YBJ Book Printing","article_publisher":"https:\/\/www.facebook.com\/YBJPrinting\/","og_image":[{"width":1024,"height":1024,"url":"https:\/\/www.ybj-printing.com\/wp-content\/uploads\/2026\/01\/yapg-exposed-spine-smyth-sewn-artist-sketchbook-replica-20260117-020007.png","type":"image\/png"}],"twitter_card":"summary_large_image","twitter_misc":{"Est. reading time":"2 minutes"},"schema":{"@context":"https:\/\/schema.org","@graph":[{"@type":"WebPage","@id":"https:\/\/www.ybj-printing.com\/printing\/exposed-spine-smyth-sewn-sketchbook-printing\/","url":"https:\/\/www.ybj-printing.com\/printing\/exposed-spine-smyth-sewn-sketchbook-printing\/","name":"Exposed Spine Sketchbook Printing | Custom Open Binding | YBJ","isPartOf":{"@id":"https:\/\/www.ybj-printing.com\/#website"},"primaryImageOfPage":{"@id":"https:\/\/www.ybj-printing.com\/printing\/exposed-spine-smyth-sewn-sketchbook-printing\/#primaryimage"},"image":{"@id":"https:\/\/www.ybj-printing.com\/printing\/exposed-spine-smyth-sewn-sketchbook-printing\/#primaryimage"},"thumbnailUrl":"https:\/\/www.ybj-printing.com\/wp-content\/uploads\/2026\/01\/yapg-exposed-spine-smyth-sewn-artist-sketchbook-replica-20260117-020007.png","datePublished":"2026-01-17T03:59:34+00:00","description":"High-quality exposed spine sketchbook printing. Features lay-flat Smyth sewn binding, custom colored threads, and premium uncoated art paper.","breadcrumb":{"@id":"https:\/\/www.ybj-printing.com\/printing\/exposed-spine-smyth-sewn-sketchbook-printing\/#breadcrumb"},"inLanguage":"fr-FR","potentialAction":[{"@type":"ReadAction","target":["https:\/\/www.ybj-printing.com\/printing\/exposed-spine-smyth-sewn-sketchbook-printing\/"]}]},{"@type":"ImageObject","inLanguage":"fr-FR","@id":"https:\/\/www.ybj-printing.com\/printing\/exposed-spine-smyth-sewn-sketchbook-printing\/#primaryimage","url":"https:\/\/www.ybj-printing.com\/wp-content\/uploads\/2026\/01\/yapg-exposed-spine-smyth-sewn-artist-sketchbook-replica-20260117-020007.png","contentUrl":"https:\/\/www.ybj-printing.com\/wp-content\/uploads\/2026\/01\/yapg-exposed-spine-smyth-sewn-artist-sketchbook-replica-20260117-020007.png","width":1024,"height":1024,"caption":"Exposed Spine Smyth Sewn Artist Sketchbook Replica"},{"@type":"BreadcrumbList","@id":"https:\/\/www.ybj-printing.com\/printing\/exposed-spine-smyth-sewn-sketchbook-printing\/#breadcrumb","itemListElement":[{"@type":"ListItem","position":1,"name":"Home","item":"https:\/\/www.ybj-printing.com\/"},{"@type":"ListItem","position":2,"name":"Products","item":"https:\/\/www.ybj-printing.com\/shop\/"},{"@type":"ListItem","position":3,"name":"Custom Exposed Spine Smyth Sewn Sketchbook Printing"}]},{"@type":"WebSite","@id":"https:\/\/www.ybj-printing.com\/#website","url":"https:\/\/www.ybj-printing.com\/","name":"YBJ Book Printing","description":"China Book Printing Factory","publisher":{"@id":"https:\/\/www.ybj-printing.com\/#organization"},"alternateName":"YBJ Printing","potentialAction":[{"@type":"SearchAction","target":{"@type":"EntryPoint","urlTemplate":"https:\/\/www.ybj-printing.com\/?s={search_term_string}"},"query-input":{"@type":"PropertyValueSpecification","valueRequired":true,"valueName":"search_term_string"}}],"inLanguage":"fr-FR"},{"@type":"Organization","@id":"https:\/\/www.ybj-printing.com\/#organization","name":"YBJ Book Printing","alternateName":"YBJ Printing","url":"https:\/\/www.ybj-printing.com\/","logo":{"@type":"ImageObject","inLanguage":"fr-FR","@id":"https:\/\/www.ybj-printing.com\/#\/schema\/logo\/image\/","url":"https:\/\/www.ybj-printing.com\/wp-content\/uploads\/2023\/11\/ybj-logo-old.png","contentUrl":"https:\/\/www.ybj-printing.com\/wp-content\/uploads\/2023\/11\/ybj-logo-old.png","width":504,"height":279,"caption":"YBJ Book Printing"},"image":{"@id":"https:\/\/www.ybj-printing.com\/#\/schema\/logo\/image\/"},"sameAs":["https:\/\/www.facebook.com\/YBJPrinting\/","https:\/\/www.youtube.com\/channel\/UClmcORiaLAYlsSEdkNZfCMA\/"]}]}},"_links":{"self":[{"href":"https:\/\/www.ybj-printing.com\/fr\/wp-json\/wp\/v2\/product\/32980","targetHints":{"allow":["GET"]}}],"collection":[{"href":"https:\/\/www.ybj-printing.com\/fr\/wp-json\/wp\/v2\/product"}],"about":[{"href":"https:\/\/www.ybj-printing.com\/fr\/wp-json\/wp\/v2\/types\/product"}],"wp:featuredmedia":[{"embeddable":true,"href":"https:\/\/www.ybj-printing.com\/fr\/wp-json\/wp\/v2\/media\/32971"}],"wp:attachment":[{"href":"https:\/\/www.ybj-printing.com\/fr\/wp-json\/wp\/v2\/media?parent=32980"}],"wp:term":[{"taxonomy":"product_brand","embeddable":true,"href":"https:\/\/www.ybj-printing.com\/fr\/wp-json\/wp\/v2\/product_brand?post=32980"},{"taxonomy":"product_cat","embeddable":true,"href":"https:\/\/www.ybj-printing.com\/fr\/wp-json\/wp\/v2\/product_cat?post=32980"},{"taxonomy":"product_tag","embeddable":true,"href":"https:\/\/www.ybj-printing.com\/fr\/wp-json\/wp\/v2\/product_tag?post=32980"}],"curies":[{"name":"wp","href":"https:\/\/api.w.org\/{rel}","templated":true}]}}