{"id":33051,"date":"2026-01-19T10:28:06","date_gmt":"2026-01-19T02:28:06","guid":{"rendered":"https:\/\/www.ybj-printing.com\/?post_type=product&#038;p=33051"},"modified":"2026-01-19T10:28:33","modified_gmt":"2026-01-19T02:28:33","slug":"impression-de-livres-de-cuisine-personnalises-en-quadrichromie-avec-couverture-rigide-spot-uv","status":"publish","type":"product","link":"https:\/\/www.ybj-printing.com\/fr\/impression\/impression-de-livres-de-cuisine-personnalises-en-quadrichromie-avec-couverture-rigide-spot-uv\/","title":{"rendered":"Impression personnalis\u00e9e de livres de poche cartonn\u00e9s en couleur avec Spot UV"},"content":{"rendered":"<h2>Donnez vie \u00e0 votre vision culinaire<\/h2>\n<p>Produisez des livres de recettes de qualit\u00e9 restaurant gr\u00e2ce aux solutions de couverture rigide personnalis\u00e9es d'YBJ Book Printing. Nous sommes sp\u00e9cialis\u00e9s dans l'impression offset haute d\u00e9finition qui capture la texture et la couleur des photographies culinaires, garantissant ainsi que chaque plat soit app\u00e9tissant sur la page. Notre processus de fabrication allie l'attrait esth\u00e9tique \u00e0 la durabilit\u00e9 requise pour un environnement de cuisine fonctionnel.<\/p>\n<h3>Impression offset en quadrichromie<\/h3>\n<p>La photographie alimentaire exige une gestion pr\u00e9cise des couleurs. Nous utilisons une technologie d'impression offset CMJN avanc\u00e9e pour obtenir des couleurs riches et satur\u00e9es et des d\u00e9tails pr\u00e9cis. Qu'il s'agisse de la saisie d'un steak ou du vert vibrant d'herbes fra\u00eeches, notre presse assure la coh\u00e9rence des grands tirages, offrant une profondeur d'image sup\u00e9rieure \u00e0 celle d'une sortie num\u00e9rique standard.<\/p>\n<h3>Bo\u00eetier r\u00e9sistant pour une utilisation en cuisine<\/h3>\n<p>Les livres de cuisine sont faits pour \u00eatre utilis\u00e9s, pas seulement pour \u00eatre expos\u00e9s. Nos livres \u00e0 couverture rigide sont dot\u00e9s d'une reliure robuste (g\u00e9n\u00e9ralement cousue par section) qui assure l'int\u00e9grit\u00e9 de la structure. Cette m\u00e9thode de reliure permet au livre de s'ouvrir largement sans que le dos ne se fende, ce qui permet aux cuisiniers de suivre plus facilement les recettes lorsqu'ils ont les mains occup\u00e9es. La couverture cartonn\u00e9e prot\u00e8ge les pages int\u00e9rieures de l'usure au fil des ann\u00e9es.<\/p>\n<h3>Finitions Premium Spot UV &amp; Cover<\/h3>\n<p>Faites ressortir votre titre gr\u00e2ce \u00e0 des finitions de couverture sp\u00e9cialis\u00e9es. Cet ensemble comprend un vernis UV Spot, qui applique un polym\u00e8re tr\u00e8s brillant \u00e0 des zones sp\u00e9cifiques de la conception, telles que le titre ou une image de h\u00e9ros, sur un fond mat. Au-del\u00e0 du contraste visuel, le pelliculage de la couverture offre une surface lisse et nettoyable \u00e0 l'aide d'un chiffon, offrant la r\u00e9sistance n\u00e9cessaire contre les \u00e9claboussures mineures et les ingr\u00e9dients courants dans les environnements de cuisine.<\/p>\n<h3>Sp\u00e9cifications techniques<\/h3>\n<ul>\n<li><strong>Reliure :<\/strong> Reliure cartonn\u00e9e (section cousue pour plus de durabilit\u00e9)<\/li>\n<li><strong>Finition de la couverture :<\/strong> Pelliculage mat ou soft-touch avec UV Spot haute brillance<\/li>\n<li><strong>Papier int\u00e9rieur :<\/strong> Papier d'art couch\u00e9 (brillant ou mat) recommand\u00e9 pour la clart\u00e9 des photos<\/li>\n<li><strong>Proc\u00e9d\u00e9 d'impression :<\/strong> Couleur CMYK Offset<\/li>\n<li><strong>Personnalisation :<\/strong> Available in standard sizes (A4, 8.5&#8243; x 11&#8243;, 8&#8243; x 10&#8243;) and custom dimensions<\/li>\n<\/ul>","protected":false},"excerpt":{"rendered":"<p>Cr\u00e9ez des collections de recettes de qualit\u00e9 professionnelle gr\u00e2ce \u00e0 nos services d'impression de livres de cuisine personnalis\u00e9s \u00e0 couverture rigide. Con\u00e7us pour un environnement de cuisine rigoureux, ces livres sont dot\u00e9s d'une reliure cartonn\u00e9e durable et d'une impression offset en quadrichromie pour que les photographies de plats soient app\u00e9tissantes et pr\u00e9cises. La couverture est recouverte d'un pelliculage protecteur et rehauss\u00e9e d'un traitement UV ponctuel, offrant une sensation tactile de qualit\u00e9 et une surface nettoyable \u00e0 l'eau qui r\u00e9siste aux \u00e9claboussures et aux taches l\u00e9g\u00e8res. Id\u00e9al pour les chefs, les \u00e9diteurs et les marques culinaires qui ont besoin d'une production de masse de haute qualit\u00e9.<\/p>","protected":false},"featured_media":33047,"template":"","meta":{"_acf_changed":false},"product_brand":[],"product_cat":[127],"product_tag":[450,447,449,304,448,305,451],"class_list":{"0":"post-33051","1":"product","2":"type-product","3":"status-publish","4":"has-post-thumbnail","6":"product_cat-recipe-book-printing","7":"product_tag-case-bound","8":"product_tag-cookbook-printing","9":"product_tag-culinary-book","10":"product_tag-custom-book-printing","11":"product_tag-hardcover-recipe-book","12":"product_tag-offset-printing","13":"product_tag-spot-uv","14":"sales-flash-overlay","15":"woocommerce-text-align-center","16":"woocommerce-image-align-center","17":"do-quantity-buttons","18":"wc-has-gallery","20":"first","21":"instock","22":"shipping-taxable","23":"product-type-simple"},"acf":[],"yoast_head":"<!-- This site is optimized with the Yoast SEO plugin v25.8 - https:\/\/yoast.com\/wordpress\/plugins\/seo\/ -->\n<title>Hardcover Cookbook Printing | Full Color &amp; Spot UV | YBJ<\/title>\n<meta name=\"description\" content=\"Custom hardcover cookbook printing with vibrant full-color offset and durable binding. Features premium Spot UV covers for a wipe-clean finish.\" \/>\n<meta name=\"robots\" content=\"index, follow, max-snippet:-1, max-image-preview:large, max-video-preview:-1\" \/>\n<link rel=\"canonical\" href=\"https:\/\/www.ybj-printing.com\/fr\/impression\/impression-de-livres-de-cuisine-personnalises-en-quadrichromie-avec-couverture-rigide-spot-uv\/\" \/>\n<meta property=\"og:locale\" content=\"fr_FR\" \/>\n<meta property=\"og:type\" content=\"article\" \/>\n<meta property=\"og:title\" content=\"Custom Full Color Hardcover Cookbook Printing with Spot UV\" \/>\n<meta property=\"og:description\" content=\"High-quality offset printing for cookbooks. Features durable case binding and spot UV covers designed for kitchen environments.\" \/>\n<meta property=\"og:url\" content=\"https:\/\/www.ybj-printing.com\/fr\/impression\/impression-de-livres-de-cuisine-personnalises-en-quadrichromie-avec-couverture-rigide-spot-uv\/\" \/>\n<meta property=\"og:site_name\" content=\"YBJ Book Printing\" \/>\n<meta property=\"article:publisher\" content=\"https:\/\/www.facebook.com\/YBJPrinting\/\" \/>\n<meta property=\"article:modified_time\" content=\"2026-01-19T02:28:33+00:00\" \/>\n<meta property=\"og:image\" content=\"https:\/\/www.ybj-printing.com\/wp-content\/uploads\/2026\/01\/yapg-custom-full-color-hardcover-cookbook-printing-with-spot-uv-20260119-022530.png\" \/>\n\t<meta property=\"og:image:width\" content=\"1024\" \/>\n\t<meta property=\"og:image:height\" content=\"1024\" \/>\n\t<meta property=\"og:image:type\" content=\"image\/png\" \/>\n<meta name=\"twitter:card\" content=\"summary_large_image\" \/>\n<meta name=\"twitter:label1\" content=\"Est. reading time\" \/>\n\t<meta name=\"twitter:data1\" content=\"2 minutes\" \/>\n<script type=\"application\/ld+json\" class=\"yoast-schema-graph\">{\"@context\":\"https:\/\/schema.org\",\"@graph\":[{\"@type\":\"WebPage\",\"@id\":\"https:\/\/www.ybj-printing.com\/printing\/custom-full-color-hardcover-cookbook-printing-spot-uv\/\",\"url\":\"https:\/\/www.ybj-printing.com\/printing\/custom-full-color-hardcover-cookbook-printing-spot-uv\/\",\"name\":\"Hardcover Cookbook Printing | Full Color & Spot UV | YBJ\",\"isPartOf\":{\"@id\":\"https:\/\/www.ybj-printing.com\/#website\"},\"primaryImageOfPage\":{\"@id\":\"https:\/\/www.ybj-printing.com\/printing\/custom-full-color-hardcover-cookbook-printing-spot-uv\/#primaryimage\"},\"image\":{\"@id\":\"https:\/\/www.ybj-printing.com\/printing\/custom-full-color-hardcover-cookbook-printing-spot-uv\/#primaryimage\"},\"thumbnailUrl\":\"https:\/\/www.ybj-printing.com\/wp-content\/uploads\/2026\/01\/yapg-custom-full-color-hardcover-cookbook-printing-with-spot-uv-20260119-022530.png\",\"datePublished\":\"2026-01-19T02:28:06+00:00\",\"dateModified\":\"2026-01-19T02:28:33+00:00\",\"description\":\"Custom hardcover cookbook printing with vibrant full-color offset and durable binding. Features premium Spot UV covers for a wipe-clean finish.\",\"breadcrumb\":{\"@id\":\"https:\/\/www.ybj-printing.com\/printing\/custom-full-color-hardcover-cookbook-printing-spot-uv\/#breadcrumb\"},\"inLanguage\":\"fr-FR\",\"potentialAction\":[{\"@type\":\"ReadAction\",\"target\":[\"https:\/\/www.ybj-printing.com\/printing\/custom-full-color-hardcover-cookbook-printing-spot-uv\/\"]}]},{\"@type\":\"ImageObject\",\"inLanguage\":\"fr-FR\",\"@id\":\"https:\/\/www.ybj-printing.com\/printing\/custom-full-color-hardcover-cookbook-printing-spot-uv\/#primaryimage\",\"url\":\"https:\/\/www.ybj-printing.com\/wp-content\/uploads\/2026\/01\/yapg-custom-full-color-hardcover-cookbook-printing-with-spot-uv-20260119-022530.png\",\"contentUrl\":\"https:\/\/www.ybj-printing.com\/wp-content\/uploads\/2026\/01\/yapg-custom-full-color-hardcover-cookbook-printing-with-spot-uv-20260119-022530.png\",\"width\":1024,\"height\":1024,\"caption\":\"Custom Full Color Hardcover Cookbook Printing with Spot UV\"},{\"@type\":\"BreadcrumbList\",\"@id\":\"https:\/\/www.ybj-printing.com\/printing\/custom-full-color-hardcover-cookbook-printing-spot-uv\/#breadcrumb\",\"itemListElement\":[{\"@type\":\"ListItem\",\"position\":1,\"name\":\"Home\",\"item\":\"https:\/\/www.ybj-printing.com\/\"},{\"@type\":\"ListItem\",\"position\":2,\"name\":\"Products\",\"item\":\"https:\/\/www.ybj-printing.com\/shop\/\"},{\"@type\":\"ListItem\",\"position\":3,\"name\":\"Custom Full Color Hardcover Cookbook Printing with Spot UV\"}]},{\"@type\":\"WebSite\",\"@id\":\"https:\/\/www.ybj-printing.com\/#website\",\"url\":\"https:\/\/www.ybj-printing.com\/\",\"name\":\"YBJ Book Printing\",\"description\":\"China Book Printing Factory\",\"publisher\":{\"@id\":\"https:\/\/www.ybj-printing.com\/#organization\"},\"alternateName\":\"YBJ Printing\",\"potentialAction\":[{\"@type\":\"SearchAction\",\"target\":{\"@type\":\"EntryPoint\",\"urlTemplate\":\"https:\/\/www.ybj-printing.com\/?s={search_term_string}\"},\"query-input\":{\"@type\":\"PropertyValueSpecification\",\"valueRequired\":true,\"valueName\":\"search_term_string\"}}],\"inLanguage\":\"fr-FR\"},{\"@type\":\"Organization\",\"@id\":\"https:\/\/www.ybj-printing.com\/#organization\",\"name\":\"YBJ Book Printing\",\"alternateName\":\"YBJ Printing\",\"url\":\"https:\/\/www.ybj-printing.com\/\",\"logo\":{\"@type\":\"ImageObject\",\"inLanguage\":\"fr-FR\",\"@id\":\"https:\/\/www.ybj-printing.com\/#\/schema\/logo\/image\/\",\"url\":\"https:\/\/www.ybj-printing.com\/wp-content\/uploads\/2023\/11\/ybj-logo-old.png\",\"contentUrl\":\"https:\/\/www.ybj-printing.com\/wp-content\/uploads\/2023\/11\/ybj-logo-old.png\",\"width\":504,\"height\":279,\"caption\":\"YBJ Book Printing\"},\"image\":{\"@id\":\"https:\/\/www.ybj-printing.com\/#\/schema\/logo\/image\/\"},\"sameAs\":[\"https:\/\/www.facebook.com\/YBJPrinting\/\",\"https:\/\/www.youtube.com\/channel\/UClmcORiaLAYlsSEdkNZfCMA\/\"]}]}<\/script>\n<!-- \/ Yoast SEO plugin. -->","yoast_head_json":{"title":"Hardcover Cookbook Printing | Full Color & Spot UV | YBJ","description":"Custom hardcover cookbook printing with vibrant full-color offset and durable binding. Features premium Spot UV covers for a wipe-clean finish.","robots":{"index":"index","follow":"follow","max-snippet":"max-snippet:-1","max-image-preview":"max-image-preview:large","max-video-preview":"max-video-preview:-1"},"canonical":"https:\/\/www.ybj-printing.com\/fr\/impression\/impression-de-livres-de-cuisine-personnalises-en-quadrichromie-avec-couverture-rigide-spot-uv\/","og_locale":"fr_FR","og_type":"article","og_title":"Custom Full Color Hardcover Cookbook Printing with Spot UV","og_description":"High-quality offset printing for cookbooks. Features durable case binding and spot UV covers designed for kitchen environments.","og_url":"https:\/\/www.ybj-printing.com\/fr\/impression\/impression-de-livres-de-cuisine-personnalises-en-quadrichromie-avec-couverture-rigide-spot-uv\/","og_site_name":"YBJ Book Printing","article_publisher":"https:\/\/www.facebook.com\/YBJPrinting\/","article_modified_time":"2026-01-19T02:28:33+00:00","og_image":[{"width":1024,"height":1024,"url":"https:\/\/www.ybj-printing.com\/wp-content\/uploads\/2026\/01\/yapg-custom-full-color-hardcover-cookbook-printing-with-spot-uv-20260119-022530.png","type":"image\/png"}],"twitter_card":"summary_large_image","twitter_misc":{"Est. reading time":"2 minutes"},"schema":{"@context":"https:\/\/schema.org","@graph":[{"@type":"WebPage","@id":"https:\/\/www.ybj-printing.com\/printing\/custom-full-color-hardcover-cookbook-printing-spot-uv\/","url":"https:\/\/www.ybj-printing.com\/printing\/custom-full-color-hardcover-cookbook-printing-spot-uv\/","name":"Hardcover Cookbook Printing | Full Color & Spot UV | YBJ","isPartOf":{"@id":"https:\/\/www.ybj-printing.com\/#website"},"primaryImageOfPage":{"@id":"https:\/\/www.ybj-printing.com\/printing\/custom-full-color-hardcover-cookbook-printing-spot-uv\/#primaryimage"},"image":{"@id":"https:\/\/www.ybj-printing.com\/printing\/custom-full-color-hardcover-cookbook-printing-spot-uv\/#primaryimage"},"thumbnailUrl":"https:\/\/www.ybj-printing.com\/wp-content\/uploads\/2026\/01\/yapg-custom-full-color-hardcover-cookbook-printing-with-spot-uv-20260119-022530.png","datePublished":"2026-01-19T02:28:06+00:00","dateModified":"2026-01-19T02:28:33+00:00","description":"Custom hardcover cookbook printing with vibrant full-color offset and durable binding. Features premium Spot UV covers for a wipe-clean finish.","breadcrumb":{"@id":"https:\/\/www.ybj-printing.com\/printing\/custom-full-color-hardcover-cookbook-printing-spot-uv\/#breadcrumb"},"inLanguage":"fr-FR","potentialAction":[{"@type":"ReadAction","target":["https:\/\/www.ybj-printing.com\/printing\/custom-full-color-hardcover-cookbook-printing-spot-uv\/"]}]},{"@type":"ImageObject","inLanguage":"fr-FR","@id":"https:\/\/www.ybj-printing.com\/printing\/custom-full-color-hardcover-cookbook-printing-spot-uv\/#primaryimage","url":"https:\/\/www.ybj-printing.com\/wp-content\/uploads\/2026\/01\/yapg-custom-full-color-hardcover-cookbook-printing-with-spot-uv-20260119-022530.png","contentUrl":"https:\/\/www.ybj-printing.com\/wp-content\/uploads\/2026\/01\/yapg-custom-full-color-hardcover-cookbook-printing-with-spot-uv-20260119-022530.png","width":1024,"height":1024,"caption":"Custom Full Color Hardcover Cookbook Printing with Spot UV"},{"@type":"BreadcrumbList","@id":"https:\/\/www.ybj-printing.com\/printing\/custom-full-color-hardcover-cookbook-printing-spot-uv\/#breadcrumb","itemListElement":[{"@type":"ListItem","position":1,"name":"Home","item":"https:\/\/www.ybj-printing.com\/"},{"@type":"ListItem","position":2,"name":"Products","item":"https:\/\/www.ybj-printing.com\/shop\/"},{"@type":"ListItem","position":3,"name":"Custom Full Color Hardcover Cookbook Printing with Spot UV"}]},{"@type":"WebSite","@id":"https:\/\/www.ybj-printing.com\/#website","url":"https:\/\/www.ybj-printing.com\/","name":"YBJ Book Printing","description":"China Book Printing Factory","publisher":{"@id":"https:\/\/www.ybj-printing.com\/#organization"},"alternateName":"YBJ Printing","potentialAction":[{"@type":"SearchAction","target":{"@type":"EntryPoint","urlTemplate":"https:\/\/www.ybj-printing.com\/?s={search_term_string}"},"query-input":{"@type":"PropertyValueSpecification","valueRequired":true,"valueName":"search_term_string"}}],"inLanguage":"fr-FR"},{"@type":"Organization","@id":"https:\/\/www.ybj-printing.com\/#organization","name":"YBJ Book Printing","alternateName":"YBJ Printing","url":"https:\/\/www.ybj-printing.com\/","logo":{"@type":"ImageObject","inLanguage":"fr-FR","@id":"https:\/\/www.ybj-printing.com\/#\/schema\/logo\/image\/","url":"https:\/\/www.ybj-printing.com\/wp-content\/uploads\/2023\/11\/ybj-logo-old.png","contentUrl":"https:\/\/www.ybj-printing.com\/wp-content\/uploads\/2023\/11\/ybj-logo-old.png","width":504,"height":279,"caption":"YBJ Book Printing"},"image":{"@id":"https:\/\/www.ybj-printing.com\/#\/schema\/logo\/image\/"},"sameAs":["https:\/\/www.facebook.com\/YBJPrinting\/","https:\/\/www.youtube.com\/channel\/UClmcORiaLAYlsSEdkNZfCMA\/"]}]}},"_links":{"self":[{"href":"https:\/\/www.ybj-printing.com\/fr\/wp-json\/wp\/v2\/product\/33051","targetHints":{"allow":["GET"]}}],"collection":[{"href":"https:\/\/www.ybj-printing.com\/fr\/wp-json\/wp\/v2\/product"}],"about":[{"href":"https:\/\/www.ybj-printing.com\/fr\/wp-json\/wp\/v2\/types\/product"}],"wp:featuredmedia":[{"embeddable":true,"href":"https:\/\/www.ybj-printing.com\/fr\/wp-json\/wp\/v2\/media\/33047"}],"wp:attachment":[{"href":"https:\/\/www.ybj-printing.com\/fr\/wp-json\/wp\/v2\/media?parent=33051"}],"wp:term":[{"taxonomy":"product_brand","embeddable":true,"href":"https:\/\/www.ybj-printing.com\/fr\/wp-json\/wp\/v2\/product_brand?post=33051"},{"taxonomy":"product_cat","embeddable":true,"href":"https:\/\/www.ybj-printing.com\/fr\/wp-json\/wp\/v2\/product_cat?post=33051"},{"taxonomy":"product_tag","embeddable":true,"href":"https:\/\/www.ybj-printing.com\/fr\/wp-json\/wp\/v2\/product_tag?post=33051"}],"curies":[{"name":"wp","href":"https:\/\/api.w.org\/{rel}","templated":true}]}}