{"id":33057,"date":"2026-01-19T10:28:47","date_gmt":"2026-01-19T02:28:47","guid":{"rendered":"https:\/\/www.ybj-printing.com\/?post_type=product&#038;p=33057"},"modified":"2026-01-19T10:32:37","modified_gmt":"2026-01-19T02:32:37","slug":"impression-personnalisee-dun-roman-graphique-manga-a-couverture-rigide","status":"publish","type":"product","link":"https:\/\/www.ybj-printing.com\/fr\/impression\/impression-personnalisee-dun-roman-graphique-manga-a-couverture-rigide\/","title":{"rendered":"Impression personnalis\u00e9e de romans graphiques et de mangas \u00e0 couverture rigide"},"content":{"rendered":"<h2>Impression professionnelle pour les bandes dessin\u00e9es et les mangas<\/h2>\n<p>At YBJ Book Printing, we understand that graphic novels and manga require specific material choices to ensure the artwork renders correctly and the book feels right in the reader&#8217;s hands. Our custom softcover printing service is tailored to meet the standards of the comic industry, offering precise ink density control for deep blacks and crisp lines.<\/p>\n<h3>S\u00e9lection optimis\u00e9e du papier<\/h3>\n<p>L'exp\u00e9rience tactile d'un manga ou d'un roman graphique est d\u00e9finie par son papier. Nous utilisons <strong>papier non couch\u00e9 en vrac<\/strong> pour les pages int\u00e9rieures. Ce papier est plus \u00e9pais que le papier offset standard, ce qui conf\u00e8re \u00e0 votre livre une largeur de dos importante et une sensation de qualit\u00e9 sup\u00e9rieure sans ajouter de poids excessif. La surface non couch\u00e9e est id\u00e9ale pour les illustrations en noir et blanc, car elle r\u00e9duit les reflets et emp\u00eache les taches d'encre tout en conservant une grande lisibilit\u00e9.<\/p>\n<h3>Des couvertures \u00e9clatantes et une reliure durable<\/h3>\n<p>Votre couverture doit se d\u00e9marquer. Nous appliquons un <strong>pelliculage brillant<\/strong> Cette finition am\u00e9liore la saturation des couleurs et offre une protection contre les \u00e9raflures et l'humidit\u00e9. Cette finition garantit des noirs profonds et des couleurs \u00e9clatantes en rayon.<\/p>\n<p>Nous utilisons <strong>Reliure rigide PUR<\/strong>L'EVA est une m\u00e9thode d'adh\u00e9sion robuste qui offre une flexibilit\u00e9 et une r\u00e9sistance \u00e0 l'arrachement sup\u00e9rieures \u00e0 celles des colles EVA standard. Les pages restent ainsi bien fix\u00e9es, m\u00eame en cas d'ouvertures et de fermetures fr\u00e9quentes, ce qui convient aux livres comportant un nombre de pages \u00e9lev\u00e9, comme c'est souvent le cas dans le format manga.<\/p>\n<h3>Sp\u00e9cifications techniques<\/h3>\n<ul>\n<li><strong>Type de reliure :<\/strong> Reliure rigide (couverture souple)<\/li>\n<li><strong>Int\u00e9rieur Ink :<\/strong> Noir et blanc haute densit\u00e9 (K-100) ou couleur<\/li>\n<li><strong>Papier int\u00e9rieur :<\/strong> Papier non couch\u00e9 sans bois \u00e0 fort grammage (cr\u00e8me ou blanc)<\/li>\n<li><strong>Finition de la couverture :<\/strong> Lamination brillante (matte disponible sur demande)<\/li>\n<li><strong>Options de taille :<\/strong> Standard Manga (5&#8243; x 7.5&#8243;), US Trade (6&#8243; x 9&#8243;), and custom dimensions.<\/li>\n<\/ul>\n<h3>Avantages de la fabrication directe<\/h3>\n<p>En tant qu'imprimerie sp\u00e9cialis\u00e9e dans l'impression de livres, nous proposons des solutions modulables pour des tirages allant de petits lots ind\u00e9pendants \u00e0 des commandes d'\u00e9dition \u00e0 grande \u00e9chelle. Notre \u00e9quipe de pr\u00e9presse examine les fichiers pour v\u00e9rifier les fonds perdus, les marges et les probl\u00e8mes de r\u00e9solution avant le d\u00e9but de la production, afin que le produit final corresponde \u00e0 votre vision num\u00e9rique.<\/p>","protected":false},"excerpt":{"rendered":"<p>Donnez vie \u00e0 vos histoires illustr\u00e9es gr\u00e2ce \u00e0 l'impression professionnelle de couvertures souples sp\u00e9cialement con\u00e7ues pour les romans graphiques et les mangas. Nous sommes sp\u00e9cialis\u00e9s dans l'impression d'int\u00e9rieurs en noir et blanc tr\u00e8s contrast\u00e9s sur du papier non couch\u00e9 \u00e0 fort grammage, ce qui donne aux lecteurs la sensation et la texture qu'ils attendent des livres de poche. Associ\u00e9 \u00e0 des couvertures lamin\u00e9es brillantes et \u00e0 une reliure cartonn\u00e9e durable, notre service d'impression directe permet aux cr\u00e9ateurs et \u00e9diteurs ind\u00e9pendants d'obtenir des livres de qualit\u00e9 pour la vente au d\u00e9tail.<\/p>","protected":false},"featured_media":33053,"template":"","meta":{"_acf_changed":false},"product_brand":[],"product_cat":[92],"product_tag":[457,456,453,458,452,455,454],"class_list":{"0":"post-33057","1":"product","2":"type-product","3":"status-publish","4":"has-post-thumbnail","6":"product_cat-childrens-book-printing","7":"product_tag-black-and-white-printing","8":"product_tag-comic-book-printing","9":"product_tag-graphic-novel","10":"product_tag-indie-publishing","11":"product_tag-manga-printing","12":"product_tag-perfect-binding","13":"product_tag-softcover","14":"sales-flash-overlay","15":"woocommerce-text-align-center","16":"woocommerce-image-align-center","17":"do-quantity-buttons","18":"wc-has-gallery","20":"first","21":"instock","22":"shipping-taxable","23":"product-type-simple"},"acf":[],"yoast_head":"<!-- This site is optimized with the Yoast SEO plugin v25.8 - https:\/\/yoast.com\/wordpress\/plugins\/seo\/ -->\n<title>Custom Softcover Graphic Novel &amp; Manga Printing | YBJ Printing<\/title>\n<meta name=\"description\" content=\"High-quality manga and graphic novel printing. Features high-bulk uncoated paper, glossy covers, and durable Hardcover binding for indie creators.\" \/>\n<meta name=\"robots\" content=\"index, follow, max-snippet:-1, max-image-preview:large, max-video-preview:-1\" \/>\n<link rel=\"canonical\" href=\"https:\/\/www.ybj-printing.com\/fr\/impression\/impression-personnalisee-dun-roman-graphique-manga-a-couverture-rigide\/\" \/>\n<meta property=\"og:locale\" content=\"fr_FR\" \/>\n<meta property=\"og:type\" content=\"article\" \/>\n<meta property=\"og:title\" content=\"Custom Softcover Graphic Novel &amp; Manga Printing Services\" \/>\n<meta property=\"og:description\" content=\"Factory-direct printing for comics and manga. Specialized high-bulk paper and vibrant glossy covers.\" \/>\n<meta property=\"og:url\" content=\"https:\/\/www.ybj-printing.com\/fr\/impression\/impression-personnalisee-dun-roman-graphique-manga-a-couverture-rigide\/\" \/>\n<meta property=\"og:site_name\" content=\"YBJ Book Printing\" \/>\n<meta property=\"article:publisher\" content=\"https:\/\/www.facebook.com\/YBJPrinting\/\" \/>\n<meta property=\"article:modified_time\" content=\"2026-01-19T02:32:37+00:00\" \/>\n<meta property=\"og:image\" content=\"https:\/\/www.ybj-printing.com\/wp-content\/uploads\/2026\/01\/yapg-gallery-20-1-20260119-022802.png\" \/>\n\t<meta property=\"og:image:width\" content=\"1024\" \/>\n\t<meta property=\"og:image:height\" content=\"1024\" \/>\n\t<meta property=\"og:image:type\" content=\"image\/png\" \/>\n<meta name=\"twitter:card\" content=\"summary_large_image\" \/>\n<meta name=\"twitter:label1\" content=\"Est. reading time\" \/>\n\t<meta name=\"twitter:data1\" content=\"2 minutes\" \/>\n<script type=\"application\/ld+json\" class=\"yoast-schema-graph\">{\"@context\":\"https:\/\/schema.org\",\"@graph\":[{\"@type\":\"WebPage\",\"@id\":\"https:\/\/www.ybj-printing.com\/printing\/custom-hardcover-graphic-novel-manga-printing\/\",\"url\":\"https:\/\/www.ybj-printing.com\/printing\/custom-hardcover-graphic-novel-manga-printing\/\",\"name\":\"Custom Softcover Graphic Novel & Manga Printing | YBJ Printing\",\"isPartOf\":{\"@id\":\"https:\/\/www.ybj-printing.com\/#website\"},\"primaryImageOfPage\":{\"@id\":\"https:\/\/www.ybj-printing.com\/printing\/custom-hardcover-graphic-novel-manga-printing\/#primaryimage\"},\"image\":{\"@id\":\"https:\/\/www.ybj-printing.com\/printing\/custom-hardcover-graphic-novel-manga-printing\/#primaryimage\"},\"thumbnailUrl\":\"https:\/\/www.ybj-printing.com\/wp-content\/uploads\/2026\/01\/yapg-gallery-20-1-20260119-022802.png\",\"datePublished\":\"2026-01-19T02:28:47+00:00\",\"dateModified\":\"2026-01-19T02:32:37+00:00\",\"description\":\"High-quality manga and graphic novel printing. Features high-bulk uncoated paper, glossy covers, and durable Hardcover binding for indie creators.\",\"breadcrumb\":{\"@id\":\"https:\/\/www.ybj-printing.com\/printing\/custom-hardcover-graphic-novel-manga-printing\/#breadcrumb\"},\"inLanguage\":\"fr-FR\",\"potentialAction\":[{\"@type\":\"ReadAction\",\"target\":[\"https:\/\/www.ybj-printing.com\/printing\/custom-hardcover-graphic-novel-manga-printing\/\"]}]},{\"@type\":\"ImageObject\",\"inLanguage\":\"fr-FR\",\"@id\":\"https:\/\/www.ybj-printing.com\/printing\/custom-hardcover-graphic-novel-manga-printing\/#primaryimage\",\"url\":\"https:\/\/www.ybj-printing.com\/wp-content\/uploads\/2026\/01\/yapg-gallery-20-1-20260119-022802.png\",\"contentUrl\":\"https:\/\/www.ybj-printing.com\/wp-content\/uploads\/2026\/01\/yapg-gallery-20-1-20260119-022802.png\",\"width\":1024,\"height\":1024,\"caption\":\"gallery-20-1\"},{\"@type\":\"BreadcrumbList\",\"@id\":\"https:\/\/www.ybj-printing.com\/printing\/custom-hardcover-graphic-novel-manga-printing\/#breadcrumb\",\"itemListElement\":[{\"@type\":\"ListItem\",\"position\":1,\"name\":\"Home\",\"item\":\"https:\/\/www.ybj-printing.com\/\"},{\"@type\":\"ListItem\",\"position\":2,\"name\":\"Products\",\"item\":\"https:\/\/www.ybj-printing.com\/shop\/\"},{\"@type\":\"ListItem\",\"position\":3,\"name\":\"Custom Hardcover Graphic Novel &amp; Manga Printing\"}]},{\"@type\":\"WebSite\",\"@id\":\"https:\/\/www.ybj-printing.com\/#website\",\"url\":\"https:\/\/www.ybj-printing.com\/\",\"name\":\"YBJ Book Printing\",\"description\":\"China Book Printing Factory\",\"publisher\":{\"@id\":\"https:\/\/www.ybj-printing.com\/#organization\"},\"alternateName\":\"YBJ Printing\",\"potentialAction\":[{\"@type\":\"SearchAction\",\"target\":{\"@type\":\"EntryPoint\",\"urlTemplate\":\"https:\/\/www.ybj-printing.com\/?s={search_term_string}\"},\"query-input\":{\"@type\":\"PropertyValueSpecification\",\"valueRequired\":true,\"valueName\":\"search_term_string\"}}],\"inLanguage\":\"fr-FR\"},{\"@type\":\"Organization\",\"@id\":\"https:\/\/www.ybj-printing.com\/#organization\",\"name\":\"YBJ Book Printing\",\"alternateName\":\"YBJ Printing\",\"url\":\"https:\/\/www.ybj-printing.com\/\",\"logo\":{\"@type\":\"ImageObject\",\"inLanguage\":\"fr-FR\",\"@id\":\"https:\/\/www.ybj-printing.com\/#\/schema\/logo\/image\/\",\"url\":\"https:\/\/www.ybj-printing.com\/wp-content\/uploads\/2023\/11\/ybj-logo-old.png\",\"contentUrl\":\"https:\/\/www.ybj-printing.com\/wp-content\/uploads\/2023\/11\/ybj-logo-old.png\",\"width\":504,\"height\":279,\"caption\":\"YBJ Book Printing\"},\"image\":{\"@id\":\"https:\/\/www.ybj-printing.com\/#\/schema\/logo\/image\/\"},\"sameAs\":[\"https:\/\/www.facebook.com\/YBJPrinting\/\",\"https:\/\/www.youtube.com\/channel\/UClmcORiaLAYlsSEdkNZfCMA\/\"]}]}<\/script>\n<!-- \/ Yoast SEO plugin. -->","yoast_head_json":{"title":"Custom Softcover Graphic Novel & Manga Printing | YBJ Printing","description":"High-quality manga and graphic novel printing. Features high-bulk uncoated paper, glossy covers, and durable Hardcover binding for indie creators.","robots":{"index":"index","follow":"follow","max-snippet":"max-snippet:-1","max-image-preview":"max-image-preview:large","max-video-preview":"max-video-preview:-1"},"canonical":"https:\/\/www.ybj-printing.com\/fr\/impression\/impression-personnalisee-dun-roman-graphique-manga-a-couverture-rigide\/","og_locale":"fr_FR","og_type":"article","og_title":"Custom Softcover Graphic Novel & Manga Printing Services","og_description":"Factory-direct printing for comics and manga. Specialized high-bulk paper and vibrant glossy covers.","og_url":"https:\/\/www.ybj-printing.com\/fr\/impression\/impression-personnalisee-dun-roman-graphique-manga-a-couverture-rigide\/","og_site_name":"YBJ Book Printing","article_publisher":"https:\/\/www.facebook.com\/YBJPrinting\/","article_modified_time":"2026-01-19T02:32:37+00:00","og_image":[{"width":1024,"height":1024,"url":"https:\/\/www.ybj-printing.com\/wp-content\/uploads\/2026\/01\/yapg-gallery-20-1-20260119-022802.png","type":"image\/png"}],"twitter_card":"summary_large_image","twitter_misc":{"Est. reading time":"2 minutes"},"schema":{"@context":"https:\/\/schema.org","@graph":[{"@type":"WebPage","@id":"https:\/\/www.ybj-printing.com\/printing\/custom-hardcover-graphic-novel-manga-printing\/","url":"https:\/\/www.ybj-printing.com\/printing\/custom-hardcover-graphic-novel-manga-printing\/","name":"Custom Softcover Graphic Novel & Manga Printing | YBJ Printing","isPartOf":{"@id":"https:\/\/www.ybj-printing.com\/#website"},"primaryImageOfPage":{"@id":"https:\/\/www.ybj-printing.com\/printing\/custom-hardcover-graphic-novel-manga-printing\/#primaryimage"},"image":{"@id":"https:\/\/www.ybj-printing.com\/printing\/custom-hardcover-graphic-novel-manga-printing\/#primaryimage"},"thumbnailUrl":"https:\/\/www.ybj-printing.com\/wp-content\/uploads\/2026\/01\/yapg-gallery-20-1-20260119-022802.png","datePublished":"2026-01-19T02:28:47+00:00","dateModified":"2026-01-19T02:32:37+00:00","description":"High-quality manga and graphic novel printing. Features high-bulk uncoated paper, glossy covers, and durable Hardcover binding for indie creators.","breadcrumb":{"@id":"https:\/\/www.ybj-printing.com\/printing\/custom-hardcover-graphic-novel-manga-printing\/#breadcrumb"},"inLanguage":"fr-FR","potentialAction":[{"@type":"ReadAction","target":["https:\/\/www.ybj-printing.com\/printing\/custom-hardcover-graphic-novel-manga-printing\/"]}]},{"@type":"ImageObject","inLanguage":"fr-FR","@id":"https:\/\/www.ybj-printing.com\/printing\/custom-hardcover-graphic-novel-manga-printing\/#primaryimage","url":"https:\/\/www.ybj-printing.com\/wp-content\/uploads\/2026\/01\/yapg-gallery-20-1-20260119-022802.png","contentUrl":"https:\/\/www.ybj-printing.com\/wp-content\/uploads\/2026\/01\/yapg-gallery-20-1-20260119-022802.png","width":1024,"height":1024,"caption":"gallery-20-1"},{"@type":"BreadcrumbList","@id":"https:\/\/www.ybj-printing.com\/printing\/custom-hardcover-graphic-novel-manga-printing\/#breadcrumb","itemListElement":[{"@type":"ListItem","position":1,"name":"Home","item":"https:\/\/www.ybj-printing.com\/"},{"@type":"ListItem","position":2,"name":"Products","item":"https:\/\/www.ybj-printing.com\/shop\/"},{"@type":"ListItem","position":3,"name":"Custom Hardcover Graphic Novel &amp; Manga Printing"}]},{"@type":"WebSite","@id":"https:\/\/www.ybj-printing.com\/#website","url":"https:\/\/www.ybj-printing.com\/","name":"YBJ Book Printing","description":"China Book Printing Factory","publisher":{"@id":"https:\/\/www.ybj-printing.com\/#organization"},"alternateName":"YBJ Printing","potentialAction":[{"@type":"SearchAction","target":{"@type":"EntryPoint","urlTemplate":"https:\/\/www.ybj-printing.com\/?s={search_term_string}"},"query-input":{"@type":"PropertyValueSpecification","valueRequired":true,"valueName":"search_term_string"}}],"inLanguage":"fr-FR"},{"@type":"Organization","@id":"https:\/\/www.ybj-printing.com\/#organization","name":"YBJ Book Printing","alternateName":"YBJ Printing","url":"https:\/\/www.ybj-printing.com\/","logo":{"@type":"ImageObject","inLanguage":"fr-FR","@id":"https:\/\/www.ybj-printing.com\/#\/schema\/logo\/image\/","url":"https:\/\/www.ybj-printing.com\/wp-content\/uploads\/2023\/11\/ybj-logo-old.png","contentUrl":"https:\/\/www.ybj-printing.com\/wp-content\/uploads\/2023\/11\/ybj-logo-old.png","width":504,"height":279,"caption":"YBJ Book Printing"},"image":{"@id":"https:\/\/www.ybj-printing.com\/#\/schema\/logo\/image\/"},"sameAs":["https:\/\/www.facebook.com\/YBJPrinting\/","https:\/\/www.youtube.com\/channel\/UClmcORiaLAYlsSEdkNZfCMA\/"]}]}},"_links":{"self":[{"href":"https:\/\/www.ybj-printing.com\/fr\/wp-json\/wp\/v2\/product\/33057","targetHints":{"allow":["GET"]}}],"collection":[{"href":"https:\/\/www.ybj-printing.com\/fr\/wp-json\/wp\/v2\/product"}],"about":[{"href":"https:\/\/www.ybj-printing.com\/fr\/wp-json\/wp\/v2\/types\/product"}],"wp:featuredmedia":[{"embeddable":true,"href":"https:\/\/www.ybj-printing.com\/fr\/wp-json\/wp\/v2\/media\/33053"}],"wp:attachment":[{"href":"https:\/\/www.ybj-printing.com\/fr\/wp-json\/wp\/v2\/media?parent=33057"}],"wp:term":[{"taxonomy":"product_brand","embeddable":true,"href":"https:\/\/www.ybj-printing.com\/fr\/wp-json\/wp\/v2\/product_brand?post=33057"},{"taxonomy":"product_cat","embeddable":true,"href":"https:\/\/www.ybj-printing.com\/fr\/wp-json\/wp\/v2\/product_cat?post=33057"},{"taxonomy":"product_tag","embeddable":true,"href":"https:\/\/www.ybj-printing.com\/fr\/wp-json\/wp\/v2\/product_tag?post=33057"}],"curies":[{"name":"wp","href":"https:\/\/api.w.org\/{rel}","templated":true}]}}